{"id":2993,"date":"2024-02-05T16:39:20","date_gmt":"2024-02-05T15:39:20","guid":{"rendered":"https:\/\/doga1.etarom.it\/?page_id=2993"},"modified":"2024-02-07T16:40:14","modified_gmt":"2024-02-07T15:40:14","slug":"territory-6","status":"publish","type":"page","link":"https:\/\/doga1.etarom.it\/en\/territory-6\/","title":{"rendered":"Shop"},"content":{"rendered":"<div data-elementor-type=\"wp-page\" data-elementor-id=\"2993\" class=\"elementor elementor-2993\">\n\t\t\t\t<div class=\"elementor-element elementor-element-5c541f4 e-flex e-con-boxed e-con e-parent\" data-id=\"5c541f4\" data-element_type=\"container\" data-e-type=\"container\">\n\t\t\t\t\t<div class=\"e-con-inner\">\n\t\t\t\t<div class=\"elementor-element elementor-element-ca60445 elementor-widget elementor-widget-text-editor\" data-id=\"ca60445\" data-element_type=\"widget\" data-e-type=\"widget\" data-widget_type=\"text-editor.default\">\n\t\t\t\t<div class=\"elementor-widget-container\">\n\t\t\t\t\t\t\t\t\t<p>Sull&#8217;Appennino Tosco Emiliano, famiglie di pastori e casari lavorano, oggi come un secolo fa, per regalarci prodotti di eccellenza. <strong>Ricotta, yogurt, cacio genuini<\/strong> e di qualit\u00e0. Ma il re dei formaggi \u00e8 lui, il <strong>Pecorino della Montagna Pistoiese<\/strong>, <a href=\"https:\/\/www.fondazioneslowfood.com\/it\/presidi-slow-food\/pecorino-della-montagna-pistoiese\/\" target=\"_blank\" rel=\"noopener\">presidio Slow Food<\/a>. La sua particolarit\u00e0 \u00e8 il latte crudo, impiegato nella preparazione.\u00a0<span style=\"color: var( --e-global-color-text ); text-align: var(--text-align);\">Con il latte delle massesi, munto spesso a mano, si producono tre tipi di pecorino: il fresco, l\u2019abbucciato e il pecorino da asserbo.<\/span><\/p>\t\t\t\t\t\t\t\t<\/div>\n\t\t\t\t<\/div>\n\t\t\t\t\t<\/div>\n\t\t\t\t<\/div>\n\t\t<div class=\"elementor-element elementor-element-69a7592 e-flex e-con-boxed e-con e-parent\" data-id=\"69a7592\" data-element_type=\"container\" data-e-type=\"container\">\n\t\t\t\t\t<div class=\"e-con-inner\">\n\t\t\t\t<div class=\"elementor-element elementor-element-e33386b elementor-arrows-position-inside elementor-widget elementor-widget-image-carousel\" data-id=\"e33386b\" data-element_type=\"widget\" data-e-type=\"widget\" data-settings=\"{&quot;slides_to_show&quot;:&quot;1&quot;,&quot;navigation&quot;:&quot;arrows&quot;,&quot;autoplay&quot;:&quot;yes&quot;,&quot;pause_on_hover&quot;:&quot;yes&quot;,&quot;pause_on_interaction&quot;:&quot;yes&quot;,&quot;autoplay_speed&quot;:5000,&quot;infinite&quot;:&quot;yes&quot;,&quot;effect&quot;:&quot;slide&quot;,&quot;speed&quot;:500}\" data-widget_type=\"image-carousel.default\">\n\t\t\t\t<div class=\"elementor-widget-container\">\n\t\t\t\t\t\t\t<div class=\"elementor-image-carousel-wrapper swiper\" role=\"region\" aria-roledescription=\"carousel\" aria-label=\"Carosello d&#039;immagini\" dir=\"ltr\">\n\t\t\t<div class=\"elementor-image-carousel swiper-wrapper swiper-image-stretch\" aria-live=\"off\">\n\t\t\t\t\t\t\t\t<div class=\"swiper-slide\" role=\"group\" aria-roledescription=\"slide\" aria-label=\"1 di 8\"><figure class=\"swiper-slide-inner\"><img decoding=\"async\" class=\"swiper-slide-image\" src=\"https:\/\/doga1.etarom.it\/wp-content\/uploads\/2024\/02\/Prodotti-2-13-768x512.jpg\" alt=\"Prodotti del territorio alla Doganaccia. Comune di Abetone Cutigliano, Appennino Tosco Emiliano, Italia\" \/><\/figure><\/div><div class=\"swiper-slide\" role=\"group\" aria-roledescription=\"slide\" aria-label=\"2 di 8\"><figure class=\"swiper-slide-inner\"><img decoding=\"async\" class=\"swiper-slide-image\" src=\"https:\/\/doga1.etarom.it\/wp-content\/uploads\/2024\/02\/Prodotti-2-2-768x512.jpg\" alt=\"Prodotti del territorio alla Doganaccia. Comune di Abetone Cutigliano, Appennino Tosco Emiliano, Italia\" \/><\/figure><\/div><div class=\"swiper-slide\" role=\"group\" aria-roledescription=\"slide\" aria-label=\"3 di 8\"><figure class=\"swiper-slide-inner\"><img decoding=\"async\" class=\"swiper-slide-image\" src=\"https:\/\/doga1.etarom.it\/wp-content\/uploads\/2024\/02\/Prodotti-2-9-768x512.jpg\" alt=\"Prodotti del territorio alla Doganaccia. Comune di Abetone Cutigliano, Appennino Tosco Emiliano, Italia\" \/><\/figure><\/div><div class=\"swiper-slide\" role=\"group\" aria-roledescription=\"slide\" aria-label=\"4 di 8\"><figure class=\"swiper-slide-inner\"><img decoding=\"async\" class=\"swiper-slide-image\" src=\"https:\/\/doga1.etarom.it\/wp-content\/uploads\/2024\/02\/Prodotti-2-11-768x512.jpg\" alt=\"Prodotti del territorio alla Doganaccia. Comune di Abetone Cutigliano, Appennino Tosco Emiliano, Italia\" \/><\/figure><\/div><div class=\"swiper-slide\" role=\"group\" aria-roledescription=\"slide\" aria-label=\"5 di 8\"><figure class=\"swiper-slide-inner\"><img decoding=\"async\" class=\"swiper-slide-image\" src=\"https:\/\/doga1.etarom.it\/wp-content\/uploads\/2024\/02\/Prodotti-2-8-768x512.jpg\" alt=\"Prodotti del territorio alla Doganaccia. Comune di Abetone Cutigliano, Appennino Tosco Emiliano, Italia\" \/><\/figure><\/div><div class=\"swiper-slide\" role=\"group\" aria-roledescription=\"slide\" aria-label=\"6 di 8\"><figure class=\"swiper-slide-inner\"><img decoding=\"async\" class=\"swiper-slide-image\" src=\"https:\/\/doga1.etarom.it\/wp-content\/uploads\/2024\/02\/Prodotti-10-768x512.jpg\" alt=\"Prodotti del territorio alla Doganaccia. Comune di Abetone Cutigliano, Appennino Tosco Emiliano, Italia\" \/><\/figure><\/div><div class=\"swiper-slide\" role=\"group\" aria-roledescription=\"slide\" aria-label=\"7 di 8\"><figure class=\"swiper-slide-inner\"><img decoding=\"async\" class=\"swiper-slide-image\" src=\"https:\/\/doga1.etarom.it\/wp-content\/uploads\/2024\/02\/Prodotti-1-768x512.jpg\" alt=\"Prodotti del territorio alla Doganaccia. Comune di Abetone Cutigliano, Appennino Tosco Emiliano, Italia\" \/><\/figure><\/div><div class=\"swiper-slide\" role=\"group\" aria-roledescription=\"slide\" aria-label=\"8 di 8\"><figure class=\"swiper-slide-inner\"><img decoding=\"async\" class=\"swiper-slide-image\" src=\"https:\/\/doga1.etarom.it\/wp-content\/uploads\/2024\/02\/Prodotti-3-768x512.jpg\" alt=\"Prodotti del territorio alla Doganaccia. Comune di Abetone Cutigliano, Appennino Tosco Emiliano, Italia\" \/><\/figure><\/div>\t\t\t<\/div>\n\t\t\t\t\t\t\t\t\t\t\t\t<div class=\"elementor-swiper-button elementor-swiper-button-prev\" role=\"button\" tabindex=\"0\">\n\t\t\t\t\t\t<svg aria-hidden=\"true\" class=\"e-font-icon-svg e-eicon-chevron-left\" viewbox=\"0 0 1000 1000\" xmlns=\"http:\/\/www.w3.org\/2000\/svg\"><path d=\"M646 125C629 125 613 133 604 142L308 442C296 454 292 471 292 487 292 504 296 521 308 533L604 854C617 867 629 875 646 875 663 875 679 871 692 858 704 846 713 829 713 812 713 796 708 779 692 767L438 487 692 225C700 217 708 204 708 187 708 171 704 154 692 142 675 129 663 125 646 125Z\"><\/path><\/svg>\t\t\t\t\t<\/div>\n\t\t\t\t\t<div class=\"elementor-swiper-button elementor-swiper-button-next\" role=\"button\" tabindex=\"0\">\n\t\t\t\t\t\t<svg aria-hidden=\"true\" class=\"e-font-icon-svg e-eicon-chevron-right\" viewbox=\"0 0 1000 1000\" xmlns=\"http:\/\/www.w3.org\/2000\/svg\"><path d=\"M696 533C708 521 713 504 713 487 713 471 708 454 696 446L400 146C388 133 375 125 354 125 338 125 325 129 313 142 300 154 292 171 292 187 292 204 296 221 308 233L563 492 304 771C292 783 288 800 288 817 288 833 296 850 308 863 321 871 338 875 354 875 371 875 388 867 400 854L696 533Z\"><\/path><\/svg>\t\t\t\t\t<\/div>\n\t\t\t\t\n\t\t\t\t\t\t\t\t\t<\/div>\n\t\t\t\t\t\t<\/div>\n\t\t\t\t<\/div>\n\t\t\t\t\t<\/div>\n\t\t\t\t<\/div>\n\t\t<div class=\"elementor-element elementor-element-a736f82 e-flex e-con-boxed e-con e-parent\" data-id=\"a736f82\" data-element_type=\"container\" data-e-type=\"container\">\n\t\t\t\t\t<div class=\"e-con-inner\">\n\t\t\t\t<div class=\"elementor-element elementor-element-6b39c72 elementor-widget elementor-widget-text-editor\" data-id=\"6b39c72\" data-element_type=\"widget\" data-e-type=\"widget\" data-widget_type=\"text-editor.default\">\n\t\t\t\t<div class=\"elementor-widget-container\">\n\t\t\t\t\t\t\t\t\t<p>D&#8217;eccellenza sono i <b>frutti del sottobosco<\/b>: lamponi, more, fragole, ribes ma soprattutto mirtilli neri selvatici, da mangiare al naturale o sotto forma di confettura.&nbsp;<\/p>\t\t\t\t\t\t\t\t<\/div>\n\t\t\t\t<\/div>\n\t\t\t\t\t<\/div>\n\t\t\t\t<\/div>\n\t\t<div class=\"elementor-element elementor-element-264a567 e-flex e-con-boxed e-con e-parent\" data-id=\"264a567\" data-element_type=\"container\" data-e-type=\"container\">\n\t\t\t\t\t<div class=\"e-con-inner\">\n\t\t\t\t<div class=\"elementor-element elementor-element-899a3d7 elementor-widget elementor-widget-text-editor\" data-id=\"899a3d7\" data-element_type=\"widget\" data-e-type=\"widget\" data-widget_type=\"text-editor.default\">\n\t\t\t\t<div class=\"elementor-widget-container\">\n\t\t\t\t\t\t\t\t\t<p>Non possiamo dimenticare la <b>farina di castagne<\/b>, con cui preparare squisiti necci e castagnacci, e i <b>funghi<\/b>, freschi oppure secchi.<\/p>\t\t\t\t\t\t\t\t<\/div>\n\t\t\t\t<\/div>\n\t\t\t\t\t<\/div>\n\t\t\t\t<\/div>\n\t\t<div class=\"elementor-element elementor-element-3d338ff e-flex e-con-boxed e-con e-parent\" data-id=\"3d338ff\" data-element_type=\"container\" data-e-type=\"container\">\n\t\t\t\t\t<div class=\"e-con-inner\">\n\t\t\t\t<div class=\"elementor-element elementor-element-9b8230b elementor-arrows-position-inside elementor-widget elementor-widget-image-carousel\" data-id=\"9b8230b\" data-element_type=\"widget\" data-e-type=\"widget\" data-settings=\"{&quot;slides_to_show&quot;:&quot;1&quot;,&quot;navigation&quot;:&quot;arrows&quot;,&quot;autoplay&quot;:&quot;yes&quot;,&quot;pause_on_hover&quot;:&quot;yes&quot;,&quot;pause_on_interaction&quot;:&quot;yes&quot;,&quot;autoplay_speed&quot;:5000,&quot;infinite&quot;:&quot;yes&quot;,&quot;effect&quot;:&quot;slide&quot;,&quot;speed&quot;:500}\" data-widget_type=\"image-carousel.default\">\n\t\t\t\t<div class=\"elementor-widget-container\">\n\t\t\t\t\t\t\t<div class=\"elementor-image-carousel-wrapper swiper\" role=\"region\" aria-roledescription=\"carousel\" aria-label=\"Carosello d&#039;immagini\" dir=\"ltr\">\n\t\t\t<div class=\"elementor-image-carousel swiper-wrapper swiper-image-stretch\" aria-live=\"off\">\n\t\t\t\t\t\t\t\t<div class=\"swiper-slide\" role=\"group\" aria-roledescription=\"slide\" aria-label=\"1 di 5\"><figure class=\"swiper-slide-inner\"><img decoding=\"async\" class=\"swiper-slide-image\" src=\"https:\/\/doga1.etarom.it\/wp-content\/uploads\/2024\/02\/Prodotti-12-768x512.jpg\" alt=\"Prodotti del territorio alla Doganaccia. Comune di Abetone Cutigliano, Appennino Tosco Emiliano, Italia\" \/><\/figure><\/div><div class=\"swiper-slide\" role=\"group\" aria-roledescription=\"slide\" aria-label=\"2 di 5\"><figure class=\"swiper-slide-inner\"><img decoding=\"async\" class=\"swiper-slide-image\" src=\"https:\/\/doga1.etarom.it\/wp-content\/uploads\/2024\/02\/Prodotti-9-768x512.jpg\" alt=\"Prodotti del territorio alla Doganaccia. Comune di Abetone Cutigliano, Appennino Tosco Emiliano, Italia\" \/><\/figure><\/div><div class=\"swiper-slide\" role=\"group\" aria-roledescription=\"slide\" aria-label=\"3 di 5\"><figure class=\"swiper-slide-inner\"><img decoding=\"async\" class=\"swiper-slide-image\" src=\"https:\/\/doga1.etarom.it\/wp-content\/uploads\/2024\/02\/Prodotti-4-768x512.jpg\" alt=\"Prodotti del territorio alla Doganaccia. Comune di Abetone Cutigliano, Appennino Tosco Emiliano, Italia\" \/><\/figure><\/div><div class=\"swiper-slide\" role=\"group\" aria-roledescription=\"slide\" aria-label=\"4 di 5\"><figure class=\"swiper-slide-inner\"><img decoding=\"async\" class=\"swiper-slide-image\" src=\"https:\/\/doga1.etarom.it\/wp-content\/uploads\/2024\/02\/Prodotti-1-768x512.jpg\" alt=\"Prodotti del territorio alla Doganaccia. Comune di Abetone Cutigliano, Appennino Tosco Emiliano, Italia\" \/><\/figure><\/div><div class=\"swiper-slide\" role=\"group\" aria-roledescription=\"slide\" aria-label=\"5 di 5\"><figure class=\"swiper-slide-inner\"><img decoding=\"async\" class=\"swiper-slide-image\" src=\"https:\/\/doga1.etarom.it\/wp-content\/uploads\/2024\/02\/Prodotti-11-768x512.jpg\" alt=\"Prodotti del territorio alla Doganaccia. Comune di Abetone Cutigliano, Appennino Tosco Emiliano, Italia\" \/><\/figure><\/div>\t\t\t<\/div>\n\t\t\t\t\t\t\t\t\t\t\t\t<div class=\"elementor-swiper-button elementor-swiper-button-prev\" role=\"button\" tabindex=\"0\">\n\t\t\t\t\t\t<svg aria-hidden=\"true\" class=\"e-font-icon-svg e-eicon-chevron-left\" viewbox=\"0 0 1000 1000\" xmlns=\"http:\/\/www.w3.org\/2000\/svg\"><path d=\"M646 125C629 125 613 133 604 142L308 442C296 454 292 471 292 487 292 504 296 521 308 533L604 854C617 867 629 875 646 875 663 875 679 871 692 858 704 846 713 829 713 812 713 796 708 779 692 767L438 487 692 225C700 217 708 204 708 187 708 171 704 154 692 142 675 129 663 125 646 125Z\"><\/path><\/svg>\t\t\t\t\t<\/div>\n\t\t\t\t\t<div class=\"elementor-swiper-button elementor-swiper-button-next\" role=\"button\" tabindex=\"0\">\n\t\t\t\t\t\t<svg aria-hidden=\"true\" class=\"e-font-icon-svg e-eicon-chevron-right\" viewbox=\"0 0 1000 1000\" xmlns=\"http:\/\/www.w3.org\/2000\/svg\"><path d=\"M696 533C708 521 713 504 713 487 713 471 708 454 696 446L400 146C388 133 375 125 354 125 338 125 325 129 313 142 300 154 292 171 292 187 292 204 296 221 308 233L563 492 304 771C292 783 288 800 288 817 288 833 296 850 308 863 321 871 338 875 354 875 371 875 388 867 400 854L696 533Z\"><\/path><\/svg>\t\t\t\t\t<\/div>\n\t\t\t\t\n\t\t\t\t\t\t\t\t\t<\/div>\n\t\t\t\t\t\t<\/div>\n\t\t\t\t<\/div>\n\t\t\t\t\t<\/div>\n\t\t\t\t<\/div>\n\t\t<div class=\"elementor-element elementor-element-8e6cdc5 e-flex e-con-boxed e-con e-parent\" data-id=\"8e6cdc5\" data-element_type=\"container\" data-e-type=\"container\">\n\t\t\t\t\t<div class=\"e-con-inner\">\n\t\t\t\t<div class=\"elementor-element elementor-element-065311f elementor-widget elementor-widget-text-editor\" data-id=\"065311f\" data-element_type=\"widget\" data-e-type=\"widget\" data-widget_type=\"text-editor.default\">\n\t\t\t\t<div class=\"elementor-widget-container\">\n\t\t\t\t\t\t\t\t\t<p>Nel <b>nostro shop<\/b> troverete tutte le eccellenze gastronomiche del territorio, per portare a casa un pezzetto, prelibato, di montagna.<\/p>\t\t\t\t\t\t\t\t<\/div>\n\t\t\t\t<\/div>\n\t\t\t\t<div class=\"elementor-element elementor-element-2e2d183 elementor-widget elementor-widget-heading\" data-id=\"2e2d183\" data-element_type=\"widget\" data-e-type=\"widget\" data-widget_type=\"heading.default\">\n\t\t\t\t<div class=\"elementor-widget-container\">\n\t\t\t\t\t<h4 class=\"elementor-heading-title elementor-size-default\">Timetables<\/h4>\t\t\t\t<\/div>\n\t\t\t\t<\/div>\n\t\t\t\t\t<\/div>\n\t\t\t\t<\/div>\n\t\t<div class=\"elementor-element elementor-element-c0c475f e-flex e-con-boxed e-con e-parent\" data-id=\"c0c475f\" data-element_type=\"container\" data-e-type=\"container\">\n\t\t\t\t\t<div class=\"e-con-inner\">\n\t\t\t\t<div class=\"elementor-element elementor-element-94ec1d1 elementor-widget elementor-widget-text-editor\" data-id=\"94ec1d1\" data-element_type=\"widget\" data-e-type=\"widget\" data-widget_type=\"text-editor.default\">\n\t\t\t\t<div class=\"elementor-widget-container\">\n\t\t\t\t\t\t\t\t\t<p>Tutti i giorni, dalle 10 alle 18. (verificare orario?)<\/p>\t\t\t\t\t\t\t\t<\/div>\n\t\t\t\t<\/div>\n\t\t\t\t\t<\/div>\n\t\t\t\t<\/div>\n\t\t\t\t<\/div>","protected":false},"excerpt":{"rendered":"<p>Sull&#8217;Appennino Tosco Emiliano, famiglie di pastori e casari lavorano, oggi come un secolo fa, per regalarci prodotti di eccellenza. Ricotta, yogurt, cacio genuini e di qualit\u00e0. Ma il re dei formaggi \u00e8 lui, il Pecorino della Montagna Pistoiese, presidio Slow Food. La sua particolarit\u00e0 \u00e8 il latte crudo, impiegato nella preparazione.\u00a0Con il latte delle massesi,<br \/><a class=\"moretag\" href=\"https:\/\/doga1.etarom.it\/en\/territory-6\/\">+ Read More<\/a><\/p>","protected":false},"author":1,"featured_media":3143,"parent":0,"menu_order":0,"comment_status":"closed","ping_status":"closed","template":"","meta":{"_eb_attr":"","footnotes":""},"class_list":["post-2993","page","type-page","status-publish","has-post-thumbnail","hentry"],"_links":{"self":[{"href":"https:\/\/doga1.etarom.it\/en\/wp-json\/wp\/v2\/pages\/2993","targetHints":{"allow":["GET"]}}],"collection":[{"href":"https:\/\/doga1.etarom.it\/en\/wp-json\/wp\/v2\/pages"}],"about":[{"href":"https:\/\/doga1.etarom.it\/en\/wp-json\/wp\/v2\/types\/page"}],"author":[{"embeddable":true,"href":"https:\/\/doga1.etarom.it\/en\/wp-json\/wp\/v2\/users\/1"}],"replies":[{"embeddable":true,"href":"https:\/\/doga1.etarom.it\/en\/wp-json\/wp\/v2\/comments?post=2993"}],"version-history":[{"count":52,"href":"https:\/\/doga1.etarom.it\/en\/wp-json\/wp\/v2\/pages\/2993\/revisions"}],"predecessor-version":[{"id":3059,"href":"https:\/\/doga1.etarom.it\/en\/wp-json\/wp\/v2\/pages\/2993\/revisions\/3059"}],"wp:featuredmedia":[{"embeddable":true,"href":"https:\/\/doga1.etarom.it\/en\/wp-json\/wp\/v2\/media\/3143"}],"wp:attachment":[{"href":"https:\/\/doga1.etarom.it\/en\/wp-json\/wp\/v2\/media?parent=2993"}],"curies":[{"name":"wp","href":"https:\/\/api.w.org\/{rel}","templated":true}]}}