{"id":3735,"date":"2024-02-22T13:57:25","date_gmt":"2024-02-22T12:57:25","guid":{"rendered":"https:\/\/doga1.etarom.it\/?page_id=3735"},"modified":"2024-11-21T11:04:24","modified_gmt":"2024-11-21T10:04:24","slug":"territory-11","status":"publish","type":"page","link":"https:\/\/doga1.etarom.it\/en\/territory-11\/","title":{"rendered":"Skipass"},"content":{"rendered":"<div data-elementor-type=\"wp-page\" data-elementor-id=\"3735\" class=\"elementor elementor-3735\">\n\t\t\t\t<div class=\"elementor-element elementor-element-5c541f4 e-flex e-con-boxed e-con e-parent\" data-id=\"5c541f4\" data-element_type=\"container\" data-e-type=\"container\">\n\t\t\t\t\t<div class=\"e-con-inner\">\n\t\t\t\t<div class=\"elementor-element elementor-element-ca60445 elementor-widget elementor-widget-text-editor\" data-id=\"ca60445\" data-element_type=\"widget\" data-e-type=\"widget\" data-widget_type=\"text-editor.default\">\n\t\t\t\t<div class=\"elementor-widget-container\">\n\t\t\t\t\t\t\t\t\t<p>Lo <strong>skipass \u00e8 un documento personale<\/strong> che non pu\u00f2 essere scambiato n\u00e9 ceduto. Va portato esteriormente ed esibito a ogni controllo. Qualsiasi abuso o scambio comporter\u00e0 il ritiro immediato dello skipass o il suo annullamento. Gli skipass smarriti, rubati,ritirati o deteriorati deliberatamente non verranno sostituiti n\u00e9 tantomeno rimborsati. Non \u00e8 assicurato il funzionamento di tutti gli impianti. Interruzioni o limitazioni del servizio dovute a condizioni atmosferiche avverse, scarso innevaento o guasto tecnico non daranno diritto ad alcun rimborso. Lo skipass va protetto da fonti di calore e campi magnetici, non va piegato e va conservato con cura. Ogni sciatore scia a suo rischio e pericolo.<\/p>\t\t\t\t\t\t\t\t<\/div>\n\t\t\t\t<\/div>\n\t\t\t\t\t<\/div>\n\t\t\t\t<\/div>\n\t\t<div class=\"elementor-element elementor-element-92e9b1d e-flex e-con-boxed e-con e-parent\" data-id=\"92e9b1d\" data-element_type=\"container\" data-e-type=\"container\">\n\t\t\t\t\t<div class=\"e-con-inner\">\n\t\t\t\t<div class=\"elementor-element elementor-element-81b440e elementor-widget elementor-widget-shortcode\" data-id=\"81b440e\" data-element_type=\"widget\" data-e-type=\"widget\" data-widget_type=\"shortcode.default\">\n\t\t\t\t<div class=\"elementor-widget-container\">\n\t\t\t\t\t\t\t<div class=\"elementor-shortcode\">\n<table id=\"tablepress-5\" class=\"tablepress tablepress-id-5 table-prezzi-estate-funivia\">\n<thead>\n<tr class=\"row-1\">\n\t<th class=\"column-1\">Skipass giornaliero festivo<\/th><td class=\"column-2\"><\/td>\n<\/tr>\n<\/thead>\n<tbody class=\"row-striping row-hover\">\n<tr class=\"row-2\">\n\t<td class=\"column-1\">Daily\t<\/td><td class=\"column-2\">\u20ac 25,00<\/td>\n<\/tr>\n<tr class=\"row-3\">\n\t<td class=\"column-1\">Early riser<\/td><td class=\"column-2\">\u20ac 22,00<\/td>\n<\/tr>\n<tr class=\"row-4\">\n\t<td class=\"column-1\">Afternoon<\/td><td class=\"column-2\">\u20ac 20,00<\/td>\n<\/tr>\n<tr class=\"row-5\">\n\t<td class=\"column-1\">Giornaliero baby (nati dopo 01\/01\/2014)<\/td><td class=\"column-2\">\u20ac 20,00<\/td>\n<\/tr>\n<\/tbody>\n<\/table>\n<!-- #tablepress-5 from cache --><\/div>\n\t\t\t\t\t\t<\/div>\n\t\t\t\t<\/div>\n\t\t\t\t\t<\/div>\n\t\t\t\t<\/div>\n\t\t<div class=\"elementor-element elementor-element-c175c10 e-flex e-con-boxed e-con e-parent\" data-id=\"c175c10\" data-element_type=\"container\" data-e-type=\"container\">\n\t\t\t\t\t<div class=\"e-con-inner\">\n\t\t\t\t<div class=\"elementor-element elementor-element-3fac4be elementor-widget elementor-widget-shortcode\" data-id=\"3fac4be\" data-element_type=\"widget\" data-e-type=\"widget\" data-widget_type=\"shortcode.default\">\n\t\t\t\t<div class=\"elementor-widget-container\">\n\t\t\t\t\t\t\t<div class=\"elementor-shortcode\">\n<table id=\"tablepress-27\" class=\"tablepress tablepress-id-27 table-prezzi-estate-funivia\">\n<thead>\n<tr class=\"row-1\">\n\t<th class=\"column-1\">Skipass giornaliero feriale<\/th><td class=\"column-2\"><\/td>\n<\/tr>\n<\/thead>\n<tbody class=\"row-striping row-hover\">\n<tr class=\"row-2\">\n\t<td class=\"column-1\">Daily\t<\/td><td class=\"column-2\">\u20ac 21,00<\/td>\n<\/tr>\n<tr class=\"row-3\">\n\t<td class=\"column-1\">Early riser<\/td><td class=\"column-2\">\u20ac 18,00<\/td>\n<\/tr>\n<tr class=\"row-4\">\n\t<td class=\"column-1\">Afternoon<\/td><td class=\"column-2\">\u20ac 16,00<\/td>\n<\/tr>\n<tr class=\"row-5\">\n\t<td class=\"column-1\">Giornaliero baby (nati dopo 01\/01\/2014)<\/td><td class=\"column-2\">\u20ac 18,00<\/td>\n<\/tr>\n<\/tbody>\n<\/table>\n<!-- #tablepress-27 from cache --><\/div>\n\t\t\t\t\t\t<\/div>\n\t\t\t\t<\/div>\n\t\t\t\t\t<\/div>\n\t\t\t\t<\/div>\n\t\t<div class=\"elementor-element elementor-element-3d7a478 e-flex e-con-boxed e-con e-parent\" data-id=\"3d7a478\" data-element_type=\"container\" data-e-type=\"container\">\n\t\t\t\t\t<div class=\"e-con-inner\">\n\t\t\t\t<div class=\"elementor-element elementor-element-59be84e elementor-widget elementor-widget-shortcode\" data-id=\"59be84e\" data-element_type=\"widget\" data-e-type=\"widget\" data-widget_type=\"shortcode.default\">\n\t\t\t\t<div class=\"elementor-widget-container\">\n\t\t\t\t\t\t\t<div class=\"elementor-shortcode\">\n<table id=\"tablepress-28\" class=\"tablepress tablepress-id-28 table-prezzi-estate-funivia\">\n<thead>\n<tr class=\"row-1\">\n\t<th class=\"column-1\">Skipass giornaliero festivo e feriale<\/th><td class=\"column-2\"><\/td>\n<\/tr>\n<\/thead>\n<tbody class=\"row-striping row-hover\">\n<tr class=\"row-2\">\n\t<td class=\"column-1\">Tessera 16 pt. (4 corse)*<\/td><td class=\"column-2\">\u20ac 20,00<\/td>\n<\/tr>\n<tr class=\"row-3\">\n\t<td class=\"column-1\">Tessera 28 pt. (7 corse)*<\/td><td class=\"column-2\">\u20ac 35,00<\/td>\n<\/tr>\n<tr class=\"row-4\">\n\t<td class=\"column-1\">Corsa semplice \"campo scuola\"<\/td><td class=\"column-2\">\u20ac 5,00<\/td>\n<\/tr>\n<tr class=\"row-5\">\n\t<td class=\"column-1\">Tapis roulant giornaliero<\/td><td class=\"column-2\">\u20ac 5,00<\/td>\n<\/tr>\n<\/tbody>\n<\/table>\n<!-- #tablepress-28 from cache --><\/div>\n\t\t\t\t\t\t<\/div>\n\t\t\t\t<\/div>\n\t\t\t\t\t<\/div>\n\t\t\t\t<\/div>\n\t\t<div class=\"elementor-element elementor-element-3c9f9bd e-flex e-con-boxed e-con e-parent\" data-id=\"3c9f9bd\" data-element_type=\"container\" data-e-type=\"container\">\n\t\t\t\t\t<div class=\"e-con-inner\">\n\t\t\t\t<div class=\"elementor-element elementor-element-730099c elementor-widget elementor-widget-shortcode\" data-id=\"730099c\" data-element_type=\"widget\" data-e-type=\"widget\" data-widget_type=\"shortcode.default\">\n\t\t\t\t<div class=\"elementor-widget-container\">\n\t\t\t\t\t\t\t<div class=\"elementor-shortcode\">\n<table id=\"tablepress-7\" class=\"tablepress tablepress-id-7 table-prezzi-estate-funivia\">\n<thead>\n<tr class=\"row-1\">\n\t<th class=\"column-1\">Multi-day holiday ski pass<\/th><td class=\"column-2\"><\/td>\n<\/tr>\n<\/thead>\n<tbody class=\"row-striping row-hover\">\n<tr class=\"row-2\">\n\t<td class=\"column-1\">Weekend (Sat and Sun)<\/td><td class=\"column-2\">\u20ac 48,00<\/td>\n<\/tr>\n<tr class=\"row-3\">\n\t<td class=\"column-1\">3 consecutive days<\/td><td class=\"column-2\">\u20ac 70,00<\/td>\n<\/tr>\n<tr class=\"row-4\">\n\t<td class=\"column-1\">4 consecutive days<\/td><td class=\"column-2\">\u20ac 90,00<\/td>\n<\/tr>\n<tr class=\"row-5\">\n\t<td class=\"column-1\">5 consecutive days<\/td><td class=\"column-2\">\u20ac 115,00<\/td>\n<\/tr>\n<tr class=\"row-6\">\n\t<td class=\"column-1\">6 consecutive days<\/td><td class=\"column-2\">\u20ac 140,00<\/td>\n<\/tr>\n<tr class=\"row-7\">\n\t<td class=\"column-1\">10 consecutive days<\/td><td class=\"column-2\">\u20ac 220,00<\/td>\n<\/tr>\n<tr class=\"row-8\">\n\t<td class=\"column-1\">10 non-consecutive days<\/td><td class=\"column-2\">\u20ac 230,00<\/td>\n<\/tr>\n<tr class=\"row-9\">\n\t<td class=\"column-1\">Stagionale (acquisto entro 06\/12\/2024)<\/td><td class=\"column-2\">\u20ac 360,00<\/td>\n<\/tr>\n<tr class=\"row-10\">\n\t<td class=\"column-1\">Seasonal<\/td><td class=\"column-2\">\u20ac 400,00<\/td>\n<\/tr>\n<\/tbody>\n<\/table>\n<!-- #tablepress-7 from cache --><\/div>\n\t\t\t\t\t\t<\/div>\n\t\t\t\t<\/div>\n\t\t\t\t<div class=\"elementor-element elementor-element-1d0e1da elementor-widget elementor-widget-shortcode\" data-id=\"1d0e1da\" data-element_type=\"widget\" data-e-type=\"widget\" data-widget_type=\"shortcode.default\">\n\t\t\t\t<div class=\"elementor-widget-container\">\n\t\t\t\t\t\t\t<div class=\"elementor-shortcode\">\n<table id=\"tablepress-8\" class=\"tablepress tablepress-id-8 table-prezzi-estate-funivia\">\n<thead>\n<tr class=\"row-1\">\n\t<th class=\"column-1\">Multi-day weekday ski pass<\/th><td class=\"column-2\"><\/td>\n<\/tr>\n<\/thead>\n<tbody class=\"row-striping row-hover\">\n<tr class=\"row-2\">\n\t<td class=\"column-1\">2 consecutive days<\/td><td class=\"column-2\">\u20ac 38,00<\/td>\n<\/tr>\n<tr class=\"row-3\">\n\t<td class=\"column-1\">3 consecutive days<\/td><td class=\"column-2\">\u20ac 55,00<\/td>\n<\/tr>\n<tr class=\"row-4\">\n\t<td class=\"column-1\">4 consecutive days<\/td><td class=\"column-2\">\u20ac 75,00<\/td>\n<\/tr>\n<tr class=\"row-5\">\n\t<td class=\"column-1\">5 consecutive days<\/td><td class=\"column-2\">\u20ac 90,00<\/td>\n<\/tr>\n<tr class=\"row-6\">\n\t<td class=\"column-1\">3 consecutive days of which 2 are holidays<\/td><td class=\"column-2\">\u20ac 62,00<\/td>\n<\/tr>\n<tr class=\"row-7\">\n\t<td class=\"column-1\">4 consecutive days of which 2 are holidays<\/td><td class=\"column-2\">\u20ac 80,00<\/td>\n<\/tr>\n<tr class=\"row-8\">\n\t<td class=\"column-1\">5 consecutive days of which 2 are holidays<\/td><td class=\"column-2\">\u20ac 98,00<\/td>\n<\/tr>\n<tr class=\"row-9\">\n\t<td class=\"column-1\">6 consecutive days of which 2 are holidays<\/td><td class=\"column-2\">\u20ac 110,00<\/td>\n<\/tr>\n<tr class=\"row-10\">\n\t<td class=\"column-1\">7 consecutive days of which 2 are holidays<\/td><td class=\"column-2\">\u20ac 125,00<\/td>\n<\/tr>\n<\/tbody>\n<\/table>\n<!-- #tablepress-8 from cache --><\/div>\n\t\t\t\t\t\t<\/div>\n\t\t\t\t<\/div>\n\t\t\t\t\t<\/div>\n\t\t\t\t<\/div>\n\t\t<div class=\"elementor-element elementor-element-767da0d e-flex e-con-boxed e-con e-parent\" data-id=\"767da0d\" data-element_type=\"container\" data-e-type=\"container\">\n\t\t\t\t\t<div class=\"e-con-inner\">\n\t\t\t\t<div class=\"elementor-element elementor-element-c7bf25e elementor-widget elementor-widget-shortcode\" data-id=\"c7bf25e\" data-element_type=\"widget\" data-e-type=\"widget\" data-widget_type=\"shortcode.default\">\n\t\t\t\t<div class=\"elementor-widget-container\">\n\t\t\t\t\t\t\t<div class=\"elementor-shortcode\">\n<table id=\"tablepress-9\" class=\"tablepress tablepress-id-9 table-prezzi-estate-funivia\">\n<thead>\n<tr class=\"row-1\">\n\t<th class=\"column-1\">Funivia + skipass festivo<\/th><td class=\"column-2\"><\/td>\n<\/tr>\n<\/thead>\n<tbody class=\"row-striping row-hover\">\n<tr class=\"row-2\">\n\t<td class=\"column-1\">Daily<\/td><td class=\"column-2\">\u20ac 29,00<\/td>\n<\/tr>\n<tr class=\"row-3\">\n\t<td class=\"column-1\">Early riser<\/td><td class=\"column-2\">\u20ac 25,00<\/td>\n<\/tr>\n<tr class=\"row-4\">\n\t<td class=\"column-1\">Afternoon<\/td><td class=\"column-2\">\u20ac 22,00<\/td>\n<\/tr>\n<tr class=\"row-5\">\n\t<td class=\"column-1\">Giornaliero baby (nati dopo 01\/01\/2014)<\/td><td class=\"column-2\">\u20ac 23,00<\/td>\n<\/tr>\n<\/tbody>\n<\/table>\n<!-- #tablepress-9 from cache --><\/div>\n\t\t\t\t\t\t<\/div>\n\t\t\t\t<\/div>\n\t\t\t\t<div class=\"elementor-element elementor-element-4ff30af elementor-widget elementor-widget-shortcode\" data-id=\"4ff30af\" data-element_type=\"widget\" data-e-type=\"widget\" data-widget_type=\"shortcode.default\">\n\t\t\t\t<div class=\"elementor-widget-container\">\n\t\t\t\t\t\t\t<div class=\"elementor-shortcode\">\n<table id=\"tablepress-10\" class=\"tablepress tablepress-id-10 table-prezzi-estate-funivia\">\n<thead>\n<tr class=\"row-1\">\n\t<th class=\"column-1\">Funivia + skipass feriale<\/th><td class=\"column-2\"><\/td>\n<\/tr>\n<\/thead>\n<tbody class=\"row-striping row-hover\">\n<tr class=\"row-2\">\n\t<td class=\"column-1\">Daily<\/td><td class=\"column-2\">\u20ac 26,00<\/td>\n<\/tr>\n<tr class=\"row-3\">\n\t<td class=\"column-1\">Early riser<\/td><td class=\"column-2\">\u20ac 22,00<\/td>\n<\/tr>\n<tr class=\"row-4\">\n\t<td class=\"column-1\">Afternoon<\/td><td class=\"column-2\">\u20ac 20,00<\/td>\n<\/tr>\n<tr class=\"row-5\">\n\t<td class=\"column-1\">Giornaliero baby (nati dopo 01\/01\/2014)<\/td><td class=\"column-2\">\u20ac 20,00<\/td>\n<\/tr>\n<\/tbody>\n<\/table>\n<!-- #tablepress-10 from cache --><\/div>\n\t\t\t\t\t\t<\/div>\n\t\t\t\t<\/div>\n\t\t\t\t<div class=\"elementor-element elementor-element-4630f5a elementor-widget elementor-widget-shortcode\" data-id=\"4630f5a\" data-element_type=\"widget\" data-e-type=\"widget\" data-widget_type=\"shortcode.default\">\n\t\t\t\t<div class=\"elementor-widget-container\">\n\t\t\t\t\t\t\t<div class=\"elementor-shortcode\">\n<table id=\"tablepress-12\" class=\"tablepress tablepress-id-12 table-prezzi-estate-funivia\">\n<thead>\n<tr class=\"row-1\">\n\t<th class=\"column-1\">Cable car + multi-day holiday ski pass<\/th><td class=\"column-2\"><\/td>\n<\/tr>\n<\/thead>\n<tbody class=\"row-striping row-hover\">\n<tr class=\"row-2\">\n\t<td class=\"column-1\">Weekend (Sat and Sun)<\/td><td class=\"column-2\">\u20ac 53,00<\/td>\n<\/tr>\n<tr class=\"row-3\">\n\t<td class=\"column-1\">3 consecutive days<\/td><td class=\"column-2\">\u20ac 82,00<\/td>\n<\/tr>\n<tr class=\"row-4\">\n\t<td class=\"column-1\">4 consecutive days<\/td><td class=\"column-2\">\u20ac 105,00<\/td>\n<\/tr>\n<tr class=\"row-5\">\n\t<td class=\"column-1\">5 consecutive days<\/td><td class=\"column-2\">\u20ac 140,00<\/td>\n<\/tr>\n<tr class=\"row-6\">\n\t<td class=\"column-1\">6 consecutive days<\/td><td class=\"column-2\">\u20ac 160,00<\/td>\n<\/tr>\n<tr class=\"row-7\">\n\t<td class=\"column-1\">10 consecutive days<\/td><td class=\"column-2\">\u20ac 250,00<\/td>\n<\/tr>\n<tr class=\"row-8\">\n\t<td class=\"column-1\">10 non-consecutive days<\/td><td class=\"column-2\">\u20ac 260,00<\/td>\n<\/tr>\n<tr class=\"row-9\">\n\t<td class=\"column-1\">Seasonal (purchase by 08\/12\/2023)<\/td><td class=\"column-2\">\u20ac 430,00<\/td>\n<\/tr>\n<tr class=\"row-10\">\n\t<td class=\"column-1\">Seasonal<\/td><td class=\"column-2\">\u20ac 480,00<\/td>\n<\/tr>\n<\/tbody>\n<\/table>\n<!-- #tablepress-12 from cache --><\/div>\n\t\t\t\t\t\t<\/div>\n\t\t\t\t<\/div>\n\t\t\t\t<div class=\"elementor-element elementor-element-c07e283 elementor-widget elementor-widget-shortcode\" data-id=\"c07e283\" data-element_type=\"widget\" data-e-type=\"widget\" data-widget_type=\"shortcode.default\">\n\t\t\t\t<div class=\"elementor-widget-container\">\n\t\t\t\t\t\t\t<div class=\"elementor-shortcode\">\n<table id=\"tablepress-14\" class=\"tablepress tablepress-id-14 table-prezzi-estate-funivia\">\n<thead>\n<tr class=\"row-1\">\n\t<th class=\"column-1\">Cable car + multi-day weekday ski pass<\/th><td class=\"column-2\"><\/td>\n<\/tr>\n<\/thead>\n<tbody class=\"row-striping row-hover\">\n<tr class=\"row-2\">\n\t<td class=\"column-1\">2 consecutive days<\/td><td class=\"column-2\">\u20ac 45,00<\/td>\n<\/tr>\n<tr class=\"row-3\">\n\t<td class=\"column-1\">3 consecutive days<\/td><td class=\"column-2\">\u20ac 68,00<\/td>\n<\/tr>\n<tr class=\"row-4\">\n\t<td class=\"column-1\">4 consecutive days<\/td><td class=\"column-2\">\u20ac 90,00<\/td>\n<\/tr>\n<tr class=\"row-5\">\n\t<td class=\"column-1\">5 consecutive days<\/td><td class=\"column-2\">\u20ac 105,00<\/td>\n<\/tr>\n<tr class=\"row-6\">\n\t<td class=\"column-1\">3 consecutive days of which 2 are holidays<\/td><td class=\"column-2\">\u20ac 82,00<\/td>\n<\/tr>\n<tr class=\"row-7\">\n\t<td class=\"column-1\">4 consecutive days of which 2 are holidays<\/td><td class=\"column-2\">\u20ac 100,00<\/td>\n<\/tr>\n<tr class=\"row-8\">\n\t<td class=\"column-1\">5 consecutive days of which 2 are holidays<\/td><td class=\"column-2\">\u20ac 120,00<\/td>\n<\/tr>\n<tr class=\"row-9\">\n\t<td class=\"column-1\">6 consecutive days of which 2 are holidays<\/td><td class=\"column-2\">\u20ac 135,00<\/td>\n<\/tr>\n<tr class=\"row-10\">\n\t<td class=\"column-1\">7 consecutive days of which 2 are holidays<\/td><td class=\"column-2\">\u20ac 149,00<\/td>\n<\/tr>\n<\/tbody>\n<\/table>\n<!-- #tablepress-14 from cache --><\/div>\n\t\t\t\t\t\t<\/div>\n\t\t\t\t<\/div>\n\t\t\t\t\t<\/div>\n\t\t\t\t<\/div>\n\t\t<div class=\"elementor-element elementor-element-ed001d3 e-flex e-con-boxed e-con e-parent\" data-id=\"ed001d3\" data-element_type=\"container\" data-e-type=\"container\">\n\t\t\t\t\t<div class=\"e-con-inner\">\n\t\t\t\t<div class=\"elementor-element elementor-element-2c1e6f5 elementor-widget elementor-widget-text-editor\" data-id=\"2c1e6f5\" data-element_type=\"widget\" data-e-type=\"widget\" data-widget_type=\"text-editor.default\">\n\t\t\t\t<div class=\"elementor-widget-container\">\n\t\t\t\t\t\t\t\t\t<p>Prezzi inclusi di <strong>assicurazione RCT obbligatoria<\/strong> come da D.LGS. 40\/221, <strong>tranne biglietti plurigiornalieri.<\/strong><\/p><p><strong>Festivi, prefestivi e periodi:<\/strong> 6\/12\/2024-08\/12\/2024, 21\/12\/2024-06\/01\/2024, 18\/04\/2025-21\/04\/2025.<\/p><p>Agevolazioni per <strong>gruppi e comitive<\/strong>.<\/p><p>Sono considerati <strong>baby<\/strong> i nati dopo lo 01\/01\/2014; presentarsi con documento in corso di validit\u00e0.<\/p><p>*\u00a0Seggiovia &#8220;Campo scuola&#8221;: 4 pt.; ski-lift &#8220;Faggio di Maria&#8221;: 4 pt.<\/p>\t\t\t\t\t\t\t\t<\/div>\n\t\t\t\t<\/div>\n\t\t\t\t\t<\/div>\n\t\t\t\t<\/div>\n\t\t\t\t<\/div>","protected":false},"excerpt":{"rendered":"<p>Lo skipass \u00e8 un documento personale che non pu\u00f2 essere scambiato n\u00e9 ceduto. Va portato esteriormente ed esibito a ogni controllo. Qualsiasi abuso o scambio comporter\u00e0 il ritiro immediato dello skipass o il suo annullamento. Gli skipass smarriti, rubati,ritirati o deteriorati deliberatamente non verranno sostituiti n\u00e9 tantomeno rimborsati. Non \u00e8 assicurato il funzionamento di tutti<br \/><a class=\"moretag\" href=\"https:\/\/doga1.etarom.it\/en\/territory-11\/\">+ Read More<\/a><\/p>","protected":false},"author":1,"featured_media":4197,"parent":0,"menu_order":0,"comment_status":"closed","ping_status":"closed","template":"","meta":{"_eb_attr":"","footnotes":""},"class_list":["post-3735","page","type-page","status-publish","has-post-thumbnail","hentry"],"_links":{"self":[{"href":"https:\/\/doga1.etarom.it\/en\/wp-json\/wp\/v2\/pages\/3735","targetHints":{"allow":["GET"]}}],"collection":[{"href":"https:\/\/doga1.etarom.it\/en\/wp-json\/wp\/v2\/pages"}],"about":[{"href":"https:\/\/doga1.etarom.it\/en\/wp-json\/wp\/v2\/types\/page"}],"author":[{"embeddable":true,"href":"https:\/\/doga1.etarom.it\/en\/wp-json\/wp\/v2\/users\/1"}],"replies":[{"embeddable":true,"href":"https:\/\/doga1.etarom.it\/en\/wp-json\/wp\/v2\/comments?post=3735"}],"version-history":[{"count":16,"href":"https:\/\/doga1.etarom.it\/en\/wp-json\/wp\/v2\/pages\/3735\/revisions"}],"predecessor-version":[{"id":4790,"href":"https:\/\/doga1.etarom.it\/en\/wp-json\/wp\/v2\/pages\/3735\/revisions\/4790"}],"wp:featuredmedia":[{"embeddable":true,"href":"https:\/\/doga1.etarom.it\/en\/wp-json\/wp\/v2\/media\/4197"}],"wp:attachment":[{"href":"https:\/\/doga1.etarom.it\/en\/wp-json\/wp\/v2\/media?parent=3735"}],"curies":[{"name":"wp","href":"https:\/\/api.w.org\/{rel}","templated":true}]}}