{"id":2445,"date":"2024-01-25T13:22:45","date_gmt":"2024-01-25T12:22:45","guid":{"rendered":"https:\/\/doga1.etarom.it\/?page_id=2445"},"modified":"2024-03-01T17:54:57","modified_gmt":"2024-03-01T16:54:57","slug":"territoire","status":"publish","type":"page","link":"https:\/\/doga1.etarom.it\/fr\/territoire\/","title":{"rendered":"Territoire"},"content":{"rendered":"<div data-elementor-type=\"wp-page\" data-elementor-id=\"2445\" class=\"elementor elementor-2445\">\n\t\t\t\t<div class=\"elementor-element elementor-element-bd6dfac e-flex e-con-boxed e-con e-parent\" data-id=\"bd6dfac\" data-element_type=\"container\" data-e-type=\"container\">\n\t\t\t\t\t<div class=\"e-con-inner\">\n\t\t\t\t<div class=\"elementor-element elementor-element-ad92646 elementor-widget elementor-widget-text-editor\" data-id=\"ad92646\" data-element_type=\"widget\" data-e-type=\"widget\" data-widget_type=\"text-editor.default\">\n\t\t\t\t<div class=\"elementor-widget-container\">\n\t\t\t\t\t\t\t\t\t<p style=\"margin: 0px 0px 10px; padding: 0px; box-sizing: border-box; color: #7a7a7a; font-family: Poppins, sans-serif; font-size: 17px; font-style: normal; font-variant-ligatures: normal; font-variant-caps: normal; font-weight: 400; letter-spacing: normal; orphans: 2; text-align: start; text-indent: 0px; text-transform: none; widows: 2; word-spacing: 0px; -webkit-text-stroke-width: 0px; white-space: normal; text-decoration-thickness: initial; text-decoration-style: initial; text-decoration-color: initial;\">\u00a0<\/p>\n<p class=\"has-medium-font-size\" style=\"margin: 0px 0px 10px; padding: 0px; box-sizing: border-box; font-size: 17px; font-family: Poppins, sans-serif; font-style: normal; font-variant-ligatures: normal; font-variant-caps: normal; letter-spacing: normal; orphans: 2; text-align: start; text-indent: 0px; text-transform: none; widows: 2; word-spacing: 0px; -webkit-text-stroke-width: 0px; white-space: normal; text-decoration-thickness: initial; text-decoration-style: initial; text-decoration-color: initial; color: #494848 !important;\"><span style=\"font-weight: 400;\">La<strong style=\"margin: 0px; padding: 0px; box-sizing: border-box; font-weight: bold;\">\u00a0Doganaccia<\/strong>\u00a0est situ\u00e9 dans la commune de\u00a0<strong style=\"margin: 0px; padding: 0px; box-sizing: border-box; font-weight: bold;\">Abetone Cutigliano<\/strong>\u00a0(PT), sur les Apennins toscans-\u00e9miliens, au pied du<\/span><b> \u00e9tape de la Croix Arcanique<\/b>.<\/p>\n<p class=\"has-medium-font-size\" style=\"margin: 0px 0px 10px; padding: 0px; box-sizing: border-box; font-size: 17px; font-family: Poppins, sans-serif; font-style: normal; font-variant-ligatures: normal; font-variant-caps: normal; letter-spacing: normal; orphans: 2; text-align: start; text-indent: 0px; text-transform: none; widows: 2; word-spacing: 0px; -webkit-text-stroke-width: 0px; white-space: normal; text-decoration-thickness: initial; text-decoration-style: initial; text-decoration-color: initial; color: #494848 !important;\"><span style=\"font-weight: 400;\">L'un des symboles de la Doganaccia est le <\/span><b>petite \u00e9glise<\/b>, une petite structure en bois, imm\u00e9diatement reconnaissable \u00e0 sa forme caract\u00e9ristique.<\/p>\t\t\t\t\t\t\t\t<\/div>\n\t\t\t\t<\/div>\n\t\t\t\t\t<\/div>\n\t\t\t\t<\/div>\n\t\t<div class=\"elementor-element elementor-element-21e39fb e-flex e-con-boxed e-con e-parent\" data-id=\"21e39fb\" data-element_type=\"container\" data-e-type=\"container\">\n\t\t\t\t\t<div class=\"e-con-inner\">\n\t\t\t\t<div class=\"elementor-element elementor-element-506bb63 elementor-widget elementor-widget-image\" data-id=\"506bb63\" data-element_type=\"widget\" data-e-type=\"widget\" data-widget_type=\"image.default\">\n\t\t\t\t<div class=\"elementor-widget-container\">\n\t\t\t\t\t\t\t\t\t\t\t\t\t\t\t<img fetchpriority=\"high\" decoding=\"async\" width=\"1536\" height=\"1152\" src=\"https:\/\/doga1.etarom.it\/wp-content\/uploads\/2024\/02\/chiesa-2-1-1536x1152.jpg\" class=\"attachment-1536x1536 size-1536x1536 wp-image-3083\" alt=\"Chiesa Doganaccia, comune di Abetone Cutigliano.\" srcset=\"https:\/\/doga1.etarom.it\/wp-content\/uploads\/2024\/02\/chiesa-2-1-1536x1152.jpg 1536w, https:\/\/doga1.etarom.it\/wp-content\/uploads\/2024\/02\/chiesa-2-1-300x225.jpg 300w, https:\/\/doga1.etarom.it\/wp-content\/uploads\/2024\/02\/chiesa-2-1-1024x768.jpg 1024w, https:\/\/doga1.etarom.it\/wp-content\/uploads\/2024\/02\/chiesa-2-1-768x576.jpg 768w, https:\/\/doga1.etarom.it\/wp-content\/uploads\/2024\/02\/chiesa-2-1-16x12.jpg 16w, https:\/\/doga1.etarom.it\/wp-content\/uploads\/2024\/02\/chiesa-2-1.jpg 2000w\" sizes=\"(max-width: 1536px) 100vw, 1536px\" \/>\t\t\t\t\t\t\t\t\t\t\t\t\t\t\t<\/div>\n\t\t\t\t<\/div>\n\t\t\t\t\t<\/div>\n\t\t\t\t<\/div>\n\t\t<div class=\"elementor-element elementor-element-a0c2113 e-flex e-con-boxed e-con e-parent\" data-id=\"a0c2113\" data-element_type=\"container\" data-e-type=\"container\">\n\t\t\t\t\t<div class=\"e-con-inner\">\n\t\t\t\t<div class=\"elementor-element elementor-element-72e8603 elementor-widget elementor-widget-text-editor\" data-id=\"72e8603\" data-element_type=\"widget\" data-e-type=\"widget\" data-widget_type=\"text-editor.default\">\n\t\t\t\t<div class=\"elementor-widget-container\">\n\t\t\t\t\t\t\t\t\t<p class=\"has-medium-font-size\" style=\"margin: 0px 0px 10px; padding: 0px; box-sizing: border-box; font-size: 17px; font-family: Poppins, sans-serif; font-style: normal; font-variant-ligatures: normal; font-variant-caps: normal; letter-spacing: normal; orphans: 2; text-align: start; text-indent: 0px; text-transform: none; widows: 2; word-spacing: 0px; -webkit-text-stroke-width: 0px; white-space: normal; text-decoration-thickness: initial; text-decoration-style: initial; text-decoration-color: initial; color: #494848 !important;\">Les environs sont riches de paysages splendides, d'une nature intacte et de petits villages. De plus, Doganaccia est situ\u00e9e \u00e0 50 minutes en voiture de la ville d'art de<strong style=\"font-weight: bold; margin: 0px; padding: 0px; box-sizing: border-box;\">\u00a0Pistoia<\/strong><span style=\"margin: 0px; padding: 0px; box-sizing: border-box;\">, avec ses tr\u00e9sors historiques et artistiques et sa large offre mus\u00e9ale.<\/span><\/p>\t\t\t\t\t\t\t\t<\/div>\n\t\t\t\t<\/div>\n\t\t\t\t\t<\/div>\n\t\t\t\t<\/div>\n\t\t<div class=\"elementor-element elementor-element-2d41d410 e-flex e-con-boxed e-con e-parent\" data-id=\"2d41d410\" data-element_type=\"container\" data-e-type=\"container\">\n\t\t\t\t\t<div class=\"e-con-inner\">\n\t\t\t\t<div class=\"elementor-element elementor-element-7526d9b9 elementor-widget elementor-widget-text-editor\" data-id=\"7526d9b9\" data-element_type=\"widget\" data-e-type=\"widget\" data-widget_type=\"text-editor.default\">\n\t\t\t\t<div class=\"elementor-widget-container\">\n\t\t\t\t\t\t\t\t\t<p><\/p>\n<p><img decoding=\"async\" style=\"color: #7a7a7a; text-align: var(--text-align);\" src=\"https:\/\/doga1.etarom.it\/wp-content\/uploads\/2024\/01\/Cutigliano_shutterstock_724308376-1024x680.jpg\" alt=\"\"><\/p>\n<p><\/p>\n<h4 class=\"wp-block-heading\">Cutigliano<\/h4>\n<p><\/p>\n<p>Village caract\u00e9ristique des Apennins sup\u00e9rieurs de Pistoia, situ\u00e9 sur un \u00e9peron proche du mont Cuccola. A visiter sont la place de l'H\u00f4tel de Ville avec le Palais Pr\u00e9torien, construit en 1377 pour loger les Capitaines de la Montagne, et l'\u00e9glise de la Madonna di Piazza du XVe si\u00e8cle, qui conserve une importante \u0153uvre en terre cuite verniss\u00e9e attribu\u00e9e \u00e0 Benedetto Buglioni (vers 1510). ). On y acc\u00e8de depuis Pistoia en parcourant la SS6 et la SS12 pendant environ 40 km puis, dans la localit\u00e9 de Casotti di Cutigliano, en tournant \u00e0 droite en traversant le pont sur le ruisseau Lima.<\/p>\n<p><\/p>\n<h4 class=\"wp-block-heading\">Melo<\/h4>\n<p><\/p>\n<p>A 1007 m d'altitude et \u00e0 seulement 7 km des pistes de ski de Doganaccia, c'est le point de d\u00e9part d'excursions vers Libro Aperto, Lago Scaffaiolo et Corno alla Scale. La r\u00e9gion est r\u00e9put\u00e9e pour la r\u00e9colte de fruits sauvages et de nombreuses fermes et entreprises agrotouristiques proposent aux visiteurs des produits biologiques.<\/p>\n<p><\/p>\n<figure><img decoding=\"async\" src=\"https:\/\/doga1.etarom.it\/wp-content\/uploads\/2024\/01\/Rivoreta-1024x683.jpg\" alt=\"\"><\/figure>\n<p><\/p>\n<h4 class=\"wp-block-heading\">Rivoreta<\/h4>\n<p><\/p>\n<p>Located in the upper Val di Lima, on the slopes of Libro Aperto, 900 m above sea level, it can be easily reached via the SS12 Abetone, turning right at Pianosinatico. It is based there <a href=\"https:\/\/www.visitpistoia.eu\/scopri\/musei\/museo-della-gente-dellappennino-pistoiese\/\" target=\"_blank\" rel=\"noopener\"><strong>Mus\u00e9e du Peuple des Apennins de Pistoia<\/strong><\/a>, un des p\u00f4les de l'<a href=\"http:\/\/www.ecomuseopt.it\/\" target=\"_blank\" rel=\"noopener\"><strong>\u00c9comus\u00e9e des Monts Pistoia<\/strong><\/a>, qui illustre les m\u00e9tiers, les us et coutumes des si\u00e8cles pass\u00e9s.<\/p>\n<p><\/p>\n<h4 class=\"wp-block-heading\">Pianosinatico<\/h4>\n<p><\/p>\n<p>\u00c0 948 m d'altitude, \u00e0 mi-hauteur de la c\u00f4te du mont La Serra, se trouve cette station de vacances d'\u00e9t\u00e9 et d'hiver. \u00c0 seulement 7 km des pistes de ski d'Abetone. Il est situ\u00e9 le long de la SS12 d'Abetone et du Brenner.<\/p>\n<p><\/p>\n<h4 class=\"wp-block-heading\">Pian degli Ontani<\/h4>\n<p><\/p>\n<p>Le lieu le plus important du Val Sestaione, \u00e0 858 m d'altitude, pr\u00e8s du pied du <strong>R\u00e9serve naturelle biog\u00e9n\u00e9tique Pian degli Ontani<\/strong>. Elle est connue pour \u00eatre le lieu de naissance de <strong>Beatrice<\/strong>, berg\u00e8re po\u00e8te, dont les chansons ont suscit\u00e9 l'admiration d'intellectuels et de po\u00e8tes c\u00e9l\u00e8bres tels que Tommaseo, Tigri et Lorenzo Borri.<\/p>\n<figure><img decoding=\"async\" src=\"https:\/\/doga1.etarom.it\/wp-content\/uploads\/2024\/02\/16-battistero-view.jpg\" alt=\"Pistoia, Visit Pistoia\"><\/figure>\n<p>Pistoia, Ph. Visit Pistoia<\/p>\n<h4>Pistoia<\/h4>\n<p><\/p>\n<p>\u00c0 ne pas manquer<a href=\"https:\/\/www.visitpistoia.eu\/scopri\/piazze-e-quartieri\/piazza-del-duomo\/\" target=\"_blank\" rel=\"noopener\"><b> Place de la Cath\u00e9drale<\/b><\/a>, qui rassemble les b\u00e2timents les plus importants de la ville : la cath\u00e9drale de San Zeno, avec l'autel d'argent de San Jacopo, le baptist\u00e8re de San Giovanni, l'ancien palais des \u00e9v\u00eaques, le palais de Giano, si\u00e8ge de la municipalit\u00e9, et le Palais du Podest\u00e0, ancien et actuel si\u00e8ge de la Cour.<\/p>\n<p>Les \u00e9glises dites z\u00e9br\u00e9es valent le d\u00e9tour, notamment San Giovanni Fuorcivitas et Sant'Andrea, ainsi que la Piazza della Sala, un lieu de rencontre tr\u00e8s populaire qui abrite le march\u00e9 de fruits et l\u00e9gumes et les boutiques historiques.&nbsp;<\/p>\n<p>Pistoia poss\u00e8de une<a href=\"https:\/\/www.visitpistoia.eu\/scopri\/musei\/\" target=\"_blank\" rel=\"noopener\"><b>offre de mus\u00e9e<\/b>&nbsp;<\/a>qui refl\u00e8te sa richesse historique et culturelle, avec les Mus\u00e9es Civiques et les Mus\u00e9es de Pistoia.<\/p>\n<p><\/p>\n<p><\/p>\t\t\t\t\t\t\t\t<\/div>\n\t\t\t\t<\/div>\n\t\t\t\t\t<\/div>\n\t\t\t\t<\/div>\n\t\t<div class=\"elementor-element elementor-element-6e9a084 e-flex e-con-boxed e-con e-parent\" data-id=\"6e9a084\" data-element_type=\"container\" data-e-type=\"container\">\n\t\t\t\t\t<div class=\"e-con-inner\">\n\t\t\t\t<div class=\"elementor-element elementor-element-94e2d06 elementor-widget elementor-widget-heading\" data-id=\"94e2d06\" data-element_type=\"widget\" data-e-type=\"widget\" data-widget_type=\"heading.default\">\n\t\t\t\t<div class=\"elementor-widget-container\">\n\t\t\t\t\t<h4 class=\"elementor-heading-title elementor-size-default\"><h4><span>D\u00e9couvrez la r\u00e9gion :&nbsp;<\/span><a href=\"https:\/\/www.visitpistoia.eu\/\" data-type=\"link\" data-id=\"https:\/\/www.visitpistoia.eu\/\">Visit Pistoia<\/a><\/h4><\/h4>\t\t\t\t<\/div>\n\t\t\t\t<\/div>\n\t\t\t\t\t<\/div>\n\t\t\t\t<\/div>\n\t\t\t\t<\/div>","protected":false},"excerpt":{"rendered":"<p>\u00a0 La\u00a0Doganaccia\u00a0si trova nel comune di\u00a0Abetone Cutigliano\u00a0(PT), sull&#8217;Appennino Tosco Emiliano, ai piedi del passo della Croce Arcana. Uno dei simboli della Doganaccia \u00e8 la chiesetta, una piccola struttura di legno, immediatamente riconoscibile dalla forma caratteristica. Il territorio circostante \u00e8 ricco di splendidi paesaggi, natura incontaminata e piccoli borghi. Inoltre la Doganaccia di si trova a<br \/><a class=\"moretag\" href=\"https:\/\/doga1.etarom.it\/fr\/territoire\/\">+ Read More<\/a><\/p>","protected":false},"author":1,"featured_media":4216,"parent":0,"menu_order":0,"comment_status":"closed","ping_status":"closed","template":"","meta":{"_eb_attr":"","footnotes":""},"class_list":["post-2445","page","type-page","status-publish","has-post-thumbnail","hentry"],"_links":{"self":[{"href":"https:\/\/doga1.etarom.it\/fr\/wp-json\/wp\/v2\/pages\/2445","targetHints":{"allow":["GET"]}}],"collection":[{"href":"https:\/\/doga1.etarom.it\/fr\/wp-json\/wp\/v2\/pages"}],"about":[{"href":"https:\/\/doga1.etarom.it\/fr\/wp-json\/wp\/v2\/types\/page"}],"author":[{"embeddable":true,"href":"https:\/\/doga1.etarom.it\/fr\/wp-json\/wp\/v2\/users\/1"}],"replies":[{"embeddable":true,"href":"https:\/\/doga1.etarom.it\/fr\/wp-json\/wp\/v2\/comments?post=2445"}],"version-history":[{"count":72,"href":"https:\/\/doga1.etarom.it\/fr\/wp-json\/wp\/v2\/pages\/2445\/revisions"}],"predecessor-version":[{"id":4304,"href":"https:\/\/doga1.etarom.it\/fr\/wp-json\/wp\/v2\/pages\/2445\/revisions\/4304"}],"wp:featuredmedia":[{"embeddable":true,"href":"https:\/\/doga1.etarom.it\/fr\/wp-json\/wp\/v2\/media\/4216"}],"wp:attachment":[{"href":"https:\/\/doga1.etarom.it\/fr\/wp-json\/wp\/v2\/media?parent=2445"}],"curies":[{"name":"wp","href":"https:\/\/api.w.org\/{rel}","templated":true}]}}