{"id":2604,"date":"2024-01-31T16:49:51","date_gmt":"2024-01-31T15:49:51","guid":{"rendered":"https:\/\/doga1.etarom.it\/?page_id=2604"},"modified":"2024-02-07T16:26:28","modified_gmt":"2024-02-07T15:26:28","slug":"ecole-de-ski","status":"publish","type":"page","link":"https:\/\/doga1.etarom.it\/fr\/ecole-de-ski\/","title":{"rendered":"Ecole de ski"},"content":{"rendered":"<div data-elementor-type=\"wp-page\" data-elementor-id=\"2604\" class=\"elementor elementor-2604\">\n\t\t\t\t<div class=\"elementor-element elementor-element-13fbcc09 e-flex e-con-boxed e-con e-parent\" data-id=\"13fbcc09\" data-element_type=\"container\" data-e-type=\"container\">\n\t\t\t\t\t<div class=\"e-con-inner\">\n\t\t\t\t<div class=\"elementor-element elementor-element-22a1f4c5 elementor-widget elementor-widget-text-editor\" data-id=\"22a1f4c5\" data-element_type=\"widget\" data-e-type=\"widget\" data-widget_type=\"text-editor.default\">\n\t\t\t\t<div class=\"elementor-widget-container\">\n\t\t\t\t\t\t\t\t\t\n<p class=\" translation-block\">L'\u00e9cole de ski <strong>Amerigo Col\u00f2<\/strong> est situ\u00e9e \u00e0 Doganaccia, o\u00f9 vous pouvez trouver des moniteurs avec de nombreuses ann\u00e9es d'exp\u00e9rience, gr\u00e2ce auxquels chacun peut apprendre \u00e0 skier ou perfectionner son style. L'\u00e9cole, l'une des \u00e9coles les plus fr\u00e9quent\u00e9es des Apennins toscans, propose des cours de ski et de snowboard pour tous les \u00e2ges.<\/p>\n\n<p class=\" translation-block\">Depuis 2000, l'\u00e9cole de ski est d\u00e9di\u00e9e \u00e0 <strong>Amerigo Col\u00f2<\/strong>, l'un des fondateurs en 1961, avec <strong>Zeno Col\u00f2<\/strong> et <strong>Giampiero Danti<\/strong>.<\/p>\n\n<figure class=\"wp-block-image size-large\"><img fetchpriority=\"high\" decoding=\"async\" class=\"alignnone wp-image-2548 size-full\" src=\"https:\/\/doga1.etarom.it\/wp-content\/uploads\/2024\/01\/thumbnail-video.jpg\" alt=\"Scuola di sci Doganaccia. Comune di Abetone Cutigliano, Appennino Tosco Emiliano, Italia\" width=\"1280\" height=\"720\" srcset=\"https:\/\/doga1.etarom.it\/wp-content\/uploads\/2024\/01\/thumbnail-video.jpg 1280w, https:\/\/doga1.etarom.it\/wp-content\/uploads\/2024\/01\/thumbnail-video-300x169.jpg 300w, https:\/\/doga1.etarom.it\/wp-content\/uploads\/2024\/01\/thumbnail-video-1024x576.jpg 1024w, https:\/\/doga1.etarom.it\/wp-content\/uploads\/2024\/01\/thumbnail-video-768x432.jpg 768w, https:\/\/doga1.etarom.it\/wp-content\/uploads\/2024\/01\/thumbnail-video-18x10.jpg 18w\" sizes=\"(max-width: 1280px) 100vw, 1280px\" \/><\/figure>\n\n<p>Aujourd'hui, c'est l'une des \u00e9coles les plus populaires de l'Apennin toscan, gr\u00e2ce \u00e0 la formation p\u00e9dagogique de ses professeurs, dont certains ont eu un pass\u00e9 comp\u00e9titif de tr\u00e8s haut niveau et qui exercent encore l'activit\u00e9 d'entra\u00eeneurs f\u00e9d\u00e9raux et d'instructeurs nationaux. .<\/p>\n\n<p>Gr\u00e2ce au haut professionnalisme garanti par les qualifications obtenues par nos professeurs dans les diff\u00e9rentes disciplines et par nos collaborateurs tels que les guides de montagne et environnementaux, nous sommes en mesure d'offrir une large gamme de services et d'activit\u00e9s, pour satisfaire tout type de besoin: cours particuliers, collectifs, comp\u00e9tition et haut niveau, freeride, ski de randonn\u00e9e, raquettes, ski alpinisme.<\/p>\n\t\t\t\t\t\t\t\t<\/div>\n\t\t\t\t<\/div>\n\t\t\t\t\t<\/div>\n\t\t\t\t<\/div>\n\t\t<div class=\"elementor-element elementor-element-8f87a8c e-flex e-con-boxed e-con e-parent\" data-id=\"8f87a8c\" data-element_type=\"container\" data-e-type=\"container\">\n\t\t\t\t\t<div class=\"e-con-inner\">\n\t\t\t\t<div class=\"elementor-element elementor-element-3c0d82b elementor-widget elementor-widget-shortcode\" data-id=\"3c0d82b\" data-element_type=\"widget\" data-e-type=\"widget\" data-widget_type=\"shortcode.default\">\n\t\t\t\t<div class=\"elementor-widget-container\">\n\t\t\t\t\t\t\t<div class=\"elementor-shortcode\">\n<table id=\"tablepress-17\" class=\"tablepress tablepress-id-17 table-prezzi-estate-funivia\">\n<thead>\n<tr class=\"row-1\">\n\t<th class=\"column-1\">Cours particuliers<\/th><th class=\"column-2\">1 pax\/1h<\/th><th class=\"column-3\">2 pax\/1h<\/th><th class=\"column-4\">3 pax\/1h<\/th><th class=\"column-5\">4 pax\/1h<\/th><th class=\"column-6\">5 pax\/1h<\/th>\n<\/tr>\n<\/thead>\n<tbody class=\"row-striping row-hover\">\n<tr class=\"row-2\">\n\t<td class=\"column-1\">Snowboard<\/td><td class=\"column-2\">\u20ac 36,00<\/td><td class=\"column-3\">\u20ac 38,00<\/td><td class=\"column-4\">\u20ac 42,00<\/td><td class=\"column-5\">\u20ac 45,00<\/td><td class=\"column-6\">\u20ac 50,00<\/td>\n<\/tr>\n<tr class=\"row-3\">\n\t<td class=\"column-1\">Ski<\/td><td class=\"column-2\">\u20ac 34,00<\/td><td class=\"column-3\">\u20ac 38,00<\/td><td class=\"column-4\">\u20ac 42,00<\/td><td class=\"column-5\">\u20ac 46,00<\/td><td class=\"column-6\">\u20ac 51,00<\/td>\n<\/tr>\n<\/tbody>\n<\/table>\n<!-- #tablepress-17 from cache --><\/div>\n\t\t\t\t\t\t<\/div>\n\t\t\t\t<\/div>\n\t\t\t\t\t<\/div>\n\t\t\t\t<\/div>\n\t\t<div class=\"elementor-element elementor-element-e58ed0a e-flex e-con-boxed e-con e-parent\" data-id=\"e58ed0a\" data-element_type=\"container\" data-e-type=\"container\">\n\t\t\t\t\t<div class=\"e-con-inner\">\n\t\t\t\t<div class=\"elementor-element elementor-element-f170ea5 elementor-widget elementor-widget-shortcode\" data-id=\"f170ea5\" data-element_type=\"widget\" data-e-type=\"widget\" data-widget_type=\"shortcode.default\">\n\t\t\t\t<div class=\"elementor-widget-container\">\n\t\t\t\t\t\t\t<div class=\"elementor-shortcode\">\n<table id=\"tablepress-18\" class=\"tablepress tablepress-id-18 table-prezzi-estate-funivia\">\n<thead>\n<tr class=\"row-1\">\n\t<th class=\"column-1\">Cours collectifs<\/th><th class=\"column-2\">3h\/1g<\/th><th class=\"column-3\">6h\/2g<\/th><th class=\"column-4\">9h\/3g<\/th><th class=\"column-5\">12h\/4g<\/th><th class=\"column-6\">15h\/5g<\/th>\n<\/tr>\n<\/thead>\n<tbody class=\"row-striping row-hover\">\n<tr class=\"row-2\">\n\t<td class=\"column-1\">Ski et snowboard<\/td><td class=\"column-2\">\u20ac 45,00<\/td><td class=\"column-3\">\u20ac 70,00<\/td><td class=\"column-4\">\u20ac 85,00<\/td><td class=\"column-5\">\u20ac 95,00<\/td><td class=\"column-6\">\u20ac 105,00<\/td>\n<\/tr>\n<\/tbody>\n<\/table>\n<!-- #tablepress-18 from cache --><\/div>\n\t\t\t\t\t\t<\/div>\n\t\t\t\t<\/div>\n\t\t\t\t\t<\/div>\n\t\t\t\t<\/div>\n\t\t\t\t<\/div>","protected":false},"excerpt":{"rendered":"<p>Alla Doganaccia ha sede la scuola di sci Amerigo Col\u00f2, dove trovare maestri con esperienza pluriennale, grazie ai quali tutti possono imparare a sciare o perfezionare il proprio stile. La scuola, una delle scuole pi\u00f9 frequentate dell\u2019Appennino Toscano, offre lezioni di sci e snowboard per tutte le et\u00e0. Dal 2000 la scuola di sci \u00e8<br \/><a class=\"moretag\" href=\"https:\/\/doga1.etarom.it\/fr\/ecole-de-ski\/\">+ Read More<\/a><\/p>","protected":false},"author":1,"featured_media":3120,"parent":0,"menu_order":0,"comment_status":"closed","ping_status":"closed","template":"","meta":{"_eb_attr":"","footnotes":""},"class_list":["post-2604","page","type-page","status-publish","has-post-thumbnail","hentry"],"_links":{"self":[{"href":"https:\/\/doga1.etarom.it\/fr\/wp-json\/wp\/v2\/pages\/2604","targetHints":{"allow":["GET"]}}],"collection":[{"href":"https:\/\/doga1.etarom.it\/fr\/wp-json\/wp\/v2\/pages"}],"about":[{"href":"https:\/\/doga1.etarom.it\/fr\/wp-json\/wp\/v2\/types\/page"}],"author":[{"embeddable":true,"href":"https:\/\/doga1.etarom.it\/fr\/wp-json\/wp\/v2\/users\/1"}],"replies":[{"embeddable":true,"href":"https:\/\/doga1.etarom.it\/fr\/wp-json\/wp\/v2\/comments?post=2604"}],"version-history":[{"count":17,"href":"https:\/\/doga1.etarom.it\/fr\/wp-json\/wp\/v2\/pages\/2604\/revisions"}],"predecessor-version":[{"id":3135,"href":"https:\/\/doga1.etarom.it\/fr\/wp-json\/wp\/v2\/pages\/2604\/revisions\/3135"}],"wp:featuredmedia":[{"embeddable":true,"href":"https:\/\/doga1.etarom.it\/fr\/wp-json\/wp\/v2\/media\/3120"}],"wp:attachment":[{"href":"https:\/\/doga1.etarom.it\/fr\/wp-json\/wp\/v2\/media?parent=2604"}],"curies":[{"name":"wp","href":"https:\/\/api.w.org\/{rel}","templated":true}]}}