{"id":2617,"date":"2024-01-31T17:27:14","date_gmt":"2024-01-31T16:27:14","guid":{"rendered":"https:\/\/doga1.etarom.it\/?page_id=2617"},"modified":"2024-03-01T15:22:04","modified_gmt":"2024-03-01T14:22:04","slug":"territoire-2","status":"publish","type":"page","link":"https:\/\/doga1.etarom.it\/fr\/territoire-2\/","title":{"rendered":"Parc d'attraction"},"content":{"rendered":"<div data-elementor-type=\"wp-page\" data-elementor-id=\"2617\" class=\"elementor elementor-2617\">\n\t\t\t\t<div class=\"elementor-element elementor-element-5c541f4 e-flex e-con-boxed e-con e-parent\" data-id=\"5c541f4\" data-element_type=\"container\" data-e-type=\"container\">\n\t\t\t\t\t<div class=\"e-con-inner\">\n\t\t\t\t<div class=\"elementor-element elementor-element-ca60445 elementor-widget elementor-widget-text-editor\" data-id=\"ca60445\" data-element_type=\"widget\" data-e-type=\"widget\" data-widget_type=\"text-editor.default\">\n\t\t\t\t<div class=\"elementor-widget-container\">\n\t\t\t\t\t\t\t\t\t<p class=\" translation-block\">Une aventure au milieu des arbres \u00e0 la port\u00e9e de tous, pour tester votre dext\u00e9rit\u00e9 et vous amuser en toute s\u00e9curit\u00e9. Le parc aventure Doganaccia vous attend avec son passionnant <strong>parcours a\u00e9rien au milieu des arbres.<\/strong><\/p>\n<p>Le cours est utile pour d\u00e9velopper, en toute s\u00e9curit\u00e9, les capacit\u00e9s motrices et de coordination des enfants et des jeunes, ainsi que pour stimuler la croissance de l'estime de soi et de la connaissance de son corps.<\/p>\t\t\t\t\t\t\t\t<\/div>\n\t\t\t\t<\/div>\n\t\t\t\t\t<\/div>\n\t\t\t\t<\/div>\n\t\t<div class=\"elementor-element elementor-element-b731a1b e-flex e-con-boxed e-con e-parent\" data-id=\"b731a1b\" data-element_type=\"container\" data-e-type=\"container\">\n\t\t\t\t\t<div class=\"e-con-inner\">\n\t\t\t\t<div class=\"elementor-element elementor-element-7846363 elementor-arrows-position-inside elementor-pagination-position-outside elementor-widget elementor-widget-image-carousel\" data-id=\"7846363\" data-element_type=\"widget\" data-e-type=\"widget\" data-settings=\"{&quot;slides_to_show&quot;:&quot;1&quot;,&quot;navigation&quot;:&quot;both&quot;,&quot;autoplay&quot;:&quot;yes&quot;,&quot;pause_on_hover&quot;:&quot;yes&quot;,&quot;pause_on_interaction&quot;:&quot;yes&quot;,&quot;autoplay_speed&quot;:5000,&quot;infinite&quot;:&quot;yes&quot;,&quot;effect&quot;:&quot;slide&quot;,&quot;speed&quot;:500}\" data-widget_type=\"image-carousel.default\">\n\t\t\t\t<div class=\"elementor-widget-container\">\n\t\t\t\t\t\t\t<div class=\"elementor-image-carousel-wrapper swiper\" role=\"region\" aria-roledescription=\"carousel\" aria-label=\"Carrousel d\u2019images\" dir=\"ltr\">\n\t\t\t<div class=\"elementor-image-carousel swiper-wrapper\" aria-live=\"off\">\n\t\t\t\t\t\t\t\t<div class=\"swiper-slide\" role=\"group\" aria-roledescription=\"slide\" aria-label=\"1 sur 4\" data-no-translation-aria-label=\"\"><figure class=\"swiper-slide-inner\"><img decoding=\"async\" class=\"swiper-slide-image\" src=\"https:\/\/doga1.etarom.it\/wp-content\/uploads\/2020\/12\/Parco-avventura-7.png\" alt=\"Parco avventura (7)\" \/><\/figure><\/div><div class=\"swiper-slide\" role=\"group\" aria-roledescription=\"slide\" aria-label=\"2 sur 4\" data-no-translation-aria-label=\"\"><figure class=\"swiper-slide-inner\"><img decoding=\"async\" class=\"swiper-slide-image\" src=\"https:\/\/doga1.etarom.it\/wp-content\/uploads\/2020\/12\/Parco-avventura-6.png\" alt=\"Parco avventura (6)\" \/><\/figure><\/div><div class=\"swiper-slide\" role=\"group\" aria-roledescription=\"slide\" aria-label=\"3 sur 4\" data-no-translation-aria-label=\"\"><figure class=\"swiper-slide-inner\"><img decoding=\"async\" class=\"swiper-slide-image\" src=\"https:\/\/doga1.etarom.it\/wp-content\/uploads\/2020\/12\/Parco-avventura-5.png\" alt=\"Parco avventura (5)\" \/><\/figure><\/div><div class=\"swiper-slide\" role=\"group\" aria-roledescription=\"slide\" aria-label=\"4 sur 4\" data-no-translation-aria-label=\"\"><figure class=\"swiper-slide-inner\"><img decoding=\"async\" class=\"swiper-slide-image\" src=\"https:\/\/doga1.etarom.it\/wp-content\/uploads\/2020\/12\/Parco-avventura-9.png\" alt=\"Parco avventura (9)\" \/><\/figure><\/div>\t\t\t<\/div>\n\t\t\t\t\t\t\t\t\t\t\t\t<div class=\"elementor-swiper-button elementor-swiper-button-prev\" role=\"button\" tabindex=\"0\">\n\t\t\t\t\t\t<svg aria-hidden=\"true\" class=\"e-font-icon-svg e-eicon-chevron-left\" viewbox=\"0 0 1000 1000\" xmlns=\"http:\/\/www.w3.org\/2000\/svg\"><path d=\"M646 125C629 125 613 133 604 142L308 442C296 454 292 471 292 487 292 504 296 521 308 533L604 854C617 867 629 875 646 875 663 875 679 871 692 858 704 846 713 829 713 812 713 796 708 779 692 767L438 487 692 225C700 217 708 204 708 187 708 171 704 154 692 142 675 129 663 125 646 125Z\"><\/path><\/svg>\t\t\t\t\t<\/div>\n\t\t\t\t\t<div class=\"elementor-swiper-button elementor-swiper-button-next\" role=\"button\" tabindex=\"0\">\n\t\t\t\t\t\t<svg aria-hidden=\"true\" class=\"e-font-icon-svg e-eicon-chevron-right\" viewbox=\"0 0 1000 1000\" xmlns=\"http:\/\/www.w3.org\/2000\/svg\"><path d=\"M696 533C708 521 713 504 713 487 713 471 708 454 696 446L400 146C388 133 375 125 354 125 338 125 325 129 313 142 300 154 292 171 292 187 292 204 296 221 308 233L563 492 304 771C292 783 288 800 288 817 288 833 296 850 308 863 321 871 338 875 354 875 371 875 388 867 400 854L696 533Z\"><\/path><\/svg>\t\t\t\t\t<\/div>\n\t\t\t\t\n\t\t\t\t\t\t\t\t\t<div class=\"swiper-pagination\"><\/div>\n\t\t\t\t\t\t\t\t\t<\/div>\n\t\t\t\t\t\t<\/div>\n\t\t\t\t<\/div>\n\t\t\t\t\t<\/div>\n\t\t\t\t<\/div>\n\t\t<div class=\"elementor-element elementor-element-c8e5533 e-flex e-con-boxed e-con e-parent\" data-id=\"c8e5533\" data-element_type=\"container\" data-e-type=\"container\">\n\t\t\t\t\t<div class=\"e-con-inner\">\n\t\t\t\t<div class=\"elementor-element elementor-element-f2bb909 elementor-widget elementor-widget-text-editor\" data-id=\"f2bb909\" data-element_type=\"widget\" data-e-type=\"widget\" data-widget_type=\"text-editor.default\">\n\t\t\t\t<div class=\"elementor-widget-container\">\n\t\t\t\t\t\t\t\t\t<p>Il y a trois parcours \u00e0 l'int\u00e9rieur du Parc Aventure :<\/p>\n<p class=\" translation-block\"><strong>parcours bleu<\/strong>, le plus simple, d'une hauteur maximale de 1,50 m, sp\u00e9cialement d\u00e9di\u00e9 aux enfants, avec ponts tib\u00e9tains, escaliers et t\u00e9l\u00e9ph\u00e9riques\u00a0;<\/p>\n<p class=\" translation-block\"><strong>chemin vert<\/strong>, jusqu'\u00e0 5 m de haut, troncs, lianes et passages dans des filets suspendus<\/p>\n<p class=\" translation-block\"><strong>parcours rouge<\/strong>, d'une hauteur allant jusqu'\u00e0 8 m, avec des \u00e9chelles, des balan\u00e7oires qui se balancent dans les airs et le maxi\u00a0t\u00e9l\u00e9ph\u00e9rique, qui vous plongera directement dans les bois.<\/p>\n<p>Ne manquez pas le rail bob qui s'\u00e9tend sur 700 m dans la for\u00eat de h\u00eatres<span style=\"color: #393939; font-family: Poppins;\"><span style=\"font-size: 20px;\">.<\/span><\/span><\/p>\t\t\t\t\t\t\t\t<\/div>\n\t\t\t\t<\/div>\n\t\t\t\t\t<\/div>\n\t\t\t\t<\/div>\n\t\t<div class=\"elementor-element elementor-element-970a22a e-flex e-con-boxed e-con e-parent\" data-id=\"970a22a\" data-element_type=\"container\" data-e-type=\"container\">\n\t\t\t\t\t<div class=\"e-con-inner\">\n\t\t\t\t<div class=\"elementor-element elementor-element-52b77b3 elementor-widget elementor-widget-shortcode\" data-id=\"52b77b3\" data-element_type=\"widget\" data-e-type=\"widget\" data-widget_type=\"shortcode.default\">\n\t\t\t\t<div class=\"elementor-widget-container\">\n\t\t\t\t\t\t\t<div class=\"elementor-shortcode\">\n<table id=\"tablepress-20\" class=\"tablepress tablepress-id-20 table-prezzi-estate-funivia\">\n<thead>\n<tr class=\"row-1\">\n\t<th class=\"column-1\">Parc d'attraction<\/th><td class=\"column-2\"><\/td>\n<\/tr>\n<\/thead>\n<tbody class=\"row-striping row-hover\">\n<tr class=\"row-2\">\n\t<td class=\"column-1\">Parc aventure b\u00e9b\u00e9 (2-5 ans) Petit parcours + jeux gonflables (2 heures)\t<\/td><td class=\"column-2\">\u20ac 8,00<\/td>\n<\/tr>\n<tr class=\"row-3\">\n\t<td class=\"column-1\">Parc aventure junior (5-7 ans) Petit parcours + parc bleu\t<\/td><td class=\"column-2\">\u20ac 10,00<br \/>\n<\/td>\n<\/tr>\n<tr class=\"row-4\">\n\t<td class=\"column-1\">Parc aventure junior (8-12 ans) Parc bleu + parc vert<br \/>\n<\/td><td class=\"column-2\">\u20ac 15,00<br \/>\n<\/td>\n<\/tr>\n<tr class=\"row-5\">\n\t<td class=\"column-1\">Parc aventure pour adultes (&gt;13 ans) Parcours bleu + vert + rouge + t\u00e9l\u00e9ph\u00e9rique + rock gym\t<\/td><td class=\"column-2\">\u20ac 20,00<br \/>\n<\/td>\n<\/tr>\n<tr class=\"row-6\">\n\t<td class=\"column-1\">T\u00e9l\u00e9ph\u00e9rique + rock gym &gt;40kg<\/td><td class=\"column-2\">\u20ac 10,00<br \/>\n<\/td>\n<\/tr>\n<tr class=\"row-7\">\n\t<td class=\"column-1\">Teleferica >40kg\t<\/td><td class=\"column-2\">\u20ac 7,00<br \/>\n<\/td>\n<\/tr>\n<tr class=\"row-8\">\n\t<td class=\"column-1\">Salle d'escalade (3 tours)\t<\/td><td class=\"column-2\">\u20ac 7,00<\/td>\n<\/tr>\n<\/tbody>\n<\/table>\n<!-- #tablepress-20 from cache --><\/div>\n\t\t\t\t\t\t<\/div>\n\t\t\t\t<\/div>\n\t\t\t\t\t<\/div>\n\t\t\t\t<\/div>\n\t\t<div class=\"elementor-element elementor-element-0866b39 e-flex e-con-boxed e-con e-parent\" data-id=\"0866b39\" data-element_type=\"container\" data-e-type=\"container\">\n\t\t\t\t\t<div class=\"e-con-inner\">\n\t\t\t\t<div class=\"elementor-element elementor-element-38c470c elementor-widget elementor-widget-shortcode\" data-id=\"38c470c\" data-element_type=\"widget\" data-e-type=\"widget\" data-widget_type=\"shortcode.default\">\n\t\t\t\t<div class=\"elementor-widget-container\">\n\t\t\t\t\t\t\t<div class=\"elementor-shortcode\">\n<table id=\"tablepress-21\" class=\"tablepress tablepress-id-21 table-prezzi-estate-funivia\">\n<thead>\n<tr class=\"row-1\">\n\t<th class=\"column-1\">Parc aventure et bobsleigh sur rails<\/th><td class=\"column-2\"><\/td>\n<\/tr>\n<\/thead>\n<tbody class=\"row-striping row-hover\">\n<tr class=\"row-2\">\n\t<td class=\"column-1\">Parc aventure b\u00e9b\u00e9 (8-12 ans) Parcours bleu + parcours vert + 2 balades en bobsleigh + salle d'escalade + 1 tyrolienne\t<\/td><td class=\"column-2\">\u20ac 15,00<br \/>\n<\/td>\n<\/tr>\n<tr class=\"row-3\">\n\t<td class=\"column-1\">Parc aventure pour adultes (+ de 13 ans) Parcours bleu + parcours vert + parcours rouge + rock gym + 2 balades en bobsleigh + 1 tyrolienne\t<\/td><td class=\"column-2\">\u20ac 25,00<br \/>\n<\/td>\n<\/tr>\n<tr class=\"row-4\">\n\t<td class=\"column-1\">Parc aventure + Bob (2 man\u00e8ges) b\u00e9b\u00e9\t<\/td><td class=\"column-2\">\u20ac 18,00<br \/>\n<\/td>\n<\/tr>\n<tr class=\"row-5\">\n\t<td class=\"column-1\">Parc aventure + Bob (2 man\u00e8ges) adultes\t<\/td><td class=\"column-2\">\u20ac 23,00<br \/>\n<\/td>\n<\/tr>\n<\/tbody>\n<\/table>\n<!-- #tablepress-21 from cache --><\/div>\n\t\t\t\t\t\t<\/div>\n\t\t\t\t<\/div>\n\t\t\t\t\t<\/div>\n\t\t\t\t<\/div>\n\t\t<div class=\"elementor-element elementor-element-c72ae47 e-flex e-con-boxed e-con e-parent\" data-id=\"c72ae47\" data-element_type=\"container\" data-e-type=\"container\">\n\t\t\t\t\t<div class=\"e-con-inner\">\n\t\t\t\t<div class=\"elementor-element elementor-element-dd3ca14 elementor-widget elementor-widget-shortcode\" data-id=\"dd3ca14\" data-element_type=\"widget\" data-e-type=\"widget\" data-widget_type=\"shortcode.default\">\n\t\t\t\t<div class=\"elementor-widget-container\">\n\t\t\t\t\t\t\t<div class=\"elementor-shortcode\">\n<table id=\"tablepress-22\" class=\"tablepress tablepress-id-22 table-prezzi-estate-funivia\">\n<thead>\n<tr class=\"row-1\">\n\t<th class=\"column-1\">Bobsleigh sur rails<\/th><td class=\"column-2\"><\/td>\n<\/tr>\n<\/thead>\n<tbody class=\"row-striping row-hover\">\n<tr class=\"row-2\">\n\t<td class=\"column-1\">Bob 1 course b\u00e9b\u00e9 (8-12 ans)\t<\/td><td class=\"column-2\">\u20ac 3,00<br \/>\n<\/td>\n<\/tr>\n<tr class=\"row-3\">\n\t<td class=\"column-1\">Bob 5 court b\u00e9b\u00e9\t<\/td><td class=\"column-2\">\u20ac 14,00<br \/>\n<\/td>\n<\/tr>\n<tr class=\"row-4\">\n\t<td class=\"column-1\">Bob 10 courses b\u00e9b\u00e9\t<\/td><td class=\"column-2\">\u20ac 25,00<br \/>\n<\/td>\n<\/tr>\n<tr class=\"row-5\">\n\t<td class=\"column-1\">Bobsleigh 1 course adulte (plus de 13 ans)\t<\/td><td class=\"column-2\">\u20ac 4,00<br \/>\n<\/td>\n<\/tr>\n<tr class=\"row-6\">\n\t<td class=\"column-1\">Bobsleigh 5 courses adultes<\/td><td class=\"column-2\">\u20ac 18,00<\/td>\n<\/tr>\n<tr class=\"row-7\">\n\t<td class=\"column-1\">Bobsleigh 10 courses adultes<\/td><td class=\"column-2\">\u20ac 30,00<\/td>\n<\/tr>\n<\/tbody>\n<\/table>\n<!-- #tablepress-22 from cache --><\/div>\n\t\t\t\t\t\t<\/div>\n\t\t\t\t<\/div>\n\t\t\t\t\t<\/div>\n\t\t\t\t<\/div>\n\t\t\t\t<\/div>","protected":false},"excerpt":{"rendered":"<p>Un\u2019avventura tra gli alberi alla portata di tutti, per mettere alla prova la propria destrezza e divertirsi in sicurezza. Il Parco avventura della Doganaccia vi aspetta con il suo emozionante percorso aereo fra gli alberi. Il percorso \u00e8 utile per sviluppare, in tutta sicurezza, la capacit\u00e0 motoria e di coordinazione in bambini e ragazzi, oltre<br \/><a class=\"moretag\" href=\"https:\/\/doga1.etarom.it\/fr\/territoire-2\/\">+ Read More<\/a><\/p>","protected":false},"author":1,"featured_media":3100,"parent":0,"menu_order":0,"comment_status":"closed","ping_status":"closed","template":"","meta":{"_eb_attr":"","footnotes":""},"class_list":["post-2617","page","type-page","status-publish","has-post-thumbnail","hentry"],"_links":{"self":[{"href":"https:\/\/doga1.etarom.it\/fr\/wp-json\/wp\/v2\/pages\/2617","targetHints":{"allow":["GET"]}}],"collection":[{"href":"https:\/\/doga1.etarom.it\/fr\/wp-json\/wp\/v2\/pages"}],"about":[{"href":"https:\/\/doga1.etarom.it\/fr\/wp-json\/wp\/v2\/types\/page"}],"author":[{"embeddable":true,"href":"https:\/\/doga1.etarom.it\/fr\/wp-json\/wp\/v2\/users\/1"}],"replies":[{"embeddable":true,"href":"https:\/\/doga1.etarom.it\/fr\/wp-json\/wp\/v2\/comments?post=2617"}],"version-history":[{"count":42,"href":"https:\/\/doga1.etarom.it\/fr\/wp-json\/wp\/v2\/pages\/2617\/revisions"}],"predecessor-version":[{"id":4101,"href":"https:\/\/doga1.etarom.it\/fr\/wp-json\/wp\/v2\/pages\/2617\/revisions\/4101"}],"wp:featuredmedia":[{"embeddable":true,"href":"https:\/\/doga1.etarom.it\/fr\/wp-json\/wp\/v2\/media\/3100"}],"wp:attachment":[{"href":"https:\/\/doga1.etarom.it\/fr\/wp-json\/wp\/v2\/media?parent=2617"}],"curies":[{"name":"wp","href":"https:\/\/api.w.org\/{rel}","templated":true}]}}