{"id":2700,"date":"2024-02-01T18:03:11","date_gmt":"2024-02-01T17:03:11","guid":{"rendered":"https:\/\/doga1.etarom.it\/?page_id=2700"},"modified":"2025-04-03T13:05:25","modified_gmt":"2025-04-03T11:05:25","slug":"territoire-3","status":"publish","type":"page","link":"https:\/\/doga1.etarom.it\/fr\/territoire-3\/","title":{"rendered":"T\u00e9l\u00e9ph\u00e9rique"},"content":{"rendered":"<div data-elementor-type=\"wp-page\" data-elementor-id=\"2700\" class=\"elementor elementor-2700\">\n\t\t\t\t<div class=\"elementor-element elementor-element-5c541f4 e-flex e-con-boxed e-con e-parent\" data-id=\"5c541f4\" data-element_type=\"container\" data-e-type=\"container\">\n\t\t\t\t\t<div class=\"e-con-inner\">\n\t\t\t\t<div class=\"elementor-element elementor-element-ca60445 elementor-widget elementor-widget-text-editor\" data-id=\"ca60445\" data-element_type=\"widget\" data-e-type=\"widget\" data-widget_type=\"text-editor.default\">\n\t\t\t\t<div class=\"elementor-widget-container\">\n\t\t\t\t\t\t\t\t\t<p>La funivia unisce il borgo di Cutigliano al comprensorio sciistico della Doganaccia. Si sviluppa su 2.988 m per un dislivello di 785 m. Le vetture sono denominate &#8220;Tina&#8221; e &#8220;Cinzia&#8221; e quest&#8217;ultima \u00e8 dedicata all&#8217;Ing. Cinzia Mocetti, della ditta Agudio, progettista dell&#8217;impianto.<\/p>\t\t\t\t\t\t\t\t<\/div>\n\t\t\t\t<\/div>\n\t\t\t\t\t<\/div>\n\t\t\t\t<\/div>\n\t\t<div class=\"elementor-element elementor-element-b731a1b e-flex e-con-boxed e-con e-parent\" data-id=\"b731a1b\" data-element_type=\"container\" data-e-type=\"container\">\n\t\t\t\t\t<div class=\"e-con-inner\">\n\t\t\t\t<div class=\"elementor-element elementor-element-7846363 elementor-arrows-position-inside elementor-pagination-position-outside elementor-widget elementor-widget-image-carousel\" data-id=\"7846363\" data-element_type=\"widget\" data-e-type=\"widget\" data-settings=\"{&quot;slides_to_show&quot;:&quot;1&quot;,&quot;navigation&quot;:&quot;both&quot;,&quot;autoplay&quot;:&quot;yes&quot;,&quot;pause_on_hover&quot;:&quot;yes&quot;,&quot;pause_on_interaction&quot;:&quot;yes&quot;,&quot;autoplay_speed&quot;:5000,&quot;infinite&quot;:&quot;yes&quot;,&quot;effect&quot;:&quot;slide&quot;,&quot;speed&quot;:500}\" data-widget_type=\"image-carousel.default\">\n\t\t\t\t<div class=\"elementor-widget-container\">\n\t\t\t\t\t\t\t<div class=\"elementor-image-carousel-wrapper swiper\" role=\"region\" aria-roledescription=\"carousel\" aria-label=\"Carosello d&#039;immagini\" dir=\"ltr\">\n\t\t\t<div class=\"elementor-image-carousel swiper-wrapper\" aria-live=\"off\">\n\t\t\t\t\t\t\t\t<div class=\"swiper-slide\" role=\"group\" aria-roledescription=\"slide\" aria-label=\"1 di 3\"><figure class=\"swiper-slide-inner\"><img decoding=\"async\" class=\"swiper-slide-image\" src=\"https:\/\/doga1.etarom.it\/wp-content\/uploads\/2024\/02\/Funivia-Cutigliano-Doganaccia-3-1.png\" alt=\"Funivia Cutigliano-Doganaccia (3)\" \/><\/figure><\/div><div class=\"swiper-slide\" role=\"group\" aria-roledescription=\"slide\" aria-label=\"2 di 3\"><figure class=\"swiper-slide-inner\"><img decoding=\"async\" class=\"swiper-slide-image\" src=\"https:\/\/doga1.etarom.it\/wp-content\/uploads\/2024\/02\/Funivia-Cutigliano-Doganaccia-4-1.png\" alt=\"Funivia Cutigliano-Doganaccia (4)\" \/><\/figure><\/div><div class=\"swiper-slide\" role=\"group\" aria-roledescription=\"slide\" aria-label=\"3 di 3\"><figure class=\"swiper-slide-inner\"><img decoding=\"async\" class=\"swiper-slide-image\" src=\"https:\/\/doga1.etarom.it\/wp-content\/uploads\/2024\/02\/Funivia-Cutigliano-Doganaccia-1-1.png\" alt=\"Funivia Cutigliano-Doganaccia (1)\" \/><\/figure><\/div>\t\t\t<\/div>\n\t\t\t\t\t\t\t\t\t\t\t\t<div class=\"elementor-swiper-button elementor-swiper-button-prev\" role=\"button\" tabindex=\"0\">\n\t\t\t\t\t\t<svg aria-hidden=\"true\" class=\"e-font-icon-svg e-eicon-chevron-left\" viewbox=\"0 0 1000 1000\" xmlns=\"http:\/\/www.w3.org\/2000\/svg\"><path d=\"M646 125C629 125 613 133 604 142L308 442C296 454 292 471 292 487 292 504 296 521 308 533L604 854C617 867 629 875 646 875 663 875 679 871 692 858 704 846 713 829 713 812 713 796 708 779 692 767L438 487 692 225C700 217 708 204 708 187 708 171 704 154 692 142 675 129 663 125 646 125Z\"><\/path><\/svg>\t\t\t\t\t<\/div>\n\t\t\t\t\t<div class=\"elementor-swiper-button elementor-swiper-button-next\" role=\"button\" tabindex=\"0\">\n\t\t\t\t\t\t<svg aria-hidden=\"true\" class=\"e-font-icon-svg e-eicon-chevron-right\" viewbox=\"0 0 1000 1000\" xmlns=\"http:\/\/www.w3.org\/2000\/svg\"><path d=\"M696 533C708 521 713 504 713 487 713 471 708 454 696 446L400 146C388 133 375 125 354 125 338 125 325 129 313 142 300 154 292 171 292 187 292 204 296 221 308 233L563 492 304 771C292 783 288 800 288 817 288 833 296 850 308 863 321 871 338 875 354 875 371 875 388 867 400 854L696 533Z\"><\/path><\/svg>\t\t\t\t\t<\/div>\n\t\t\t\t\n\t\t\t\t\t\t\t\t\t<div class=\"swiper-pagination\"><\/div>\n\t\t\t\t\t\t\t\t\t<\/div>\n\t\t\t\t\t\t<\/div>\n\t\t\t\t<\/div>\n\t\t\t\t\t<\/div>\n\t\t\t\t<\/div>\n\t\t<div class=\"elementor-element elementor-element-398ddda e-flex e-con-boxed e-con e-parent\" data-id=\"398ddda\" data-element_type=\"container\" data-e-type=\"container\">\n\t\t\t\t\t<div class=\"e-con-inner\">\n\t\t\t\t<div class=\"elementor-element elementor-element-57b10a3 elementor-widget elementor-widget-heading\" data-id=\"57b10a3\" data-element_type=\"widget\" data-e-type=\"widget\" data-widget_type=\"heading.default\">\n\t\t\t\t<div class=\"elementor-widget-container\">\n\t\t\t\t\t<h4 class=\"elementor-heading-title elementor-size-default\">Horaires<\/h4>\t\t\t\t<\/div>\n\t\t\t\t<\/div>\n\t\t\t\t\t<\/div>\n\t\t\t\t<\/div>\n\t\t<div class=\"elementor-element elementor-element-1b26999 e-flex e-con-boxed e-con e-parent\" data-id=\"1b26999\" data-element_type=\"container\" data-e-type=\"container\">\n\t\t\t\t\t<div class=\"e-con-inner\">\n\t\t\t\t<div class=\"elementor-element elementor-element-87a05af elementor-widget elementor-widget-text-editor\" data-id=\"87a05af\" data-element_type=\"widget\" data-e-type=\"widget\" data-widget_type=\"text-editor.default\">\n\t\t\t\t<div class=\"elementor-widget-container\">\n\t\t\t\t\t\t\t\t\t<p><span style=\"text-align: var(--text-align);\"><span style=\"color: #494848; font-family: Poppins, sans-serif;\">La funivia \u00e8 <b>aperta&nbsp;<\/b><\/span><\/span><span style=\"text-align: var(--text-align);\"><font color=\"#494848\" face=\"Poppins, sans-serif\">tutti i <b>fine settimana di aprile e maggio<\/b> dalle 8 alle 12:50 e dalle 14 alle 17.&nbsp;<\/font><\/span><\/p>\n<p><span style=\"text-align: var(--text-align);\"><font color=\"#494848\" face=\"Poppins, sans-serif\">Su richiesta apertura per gruppi anche durante la settimana.<\/font><\/span><\/p>\t\t\t\t\t\t\t\t<\/div>\n\t\t\t\t<\/div>\n\t\t\t\t\t<\/div>\n\t\t\t\t<\/div>\n\t\t<div class=\"elementor-element elementor-element-21a5aea e-flex e-con-boxed e-con e-parent\" data-id=\"21a5aea\" data-element_type=\"container\" data-e-type=\"container\">\n\t\t\t\t\t<div class=\"e-con-inner\">\n\t\t\t\t<div class=\"elementor-element elementor-element-cb5d008 elementor-widget elementor-widget-spacer\" data-id=\"cb5d008\" data-element_type=\"widget\" data-e-type=\"widget\" data-widget_type=\"spacer.default\">\n\t\t\t\t<div class=\"elementor-widget-container\">\n\t\t\t\t\t\t\t<div class=\"elementor-spacer\">\n\t\t\t<div class=\"elementor-spacer-inner\"><\/div>\n\t\t<\/div>\n\t\t\t\t\t\t<\/div>\n\t\t\t\t<\/div>\n\t\t\t\t\t<\/div>\n\t\t\t\t<\/div>\n\t\t<div class=\"elementor-element elementor-element-0aa17b2 e-flex e-con-boxed e-con e-parent\" data-id=\"0aa17b2\" data-element_type=\"container\" data-e-type=\"container\">\n\t\t\t\t\t<div class=\"e-con-inner\">\n\t\t\t\t<div class=\"elementor-element elementor-element-feda2ae elementor-widget elementor-widget-shortcode\" data-id=\"feda2ae\" data-element_type=\"widget\" data-e-type=\"widget\" data-widget_type=\"shortcode.default\">\n\t\t\t\t<div class=\"elementor-widget-container\">\n\t\t\t\t\t\t\t<div class=\"elementor-shortcode\">\n<table id=\"tablepress-15\" class=\"tablepress tablepress-id-15 table-prezzi-estate-funivia\">\n<thead>\n<tr class=\"row-1\">\n\t<th class=\"column-1\">Funivia Cutigliano Doganaccia<\/th><td class=\"column-2\"><\/td>\n<\/tr>\n<\/thead>\n<tbody class=\"row-striping row-hover\">\n<tr class=\"row-2\">\n\t<td class=\"column-1\">Aller-retour plein tarif<\/td><td class=\"column-2\">\u20ac 12,00<\/td>\n<\/tr>\n<tr class=\"row-3\">\n\t<td class=\"column-1\">A\/R ridotto (gruppi e baby)<\/td><td class=\"column-2\">\u20ac 9,00<\/td>\n<\/tr>\n<tr class=\"row-4\">\n\t<td class=\"column-1\">Sens Unique<\/td><td class=\"column-2\">\u20ac 7,00<\/td>\n<\/tr>\n<tr class=\"row-5\">\n\t<td class=\"column-1\">V\u00e9lo quotidien<\/td><td class=\"column-2\">\u20ac 25,00<\/td>\n<\/tr>\n<tr class=\"row-6\">\n\t<td class=\"column-1\">V\u00e9lo matin\/apr\u00e8s-midi<\/td><td class=\"column-2\">\u20ac 20,00<\/td>\n<\/tr>\n<tr class=\"row-7\">\n\t<td class=\"column-1\">V\u00e9lo \u00e0 sens unique<\/td><td class=\"column-2\">\u20ac 10,00<\/td>\n<\/tr>\n<\/tbody>\n<\/table>\n<!-- #tablepress-15 from cache --><\/div>\n\t\t\t\t\t\t<\/div>\n\t\t\t\t<\/div>\n\t\t\t\t\t<\/div>\n\t\t\t\t<\/div>\n\t\t\t\t<\/div>","protected":false},"excerpt":{"rendered":"<p>La funivia unisce il borgo di Cutigliano al comprensorio sciistico della Doganaccia. Si sviluppa su 2.988 m per un dislivello di 785 m. Le vetture sono denominate &#8220;Tina&#8221; e &#8220;Cinzia&#8221; e quest&#8217;ultima \u00e8 dedicata all&#8217;Ing. Cinzia Mocetti, della ditta Agudio, progettista dell&#8217;impianto. Orari La funivia \u00e8 aperta&nbsp;tutti i fine settimana di aprile e maggio dalle<br \/><a class=\"moretag\" href=\"https:\/\/doga1.etarom.it\/fr\/territoire-3\/\">+ Read More<\/a><\/p>","protected":false},"author":1,"featured_media":3193,"parent":0,"menu_order":0,"comment_status":"closed","ping_status":"closed","template":"","meta":{"_eb_attr":"","footnotes":""},"class_list":["post-2700","page","type-page","status-publish","has-post-thumbnail","hentry"],"_links":{"self":[{"href":"https:\/\/doga1.etarom.it\/fr\/wp-json\/wp\/v2\/pages\/2700","targetHints":{"allow":["GET"]}}],"collection":[{"href":"https:\/\/doga1.etarom.it\/fr\/wp-json\/wp\/v2\/pages"}],"about":[{"href":"https:\/\/doga1.etarom.it\/fr\/wp-json\/wp\/v2\/types\/page"}],"author":[{"embeddable":true,"href":"https:\/\/doga1.etarom.it\/fr\/wp-json\/wp\/v2\/users\/1"}],"replies":[{"embeddable":true,"href":"https:\/\/doga1.etarom.it\/fr\/wp-json\/wp\/v2\/comments?post=2700"}],"version-history":[{"count":65,"href":"https:\/\/doga1.etarom.it\/fr\/wp-json\/wp\/v2\/pages\/2700\/revisions"}],"predecessor-version":[{"id":4842,"href":"https:\/\/doga1.etarom.it\/fr\/wp-json\/wp\/v2\/pages\/2700\/revisions\/4842"}],"wp:featuredmedia":[{"embeddable":true,"href":"https:\/\/doga1.etarom.it\/fr\/wp-json\/wp\/v2\/media\/3193"}],"wp:attachment":[{"href":"https:\/\/doga1.etarom.it\/fr\/wp-json\/wp\/v2\/media?parent=2700"}],"curies":[{"name":"wp","href":"https:\/\/api.w.org\/{rel}","templated":true}]}}