{"id":2849,"date":"2024-02-02T16:05:24","date_gmt":"2024-02-02T15:05:24","guid":{"rendered":"https:\/\/doga1.etarom.it\/?page_id=2849"},"modified":"2024-11-21T11:15:02","modified_gmt":"2024-11-21T10:15:02","slug":"location-hiver","status":"publish","type":"page","link":"https:\/\/doga1.etarom.it\/fr\/location-hiver\/","title":{"rendered":"Location hiver"},"content":{"rendered":"<div data-elementor-type=\"wp-page\" data-elementor-id=\"2849\" class=\"elementor elementor-2849\">\n\t\t\t\t<div class=\"elementor-element elementor-element-bb3e0e0 e-flex e-con-boxed e-con e-parent\" data-id=\"bb3e0e0\" data-element_type=\"container\" data-e-type=\"container\">\n\t\t\t\t\t<div class=\"e-con-inner\">\n\t\t\t\t<div class=\"elementor-element elementor-element-035eead elementor-widget elementor-widget-shortcode\" data-id=\"035eead\" data-element_type=\"widget\" data-e-type=\"widget\" data-widget_type=\"shortcode.default\">\n\t\t\t\t<div class=\"elementor-widget-container\">\n\t\t\t\t\t\t\t<div class=\"elementor-shortcode\">\n<table id=\"tablepress-16\" class=\"tablepress tablepress-id-16 table-prezzi-estate-funivia\">\n<thead>\n<tr class=\"row-1\">\n\t<th class=\"column-1\">Location \u00e0 la journ\u00e9e<\/th><td class=\"column-2\"><\/td>\n<\/tr>\n<\/thead>\n<tbody class=\"row-striping row-hover\">\n<tr class=\"row-2\">\n\t<td class=\"column-1\">Tenue junior - ski de base<\/td><td class=\"column-2\">\u20ac 15,00<\/td>\n<\/tr>\n<tr class=\"row-3\">\n\t<td class=\"column-1\">Tenue senior - ski de base<\/td><td class=\"column-2\">\u20ac 20,00<\/td>\n<\/tr>\n<tr class=\"row-4\">\n\t<td class=\"column-1\">Skis de base junior uniquement<\/td><td class=\"column-2\">\u20ac 10,00<\/td>\n<\/tr>\n<tr class=\"row-5\">\n\t<td class=\"column-1\">Skis de base senior uniquement<\/td><td class=\"column-2\">\u20ac 15,00<\/td>\n<\/tr>\n<tr class=\"row-6\">\n\t<td class=\"column-1\">Bottes junior uniquement<\/td><td class=\"column-2\">\u20ac 8,00<\/td>\n<\/tr>\n<tr class=\"row-7\">\n\t<td class=\"column-1\">Bottes senior uniquement<\/td><td class=\"column-2\">\u20ac 10,00<\/td>\n<\/tr>\n<tr class=\"row-8\">\n\t<td class=\"column-1\">Skis senior \u00e9lite uniquement<\/td><td class=\"column-2\">\u20ac 25,00<\/td>\n<\/tr>\n<tr class=\"row-9\">\n\t<td class=\"column-1\">Casque uniquement<\/td><td class=\"column-2\">\u20ac 3,00<\/td>\n<\/tr>\n<tr class=\"row-10\">\n\t<td class=\"column-1\">B\u00e2tons uniquement<\/td><td class=\"column-2\">\u20ac 2,00<\/td>\n<\/tr>\n<tr class=\"row-11\">\n\t<td class=\"column-1\">Marche \u00e0 neige Completo (junior\/senior)<\/td><td class=\"column-2\">\u20ac 40,00<\/td>\n<\/tr>\n<tr class=\"row-12\">\n\t<td class=\"column-1\">Ensemble neige normal (junior\/senior)<\/td><td class=\"column-2\">\u20ac 25,00<\/td>\n<\/tr>\n<tr class=\"row-13\">\n\t<td class=\"column-1\">Chaussure + fixation step-on (junior\/senior)<\/td><td class=\"column-2\">\u20ac 25,00<\/td>\n<\/tr>\n<tr class=\"row-14\">\n\t<td class=\"column-1\">Raquettes<\/td><td class=\"column-2\">\u20ac 12,00<\/td>\n<\/tr>\n<tr class=\"row-15\">\n\t<td class=\"column-1\">Pans<\/td><td class=\"column-2\">\u20ac 2,00<\/td>\n<\/tr>\n<tr class=\"row-16\">\n\t<td class=\"column-1\">Bob (max 4 heures)<\/td><td class=\"column-2\">\u20ac 8,00<\/td>\n<\/tr>\n<tr class=\"row-17\">\n\t<td class=\"column-1\">Bob toute la journ\u00e9e (+4 heures)<\/td><td class=\"column-2\">\u20ac 10,00<\/td>\n<\/tr>\n<\/tbody>\n<\/table>\n<!-- #tablepress-16 from cache --><\/div>\n\t\t\t\t\t\t<\/div>\n\t\t\t\t<\/div>\n\t\t\t\t\t<\/div>\n\t\t\t\t<\/div>\n\t\t<div class=\"elementor-element elementor-element-ed001d3 e-flex e-con-boxed e-con e-parent\" data-id=\"ed001d3\" data-element_type=\"container\" data-e-type=\"container\">\n\t\t\t\t\t<div class=\"e-con-inner\">\n\t\t\t\t<div class=\"elementor-element elementor-element-2c1e6f5 elementor-widget elementor-widget-text-editor\" data-id=\"2c1e6f5\" data-element_type=\"widget\" data-e-type=\"widget\" data-widget_type=\"text-editor.default\">\n\t\t\t\t<div class=\"elementor-widget-container\">\n\t\t\t\t\t\t\t\t\t<p class=\" translation-block\">Le <em>set<\/em>\u00a0comprend\u00a0: 1 paire de chaussures, 1 paire de skis ou de snowboards, 1 paire de b\u00e2tons. Le casque n'est pas inclus.<\/p>\n<p>Tous les prix doivent \u00eatre consid\u00e9r\u00e9s comme journaliers et non divisibles.&nbsp;<\/p>\n<p>R\u00e9ductions pour groupes et groupes.<\/p>\t\t\t\t\t\t\t\t<\/div>\n\t\t\t\t<\/div>\n\t\t\t\t\t<\/div>\n\t\t\t\t<\/div>\n\t\t\t\t<\/div>","protected":false},"excerpt":{"rendered":"<p>Il completo&nbsp;comprende: 1 paio di scarponi, 1 paio di sci o snowboard, 1 paio di bastoncini. Il casco non \u00e8 compreso.&nbsp; Tutti i prezzi sono da considerarsi giornalieri e non frazionabili.&nbsp; Agevolazioni per gruppi e comitive.<\/p>","protected":false},"author":1,"featured_media":4198,"parent":0,"menu_order":0,"comment_status":"closed","ping_status":"closed","template":"","meta":{"_eb_attr":"","footnotes":""},"class_list":["post-2849","page","type-page","status-publish","has-post-thumbnail","hentry"],"_links":{"self":[{"href":"https:\/\/doga1.etarom.it\/fr\/wp-json\/wp\/v2\/pages\/2849","targetHints":{"allow":["GET"]}}],"collection":[{"href":"https:\/\/doga1.etarom.it\/fr\/wp-json\/wp\/v2\/pages"}],"about":[{"href":"https:\/\/doga1.etarom.it\/fr\/wp-json\/wp\/v2\/types\/page"}],"author":[{"embeddable":true,"href":"https:\/\/doga1.etarom.it\/fr\/wp-json\/wp\/v2\/users\/1"}],"replies":[{"embeddable":true,"href":"https:\/\/doga1.etarom.it\/fr\/wp-json\/wp\/v2\/comments?post=2849"}],"version-history":[{"count":20,"href":"https:\/\/doga1.etarom.it\/fr\/wp-json\/wp\/v2\/pages\/2849\/revisions"}],"predecessor-version":[{"id":4801,"href":"https:\/\/doga1.etarom.it\/fr\/wp-json\/wp\/v2\/pages\/2849\/revisions\/4801"}],"wp:featuredmedia":[{"embeddable":true,"href":"https:\/\/doga1.etarom.it\/fr\/wp-json\/wp\/v2\/media\/4198"}],"wp:attachment":[{"href":"https:\/\/doga1.etarom.it\/fr\/wp-json\/wp\/v2\/media?parent=2849"}],"curies":[{"name":"wp","href":"https:\/\/api.w.org\/{rel}","templated":true}]}}