{"id":2946,"date":"2024-02-05T14:06:46","date_gmt":"2024-02-05T13:06:46","guid":{"rendered":"https:\/\/doga1.etarom.it\/?page_id=2946"},"modified":"2024-02-08T16:30:34","modified_gmt":"2024-02-08T15:30:34","slug":"territoire-4","status":"publish","type":"page","link":"https:\/\/doga1.etarom.it\/fr\/territoire-4\/","title":{"rendered":"Bobsleigh sur rails"},"content":{"rendered":"<div data-elementor-type=\"wp-page\" data-elementor-id=\"2946\" class=\"elementor elementor-2946\">\n\t\t\t\t<div class=\"elementor-element elementor-element-71cd7dd2 e-flex e-con-boxed e-con e-parent\" data-id=\"71cd7dd2\" data-element_type=\"container\" data-e-type=\"container\">\n\t\t\t\t\t<div class=\"e-con-inner\">\n\t\t\t\t<div class=\"elementor-element elementor-element-380d676c elementor-widget elementor-widget-text-editor\" data-id=\"380d676c\" data-element_type=\"widget\" data-e-type=\"widget\" data-widget_type=\"text-editor.default\">\n\t\t\t\t<div class=\"elementor-widget-container\">\n\t\t\t\t\t\t\t\t\t<p><\/p>\n<p>Pour une journ\u00e9e pleine d'aventures, vous ne pouvez pas manquer l'exp\u00e9rience rail bob : un parcours de 750 m\u00e8tres immerg\u00e9 dans la for\u00eat de h\u00eatres.<\/p>\n<p><\/p>\n<p>Vitesse, adr\u00e9naline et plaisir en toute s\u00e9curit\u00e9 et pour toute la famille : le bob sur rail est une activit\u00e9 id\u00e9ale pour toute la famille<span style=\"text-align: var(--text-align);\">.<\/span><\/p>\n<p><\/p>\t\t\t\t\t\t\t\t<\/div>\n\t\t\t\t<\/div>\n\t\t\t\t\t<\/div>\n\t\t\t\t<\/div>\n\t\t<div class=\"elementor-element elementor-element-00a4d56 e-flex e-con-boxed e-con e-parent\" data-id=\"00a4d56\" data-element_type=\"container\" data-e-type=\"container\">\n\t\t\t\t\t<div class=\"e-con-inner\">\n\t\t\t\t<div class=\"elementor-element elementor-element-e35164a elementor-widget elementor-widget-video\" data-id=\"e35164a\" data-element_type=\"widget\" data-e-type=\"widget\" data-settings=\"{&quot;youtube_url&quot;:&quot;https:\\\/\\\/www.youtube.com\\\/watch?v=GDHTbBW4YKg&quot;,&quot;video_type&quot;:&quot;youtube&quot;,&quot;controls&quot;:&quot;yes&quot;}\" data-widget_type=\"video.default\">\n\t\t\t\t<div class=\"elementor-widget-container\">\n\t\t\t\t\t\t\t<div class=\"elementor-wrapper elementor-open-inline\">\n\t\t\t<div class=\"elementor-video\"><\/div>\t\t<\/div>\n\t\t\t\t\t\t<\/div>\n\t\t\t\t<\/div>\n\t\t\t\t\t<\/div>\n\t\t\t\t<\/div>\n\t\t<div class=\"elementor-element elementor-element-daa40e7 e-flex e-con-boxed e-con e-parent\" data-id=\"daa40e7\" data-element_type=\"container\" data-e-type=\"container\">\n\t\t\t\t\t<div class=\"e-con-inner\">\n\t\t\t\t<div class=\"elementor-element elementor-element-dae401c elementor-widget elementor-widget-heading\" data-id=\"dae401c\" data-element_type=\"widget\" data-e-type=\"widget\" data-widget_type=\"heading.default\">\n\t\t\t\t<div class=\"elementor-widget-container\">\n\t\t\t\t\t<h4 class=\"elementor-heading-title elementor-size-default\">Horaires<\/h4>\t\t\t\t<\/div>\n\t\t\t\t<\/div>\n\t\t\t\t\t<\/div>\n\t\t\t\t<\/div>\n\t\t<div class=\"elementor-element elementor-element-0c20036 e-flex e-con-boxed e-con e-parent\" data-id=\"0c20036\" data-element_type=\"container\" data-e-type=\"container\">\n\t\t\t\t\t<div class=\"e-con-inner\">\n\t\t\t\t<div class=\"elementor-element elementor-element-713fc53 elementor-widget elementor-widget-text-editor\" data-id=\"713fc53\" data-element_type=\"widget\" data-e-type=\"widget\" data-widget_type=\"text-editor.default\">\n\t\t\t\t<div class=\"elementor-widget-container\">\n\t\t\t\t\t\t\t\t\t<p><span style=\"color: #494848;\">De mi-juin \u00e0 mi-septembre : tous les jours, de 10h \u00e0 18h.<\/span><\/p>\n<p><span style=\"color: #494848;\">Le reste de l'ann\u00e9e : samedi et dimanche, de 10h \u00e0 18h.<\/span><\/p>\t\t\t\t\t\t\t\t<\/div>\n\t\t\t\t<\/div>\n\t\t\t\t\t<\/div>\n\t\t\t\t<\/div>\n\t\t<div class=\"elementor-element elementor-element-af7a017 e-flex e-con-boxed e-con e-parent\" data-id=\"af7a017\" data-element_type=\"container\" data-e-type=\"container\">\n\t\t\t\t\t<div class=\"e-con-inner\">\n\t\t\t\t<div class=\"elementor-element elementor-element-022e4f8 elementor-widget elementor-widget-spacer\" data-id=\"022e4f8\" data-element_type=\"widget\" data-e-type=\"widget\" data-widget_type=\"spacer.default\">\n\t\t\t\t<div class=\"elementor-widget-container\">\n\t\t\t\t\t\t\t<div class=\"elementor-spacer\">\n\t\t\t<div class=\"elementor-spacer-inner\"><\/div>\n\t\t<\/div>\n\t\t\t\t\t\t<\/div>\n\t\t\t\t<\/div>\n\t\t\t\t\t<\/div>\n\t\t\t\t<\/div>\n\t\t<div class=\"elementor-element elementor-element-fbeb5f2 e-flex e-con-boxed e-con e-parent\" data-id=\"fbeb5f2\" data-element_type=\"container\" data-e-type=\"container\">\n\t\t\t\t\t<div class=\"e-con-inner\">\n\t\t\t\t<div class=\"elementor-element elementor-element-abb4610 elementor-widget elementor-widget-shortcode\" data-id=\"abb4610\" data-element_type=\"widget\" data-e-type=\"widget\" data-widget_type=\"shortcode.default\">\n\t\t\t\t<div class=\"elementor-widget-container\">\n\t\t\t\t\t\t\t<div class=\"elementor-shortcode\">\n<table id=\"tablepress-22\" class=\"tablepress tablepress-id-22 table-prezzi-estate-funivia\">\n<thead>\n<tr class=\"row-1\">\n\t<th class=\"column-1\">Bobsleigh sur rails<\/th><td class=\"column-2\"><\/td>\n<\/tr>\n<\/thead>\n<tbody class=\"row-striping row-hover\">\n<tr class=\"row-2\">\n\t<td class=\"column-1\">Bob 1 course b\u00e9b\u00e9 (8-12 ans)\t<\/td><td class=\"column-2\">\u20ac 3,00<br \/>\n<\/td>\n<\/tr>\n<tr class=\"row-3\">\n\t<td class=\"column-1\">Bob 5 court b\u00e9b\u00e9\t<\/td><td class=\"column-2\">\u20ac 14,00<br \/>\n<\/td>\n<\/tr>\n<tr class=\"row-4\">\n\t<td class=\"column-1\">Bob 10 courses b\u00e9b\u00e9\t<\/td><td class=\"column-2\">\u20ac 25,00<br \/>\n<\/td>\n<\/tr>\n<tr class=\"row-5\">\n\t<td class=\"column-1\">Bobsleigh 1 course adulte (plus de 13 ans)\t<\/td><td class=\"column-2\">\u20ac 4,00<br \/>\n<\/td>\n<\/tr>\n<tr class=\"row-6\">\n\t<td class=\"column-1\">Bobsleigh 5 courses adultes<\/td><td class=\"column-2\">\u20ac 18,00<\/td>\n<\/tr>\n<tr class=\"row-7\">\n\t<td class=\"column-1\">Bobsleigh 10 courses adultes<\/td><td class=\"column-2\">\u20ac 30,00<\/td>\n<\/tr>\n<\/tbody>\n<\/table>\n<\/div>\n\t\t\t\t\t\t<\/div>\n\t\t\t\t<\/div>\n\t\t\t\t\t<\/div>\n\t\t\t\t<\/div>\n\t\t\t\t<\/div>","protected":false},"excerpt":{"rendered":"<p>Per una giornata all&#8217;insegna dell&#8217;avventura, non pu\u00f2 mancare l&#8217;esperienza del bob su rotaia: un percorso di 750 metri immersi nel bosco di faggi. Velocit\u00e0, adrenalina e divertimento in sicurezza e per tutta la famiglia: il bob su rotaia \u00e8 un&#8217;attivit\u00e0 ideale per tutta la famiglia. https:\/\/www.youtube.com\/watch?v=GDHTbBW4YKg Orari Da met\u00e0 giugno a met\u00e0 settembre: tutti i<br \/><a class=\"moretag\" href=\"https:\/\/doga1.etarom.it\/fr\/territoire-4\/\">+ Read More<\/a><\/p>","protected":false},"author":1,"featured_media":3136,"parent":0,"menu_order":0,"comment_status":"closed","ping_status":"closed","template":"PageAttivitaSidebar.php","meta":{"_eb_attr":"","footnotes":""},"class_list":["post-2946","page","type-page","status-publish","has-post-thumbnail","hentry"],"_links":{"self":[{"href":"https:\/\/doga1.etarom.it\/fr\/wp-json\/wp\/v2\/pages\/2946","targetHints":{"allow":["GET"]}}],"collection":[{"href":"https:\/\/doga1.etarom.it\/fr\/wp-json\/wp\/v2\/pages"}],"about":[{"href":"https:\/\/doga1.etarom.it\/fr\/wp-json\/wp\/v2\/types\/page"}],"author":[{"embeddable":true,"href":"https:\/\/doga1.etarom.it\/fr\/wp-json\/wp\/v2\/users\/1"}],"replies":[{"embeddable":true,"href":"https:\/\/doga1.etarom.it\/fr\/wp-json\/wp\/v2\/comments?post=2946"}],"version-history":[{"count":44,"href":"https:\/\/doga1.etarom.it\/fr\/wp-json\/wp\/v2\/pages\/2946\/revisions"}],"predecessor-version":[{"id":3428,"href":"https:\/\/doga1.etarom.it\/fr\/wp-json\/wp\/v2\/pages\/2946\/revisions\/3428"}],"wp:featuredmedia":[{"embeddable":true,"href":"https:\/\/doga1.etarom.it\/fr\/wp-json\/wp\/v2\/media\/3136"}],"wp:attachment":[{"href":"https:\/\/doga1.etarom.it\/fr\/wp-json\/wp\/v2\/media?parent=2946"}],"curies":[{"name":"wp","href":"https:\/\/api.w.org\/{rel}","templated":true}]}}