{"id":2988,"date":"2024-02-05T16:27:20","date_gmt":"2024-02-05T15:27:20","guid":{"rendered":"https:\/\/doga1.etarom.it\/?page_id=2988"},"modified":"2024-02-08T15:50:35","modified_gmt":"2024-02-08T14:50:35","slug":"territoire-5","status":"publish","type":"page","link":"https:\/\/doga1.etarom.it\/fr\/territoire-5\/","title":{"rendered":"Course d'orientation"},"content":{"rendered":"<div data-elementor-type=\"wp-page\" data-elementor-id=\"2988\" class=\"elementor elementor-2988\">\n\t\t\t\t<div class=\"elementor-element elementor-element-71cd7dd2 e-flex e-con-boxed e-con e-parent\" data-id=\"71cd7dd2\" data-element_type=\"container\" data-e-type=\"container\">\n\t\t\t\t\t<div class=\"e-con-inner\">\n\t\t\t\t<div class=\"elementor-element elementor-element-380d676c elementor-widget elementor-widget-text-editor\" data-id=\"380d676c\" data-element_type=\"widget\" data-e-type=\"widget\" data-widget_type=\"text-editor.default\">\n\t\t\t\t<div class=\"elementor-widget-container\">\n\t\t\t\t\t\t\t\t\t<p><\/p>\n<p class=\" translation-block\">La <strong>course d'orientation<\/strong> combine le plaisir en plein air avec de nombreux aspects \u00e9ducatifs et de formation. Une discipline dans laquelle Doganaccia croit depuis de nombreuses ann\u00e9es, en investissant dans la cr\u00e9ation et l'approbation FISO des cartes du territoire.<\/p>\n<p class=\"cvGsUA direction-ltr align-start para-style-body translation-block\"><span class=\"OYPEnA text-decoration-none text-strikethrough-none\">Il est possible de combiner la course d'orientation avec les activit\u00e9s hivernales, en la combinant avec des<strong>raquettes <\/strong><\/span><strong><span style=\"color: var( --e-global-color-text );text-align: var(--text-align)\">neige, ski alpin et ski de fond.<\/span><\/strong><\/p>\n<p>\u00a0<\/p>\n<p><\/p>\t\t\t\t\t\t\t\t<\/div>\n\t\t\t\t<\/div>\n\t\t\t\t\t<\/div>\n\t\t\t\t<\/div>\n\t\t<div class=\"elementor-element elementor-element-106abf1 e-flex e-con-boxed e-con e-parent\" data-id=\"106abf1\" data-element_type=\"container\" data-e-type=\"container\">\n\t\t\t\t\t<div class=\"e-con-inner\">\n\t\t\t\t<div class=\"elementor-element elementor-element-dae5d52 elementor-widget elementor-widget-video\" data-id=\"dae5d52\" data-element_type=\"widget\" data-e-type=\"widget\" data-settings=\"{&quot;youtube_url&quot;:&quot;https:\\\/\\\/www.youtube.com\\\/watch?v=Mddul2CiaMM&quot;,&quot;video_type&quot;:&quot;youtube&quot;,&quot;controls&quot;:&quot;yes&quot;}\" data-widget_type=\"video.default\">\n\t\t\t\t<div class=\"elementor-widget-container\">\n\t\t\t\t\t\t\t<div class=\"elementor-wrapper elementor-open-inline\">\n\t\t\t<div class=\"elementor-video\"><\/div>\t\t<\/div>\n\t\t\t\t\t\t<\/div>\n\t\t\t\t<\/div>\n\t\t\t\t\t<\/div>\n\t\t\t\t<\/div>\n\t\t\t\t<\/div>","protected":false},"excerpt":{"rendered":"<p>L\u2019orienteering coniuga il divertimento all\u2019aria aperta con numerosi aspetti educativi e formativi. Una disciplina nella quale la Doganaccia ha creduto da molti anni, investendo nella creazione e nell&#8217;omologazione FISO di mappe del territorio. \u00c8 possibile coniugare l\u2019orienteering alle attivit\u00e0 invernali, combinandolo con racchette da neve, sci alpino e sci di fondo. \u00a0 https:\/\/www.youtube.com\/watch?v=Mddul2CiaMM<\/p>","protected":false},"author":1,"featured_media":3145,"parent":0,"menu_order":0,"comment_status":"closed","ping_status":"closed","template":"PageAttivitaSidebar.php","meta":{"_eb_attr":"","footnotes":""},"class_list":["post-2988","page","type-page","status-publish","has-post-thumbnail","hentry"],"_links":{"self":[{"href":"https:\/\/doga1.etarom.it\/fr\/wp-json\/wp\/v2\/pages\/2988","targetHints":{"allow":["GET"]}}],"collection":[{"href":"https:\/\/doga1.etarom.it\/fr\/wp-json\/wp\/v2\/pages"}],"about":[{"href":"https:\/\/doga1.etarom.it\/fr\/wp-json\/wp\/v2\/types\/page"}],"author":[{"embeddable":true,"href":"https:\/\/doga1.etarom.it\/fr\/wp-json\/wp\/v2\/users\/1"}],"replies":[{"embeddable":true,"href":"https:\/\/doga1.etarom.it\/fr\/wp-json\/wp\/v2\/comments?post=2988"}],"version-history":[{"count":4,"href":"https:\/\/doga1.etarom.it\/fr\/wp-json\/wp\/v2\/pages\/2988\/revisions"}],"predecessor-version":[{"id":2992,"href":"https:\/\/doga1.etarom.it\/fr\/wp-json\/wp\/v2\/pages\/2988\/revisions\/2992"}],"wp:featuredmedia":[{"embeddable":true,"href":"https:\/\/doga1.etarom.it\/fr\/wp-json\/wp\/v2\/media\/3145"}],"wp:attachment":[{"href":"https:\/\/doga1.etarom.it\/fr\/wp-json\/wp\/v2\/media?parent=2988"}],"curies":[{"name":"wp","href":"https:\/\/api.w.org\/{rel}","templated":true}]}}