{"id":3222,"date":"2024-02-07T17:57:56","date_gmt":"2024-02-07T16:57:56","guid":{"rendered":"https:\/\/doga1.etarom.it\/?page_id=3222"},"modified":"2024-02-08T15:51:00","modified_gmt":"2024-02-08T14:51:00","slug":"territoire-7","status":"publish","type":"page","link":"https:\/\/doga1.etarom.it\/fr\/territoire-7\/","title":{"rendered":"Mtb e downhill"},"content":{"rendered":"<div data-elementor-type=\"wp-page\" data-elementor-id=\"3222\" class=\"elementor elementor-3222\">\n\t\t\t\t<div class=\"elementor-element elementor-element-71cd7dd2 e-flex e-con-boxed e-con e-parent\" data-id=\"71cd7dd2\" data-element_type=\"container\" data-e-type=\"container\">\n\t\t\t\t\t<div class=\"e-con-inner\">\n\t\t\t\t<div class=\"elementor-element elementor-element-380d676c elementor-widget elementor-widget-text-editor\" data-id=\"380d676c\" data-element_type=\"widget\" data-e-type=\"widget\" data-widget_type=\"text-editor.default\">\n\t\t\t\t<div class=\"elementor-widget-container\">\n\t\t\t\t\t\t\t\t\t<p><\/p>\n<p class=\" translation-block\">Pour les amateurs de <b>VTT et de descente<\/b>, le Doganaccia propose des sentiers parfaitement am\u00e9nag\u00e9s, qui s'\u00e9tendent de la station d'arriv\u00e9e du t\u00e9l\u00e9ph\u00e9rique de Doganaccia jusqu'\u00e0 la gare de d\u00e9part de Cutigliano. Des for\u00eats luxuriantes de h\u00eatres et d\u2019\u00e9pic\u00e9as encadrent la r\u00e9gion.<\/p>\n<p class=\" translation-block\">Les pistes ont \u00e9t\u00e9 con\u00e7ues pour r\u00e9pondre aux besoins de tous les publics, des plus exp\u00e9riment\u00e9s aux d\u00e9butants. Les couleurs <strong>bleu, rouge et noir<\/strong> distinguent les degr\u00e9s de difficult\u00e9.<\/p>\n<p class=\" translation-block\">Il n'est pas rare de rencontrer sur les parcours des membres de l'<strong>\u00c9quipe Ancillotti-Doganaccia2000<\/strong>, qui ont choisi ces itin\u00e9raires pour s'entra\u00eener aux courses de la Coupe du Monde et des championnats nationaux.<\/p>\n<p><\/p>\t\t\t\t\t\t\t\t<\/div>\n\t\t\t\t<\/div>\n\t\t\t\t\t<\/div>\n\t\t\t\t<\/div>\n\t\t<div class=\"elementor-element elementor-element-2baff6d e-flex e-con-boxed e-con e-parent\" data-id=\"2baff6d\" data-element_type=\"container\" data-e-type=\"container\">\n\t\t\t\t\t<div class=\"e-con-inner\">\n\t\t\t\t<div class=\"elementor-element elementor-element-dc51084 elementor-widget elementor-widget-image\" data-id=\"dc51084\" data-element_type=\"widget\" data-e-type=\"widget\" data-widget_type=\"image.default\">\n\t\t\t\t<div class=\"elementor-widget-container\">\n\t\t\t\t\t\t\t\t\t\t\t\t\t\t\t<img fetchpriority=\"high\" decoding=\"async\" width=\"2000\" height=\"1333\" src=\"https:\/\/doga1.etarom.it\/wp-content\/uploads\/2024\/02\/Mtb-e-downhill-6.png\" class=\"attachment-2048x2048 size-2048x2048 wp-image-3225\" alt=\"\" srcset=\"https:\/\/doga1.etarom.it\/wp-content\/uploads\/2024\/02\/Mtb-e-downhill-6.png 2000w, https:\/\/doga1.etarom.it\/wp-content\/uploads\/2024\/02\/Mtb-e-downhill-6-300x200.png 300w, https:\/\/doga1.etarom.it\/wp-content\/uploads\/2024\/02\/Mtb-e-downhill-6-1024x682.png 1024w, https:\/\/doga1.etarom.it\/wp-content\/uploads\/2024\/02\/Mtb-e-downhill-6-768x512.png 768w, https:\/\/doga1.etarom.it\/wp-content\/uploads\/2024\/02\/Mtb-e-downhill-6-1536x1024.png 1536w, https:\/\/doga1.etarom.it\/wp-content\/uploads\/2024\/02\/Mtb-e-downhill-6-18x12.png 18w\" sizes=\"(max-width: 2000px) 100vw, 2000px\" \/>\t\t\t\t\t\t\t\t\t\t\t\t\t\t\t<\/div>\n\t\t\t\t<\/div>\n\t\t\t\t\t<\/div>\n\t\t\t\t<\/div>\n\t\t<div class=\"elementor-element elementor-element-d293964 e-flex e-con-boxed e-con e-parent\" data-id=\"d293964\" data-element_type=\"container\" data-e-type=\"container\">\n\t\t\t\t\t<div class=\"e-con-inner\">\n\t\t\t\t<div class=\"elementor-element elementor-element-3a9f6c6 elementor-widget elementor-widget-heading\" data-id=\"3a9f6c6\" data-element_type=\"widget\" data-e-type=\"widget\" data-widget_type=\"heading.default\">\n\t\t\t\t<div class=\"elementor-widget-container\">\n\t\t\t\t\t<h4 class=\"elementor-heading-title elementor-size-default\">Une journ\u00e9e avec les ma\u00eetres<\/h4>\t\t\t\t<\/div>\n\t\t\t\t<\/div>\n\t\t\t\t\t<\/div>\n\t\t\t\t<\/div>\n\t\t<div class=\"elementor-element elementor-element-9337738 e-flex e-con-boxed e-con e-parent\" data-id=\"9337738\" data-element_type=\"container\" data-e-type=\"container\">\n\t\t\t\t\t<div class=\"e-con-inner\">\n\t\t\t\t<div class=\"elementor-element elementor-element-d758839 elementor-widget elementor-widget-text-editor\" data-id=\"d758839\" data-element_type=\"widget\" data-e-type=\"widget\" data-widget_type=\"text-editor.default\">\n\t\t\t\t<div class=\"elementor-widget-container\">\n\t\t\t\t\t\t\t\t\t<p><\/p>\n<p class=\" translation-block\">Pour vous perfectionner en tant que skieur alpin, le Doganaccia vous offre la possibilit\u00e9 de passer <strong>une journ\u00e9e avec les ma\u00eetres de la sp\u00e9cialit\u00e9<\/strong>. Le forfait comprend une initiation th\u00e9orique aux r\u00e9glages, des descentes sur les pistes avec des arr\u00eats pour revoir votre technique, des conseils pour progresser, un d\u00e9jeuner \u00e0 Bicocca et un apr\u00e8s-midi sur les pistes, jusqu'\u00e0 17h.<\/p>\n<p><\/p>\t\t\t\t\t\t\t\t<\/div>\n\t\t\t\t<\/div>\n\t\t\t\t\t<\/div>\n\t\t\t\t<\/div>\n\t\t<div class=\"elementor-element elementor-element-472d37d e-flex e-con-boxed e-con e-parent\" data-id=\"472d37d\" data-element_type=\"container\" data-e-type=\"container\">\n\t\t\t\t\t<div class=\"e-con-inner\">\n\t\t\t\t<div class=\"elementor-element elementor-element-d564436 elementor-widget elementor-widget-shortcode\" data-id=\"d564436\" data-element_type=\"widget\" data-e-type=\"widget\" data-widget_type=\"shortcode.default\">\n\t\t\t\t<div class=\"elementor-widget-container\">\n\t\t\t\t\t\t\t<div class=\"elementor-shortcode\">\n<table id=\"tablepress-24\" class=\"tablepress tablepress-id-24 table-prezzi-estate-funivia\">\n<thead>\n<tr class=\"row-1\">\n\t<th class=\"column-1\">Noleggio downhill (con protezioni)<\/th><td class=\"column-2\"><\/td>\n<\/tr>\n<\/thead>\n<tbody class=\"row-striping row-hover\">\n<tr class=\"row-2\">\n\t<td class=\"column-1\">1\/2 journ\u00e9e\t<\/td><td class=\"column-2\">\u20ac 30,00<br \/>\n<\/td>\n<\/tr>\n<tr class=\"row-3\">\n\t<td class=\"column-1\">Toute la journ\u00e9e\t<\/td><td class=\"column-2\">\u20ac 60,00<br \/>\n<\/td>\n<\/tr>\n<tr class=\"row-4\">\n\t<td class=\"column-1\">Toute la journ\u00e9e\t<\/td><td class=\"column-2\">\u20ac 10,00<br \/>\n<\/td>\n<\/tr>\n<\/tbody>\n<\/table>\n<!-- #tablepress-24 from cache --><\/div>\n\t\t\t\t\t\t<\/div>\n\t\t\t\t<\/div>\n\t\t\t\t\t<\/div>\n\t\t\t\t<\/div>\n\t\t\t\t<\/div>","protected":false},"excerpt":{"rendered":"<p>Per gli appassionati di mountain bike e downhill la Doganaccia offre tracciati pregevolmente disegnati, che si sviluppano dalla stazione di arrivo della funivia alla Doganaccia fino a quella di partenza di Cutigliano. A fare da cornice rigogliosi boschi di faggio e di abete rosso. I tracciati sono stati disegnati per coprire le esigenze di tutti<br \/><a class=\"moretag\" href=\"https:\/\/doga1.etarom.it\/fr\/territoire-7\/\">+ Read More<\/a><\/p>","protected":false},"author":1,"featured_media":3231,"parent":0,"menu_order":0,"comment_status":"closed","ping_status":"closed","template":"PageAttivitaSidebar.php","meta":{"_eb_attr":"","footnotes":""},"class_list":["post-3222","page","type-page","status-publish","has-post-thumbnail","hentry"],"_links":{"self":[{"href":"https:\/\/doga1.etarom.it\/fr\/wp-json\/wp\/v2\/pages\/3222","targetHints":{"allow":["GET"]}}],"collection":[{"href":"https:\/\/doga1.etarom.it\/fr\/wp-json\/wp\/v2\/pages"}],"about":[{"href":"https:\/\/doga1.etarom.it\/fr\/wp-json\/wp\/v2\/types\/page"}],"author":[{"embeddable":true,"href":"https:\/\/doga1.etarom.it\/fr\/wp-json\/wp\/v2\/users\/1"}],"replies":[{"embeddable":true,"href":"https:\/\/doga1.etarom.it\/fr\/wp-json\/wp\/v2\/comments?post=3222"}],"version-history":[{"count":16,"href":"https:\/\/doga1.etarom.it\/fr\/wp-json\/wp\/v2\/pages\/3222\/revisions"}],"predecessor-version":[{"id":3288,"href":"https:\/\/doga1.etarom.it\/fr\/wp-json\/wp\/v2\/pages\/3222\/revisions\/3288"}],"wp:featuredmedia":[{"embeddable":true,"href":"https:\/\/doga1.etarom.it\/fr\/wp-json\/wp\/v2\/media\/3231"}],"wp:attachment":[{"href":"https:\/\/doga1.etarom.it\/fr\/wp-json\/wp\/v2\/media?parent=3222"}],"curies":[{"name":"wp","href":"https:\/\/api.w.org\/{rel}","templated":true}]}}