{"id":3400,"date":"2024-02-08T15:44:17","date_gmt":"2024-02-08T14:44:17","guid":{"rendered":"https:\/\/doga1.etarom.it\/?page_id=3400"},"modified":"2024-02-14T16:33:27","modified_gmt":"2024-02-14T15:33:27","slug":"territoire-8","status":"publish","type":"page","link":"https:\/\/doga1.etarom.it\/fr\/territoire-8\/","title":{"rendered":"P\u00eache sportive"},"content":{"rendered":"<div data-elementor-type=\"wp-page\" data-elementor-id=\"3400\" class=\"elementor elementor-3400\">\n\t\t\t\t<div class=\"elementor-element elementor-element-71cd7dd2 e-flex e-con-boxed e-con e-parent\" data-id=\"71cd7dd2\" data-element_type=\"container\" data-e-type=\"container\">\n\t\t\t\t\t<div class=\"e-con-inner\">\n\t\t\t\t<div class=\"elementor-element elementor-element-380d676c elementor-widget elementor-widget-text-editor\" data-id=\"380d676c\" data-element_type=\"widget\" data-e-type=\"widget\" data-widget_type=\"text-editor.default\">\n\t\t\t\t<div class=\"elementor-widget-container\">\n\t\t\t\t\t\t\t\t\t<p><\/p>\n<p class=\" translation-block\">Pour les amateurs de p\u00eache sportive, \u00e0 Doganaccia se trouve le <strong>lac de San Gualberto<\/strong>.<\/p>\n<p>Id\u00e9al pour la p\u00eache de la truite, de la rivi\u00e8re brune et du saumon, de la carpe et de l'ablette. Bivouac et nuit\u00e9e en plein air sont possibles.<\/p>\n<p>Vous pouvez \u00e9galement louer des cannes \u00e0 p\u00eache et acheter des app\u00e2ts.<\/p>\n<p><\/p>\t\t\t\t\t\t\t\t<\/div>\n\t\t\t\t<\/div>\n\t\t\t\t\t<\/div>\n\t\t\t\t<\/div>\n\t\t\t\t<\/div>","protected":false},"excerpt":{"rendered":"<p>Per gli appassionati di pesca sportiva, alla Doganaccia c&#8217;\u00e8 il laghetto di San Gualberto. Ideale per la pesca alla trota, fario e salmonata, alle carpe e alle arborelle. \u00c8 possibile il bivacco e il pernottamento all\u2019aria aperta. Potrete inoltre noleggiare canne da pesca e acquistare le esche.<\/p>","protected":false},"author":1,"featured_media":3496,"parent":0,"menu_order":0,"comment_status":"closed","ping_status":"closed","template":"PageAttivitaSidebar.php","meta":{"_eb_attr":"","footnotes":""},"class_list":["post-3400","page","type-page","status-publish","has-post-thumbnail","hentry"],"_links":{"self":[{"href":"https:\/\/doga1.etarom.it\/fr\/wp-json\/wp\/v2\/pages\/3400","targetHints":{"allow":["GET"]}}],"collection":[{"href":"https:\/\/doga1.etarom.it\/fr\/wp-json\/wp\/v2\/pages"}],"about":[{"href":"https:\/\/doga1.etarom.it\/fr\/wp-json\/wp\/v2\/types\/page"}],"author":[{"embeddable":true,"href":"https:\/\/doga1.etarom.it\/fr\/wp-json\/wp\/v2\/users\/1"}],"replies":[{"embeddable":true,"href":"https:\/\/doga1.etarom.it\/fr\/wp-json\/wp\/v2\/comments?post=3400"}],"version-history":[{"count":4,"href":"https:\/\/doga1.etarom.it\/fr\/wp-json\/wp\/v2\/pages\/3400\/revisions"}],"predecessor-version":[{"id":3450,"href":"https:\/\/doga1.etarom.it\/fr\/wp-json\/wp\/v2\/pages\/3400\/revisions\/3450"}],"wp:featuredmedia":[{"embeddable":true,"href":"https:\/\/doga1.etarom.it\/fr\/wp-json\/wp\/v2\/media\/3496"}],"wp:attachment":[{"href":"https:\/\/doga1.etarom.it\/fr\/wp-json\/wp\/v2\/media?parent=3400"}],"curies":[{"name":"wp","href":"https:\/\/api.w.org\/{rel}","templated":true}]}}