{"id":3403,"date":"2024-02-08T15:45:47","date_gmt":"2024-02-08T14:45:47","guid":{"rendered":"https:\/\/doga1.etarom.it\/?page_id=3403"},"modified":"2024-02-14T16:33:03","modified_gmt":"2024-02-14T15:33:03","slug":"territoire-9","status":"publish","type":"page","link":"https:\/\/doga1.etarom.it\/fr\/territoire-9\/","title":{"rendered":"Sports d'hiver"},"content":{"rendered":"<div data-elementor-type=\"wp-page\" data-elementor-id=\"3403\" class=\"elementor elementor-3403\">\n\t\t\t\t<div class=\"elementor-element elementor-element-3ef1b57 e-flex e-con-boxed e-con e-parent\" data-id=\"3ef1b57\" data-element_type=\"container\" data-e-type=\"container\">\n\t\t\t\t\t<div class=\"e-con-inner\">\n\t\t\t\t<div class=\"elementor-element elementor-element-9fdc9eb elementor-widget elementor-widget-heading\" data-id=\"9fdc9eb\" data-element_type=\"widget\" data-e-type=\"widget\" data-widget_type=\"heading.default\">\n\t\t\t\t<div class=\"elementor-widget-container\">\n\t\t\t\t\t<h4 class=\"elementor-heading-title elementor-size-default\">Ski alpin et de fond<\/h4>\t\t\t\t<\/div>\n\t\t\t\t<\/div>\n\t\t\t\t\t<\/div>\n\t\t\t\t<\/div>\n\t\t<div class=\"elementor-element elementor-element-71cd7dd2 e-flex e-con-boxed e-con e-parent\" data-id=\"71cd7dd2\" data-element_type=\"container\" data-e-type=\"container\">\n\t\t\t\t\t<div class=\"e-con-inner\">\n\t\t\t\t<div class=\"elementor-element elementor-element-380d676c elementor-widget elementor-widget-text-editor\" data-id=\"380d676c\" data-element_type=\"widget\" data-e-type=\"widget\" data-widget_type=\"text-editor.default\">\n\t\t\t\t<div class=\"elementor-widget-container\">\n\t\t\t\t\t\t\t\t\t<p><\/p>\n<p class=\" translation-block\">Le domaine skiable de Doganaccia s'\u00e9tend sur environ <strong>15 km de pistes de descente<\/strong>.<\/p>\n<p>Le camp scolaire se situe sur un d\u00e9nivel\u00e9 d'environ 120 m\u00e8tres et est desservi par un tapis roulant de 100 m\u00e8tres, id\u00e9al pour les apprentis, et par le t\u00e9l\u00e9si\u00e8ge de 800 m\u00e8tres (Campo Scuola).<\/p>\n<p class=\" translation-block\">Les pistes <strong>Campo Scuola, Uno, Due, Tre, Quattro (nouvelle Pista)<\/strong> et <strong> Raccordino<\/strong> partent d'ici.<\/p>\n<p class=\" translation-block\">Le t\u00e9l\u00e9ski <strong>Faggio di Maria<\/strong> dessert, en plus de la piste du m\u00eame nom, la Direttissima, la partie inf\u00e9rieure du <strong>Chierroni<\/strong> et <strong>la Panoramica<\/strong>, longue de pr\u00e8s de 4 km.<\/p>\n<p>Le deuxi\u00e8me tron\u00e7on du t\u00e9l\u00e9ph\u00e9rique, Doganaccia-Croce Arcana (actuellement en maintenance), permet l'utilisation de nombreux domaines hors-piste au sein du domaine skiable, du premier tron\u00e7on des pistes Direttissima et Faggio di Maria, ainsi que des pistes Angela et Panoramica. pentes.<\/p>\n<p>L'itin\u00e9raire de ski de montagne, qui relie Croce Arcana au Monte Cornaccio (Corno alle Scale \u2013 Rifugio Duca degli Abruzzi \u2013 Lago Scaffaiolo), est accessible par le t\u00e9l\u00e9ph\u00e9rique Doganaccia-Croce Arcana (actuellement en maintenance) ou en suivant les itin\u00e9raires balis\u00e9s. Un tron\u00e7on suggestif est la Strada Romea en direction de Capanno Tassoni.\u00a0<\/p>\n<p class=\" translation-block\">Tous les sentiers peuvent \u00eatre parcourus aussi bien en skis d'alpinisme qu'en <b>raquettes<\/b>. Il est toujours conseill\u00e9 de v\u00e9rifier les conditions m\u00e9t\u00e9orologiques avant de s'attaquer \u00e0 ces itin\u00e9raires.<\/p>\n<p class=\" translation-block\">Deux <b>anneaux de ski de fond<\/b> s'\u00e9tendent sur 2,3 km autour du lac San Gualberto et en altitude sur 3,2 km au Passo della Croce Arcana. Actuellement, les deux sont utilis\u00e9s pour de merveilleuses promenades en raquettes au contact de la nature.<\/p>\n<p><\/p>\t\t\t\t\t\t\t\t<\/div>\n\t\t\t\t<\/div>\n\t\t\t\t\t<\/div>\n\t\t\t\t<\/div>\n\t\t<div class=\"elementor-element elementor-element-cbc9be8 e-flex e-con-boxed e-con e-parent\" data-id=\"cbc9be8\" data-element_type=\"container\" data-e-type=\"container\">\n\t\t\t\t\t<div class=\"e-con-inner\">\n\t\t\t\t<div class=\"elementor-element elementor-element-70e0534 elementor-widget elementor-widget-heading\" data-id=\"70e0534\" data-element_type=\"widget\" data-e-type=\"widget\" data-widget_type=\"heading.default\">\n\t\t\t\t<div class=\"elementor-widget-container\">\n\t\t\t\t\t<h4 class=\"elementor-heading-title elementor-size-default\">Faire de la raquette<\/h4>\t\t\t\t<\/div>\n\t\t\t\t<\/div>\n\t\t\t\t\t<\/div>\n\t\t\t\t<\/div>\n\t\t<div class=\"elementor-element elementor-element-03e75bd e-flex e-con-boxed e-con e-parent\" data-id=\"03e75bd\" data-element_type=\"container\" data-e-type=\"container\">\n\t\t\t\t\t<div class=\"e-con-inner\">\n\t\t\t\t<div class=\"elementor-element elementor-element-8308523 elementor-widget elementor-widget-text-editor\" data-id=\"8308523\" data-element_type=\"widget\" data-e-type=\"widget\" data-widget_type=\"text-editor.default\">\n\t\t\t\t<div class=\"elementor-widget-container\">\n\t\t\t\t\t\t\t\t\t<p class=\" translation-block\">La Doganaccia est un excellent point de d\u00e9part pour des <strong>excursions en raquettes<\/strong> le long des cr\u00eates \u00e0 la fronti\u00e8re entre la Toscane et l'\u00c9milie-Romagne.<br>Pendant la saison hivernale, avec des conditions d'enneigement appropri\u00e9es, il est possible de faire de la raquette, le long de diff\u00e9rents itin\u00e9raires. , avec <strong>diff\u00e9rents degr\u00e9s de difficult\u00e9.<\/strong><\/p>\t\t\t\t\t\t\t\t<\/div>\n\t\t\t\t<\/div>\n\t\t\t\t<div class=\"elementor-element elementor-element-1228a97 elementor-widget elementor-widget-heading\" data-id=\"1228a97\" data-element_type=\"widget\" data-e-type=\"widget\" data-widget_type=\"heading.default\">\n\t\t\t\t<div class=\"elementor-widget-container\">\n\t\t\t\t\t<h4 class=\"elementor-heading-title elementor-size-default\">Snow-kite et parapente<\/h4>\t\t\t\t<\/div>\n\t\t\t\t<\/div>\n\t\t\t\t\t<\/div>\n\t\t\t\t<\/div>\n\t\t<div class=\"elementor-element elementor-element-3836dac e-flex e-con-boxed e-con e-parent\" data-id=\"3836dac\" data-element_type=\"container\" data-e-type=\"container\">\n\t\t\t\t\t<div class=\"e-con-inner\">\n\t\t\t\t<div class=\"elementor-element elementor-element-8da6cec elementor-widget elementor-widget-text-editor\" data-id=\"8da6cec\" data-element_type=\"widget\" data-e-type=\"widget\" data-widget_type=\"text-editor.default\">\n\t\t\t\t<div class=\"elementor-widget-container\">\n\t\t\t\t\t\t\t\t\t<p class=\" translation-block\">Les grands espaces qui s'ouvrent au-dessus de la v\u00e9g\u00e9tation sont une destination pris\u00e9e des amateurs de <strong>snow-kite<\/strong> et un point de d\u00e9part id\u00e9al pour le parapente.<\/p>\t\t\t\t\t\t\t\t<\/div>\n\t\t\t\t<\/div>\n\t\t\t\t\t<\/div>\n\t\t\t\t<\/div>\n\t\t<div class=\"elementor-element elementor-element-ba2473d e-flex e-con-boxed e-con e-parent\" data-id=\"ba2473d\" data-element_type=\"container\" data-e-type=\"container\">\n\t\t\t\t\t<div class=\"e-con-inner\">\n\t\t\t\t<div class=\"elementor-element elementor-element-0aa44fe elementor-widget elementor-widget-heading\" data-id=\"0aa44fe\" data-element_type=\"widget\" data-e-type=\"widget\" data-widget_type=\"heading.default\">\n\t\t\t\t<div class=\"elementor-widget-container\">\n\t\t\t\t\t<h4 class=\"elementor-heading-title elementor-size-default\">Chat des neiges<\/h4>\t\t\t\t<\/div>\n\t\t\t\t<\/div>\n\t\t\t\t\t<\/div>\n\t\t\t\t<\/div>\n\t\t<div class=\"elementor-element elementor-element-13ef369 e-flex e-con-boxed e-con e-parent\" data-id=\"13ef369\" data-element_type=\"container\" data-e-type=\"container\">\n\t\t\t\t\t<div class=\"e-con-inner\">\n\t\t\t\t<div class=\"elementor-element elementor-element-3d5bf86 elementor-widget elementor-widget-text-editor\" data-id=\"3d5bf86\" data-element_type=\"widget\" data-e-type=\"widget\" data-widget_type=\"text-editor.default\">\n\t\t\t\t<div class=\"elementor-widget-container\">\n\t\t\t\t\t\t\t\t\t<p>D\u00e9couvrez la montagne avec la chenillette, un imposant half-track capable de se d\u00e9placer avec agilit\u00e9 dans les environnements montagnards enneig\u00e9s.<\/p>\n<p><span style=\"color: var( --e-global-color-text ); text-align: var(--text-align);\"><b>Un\u2019esperienza in gruppo<\/b> verso il passo della Croce Arcana, con panorami a 1669 metri di altitudine, con possibilit\u00e0 di sostare per l\u2019aperitivo o per la cena al Rifugio Spigolino, nel versante emiliano dell\u2019Appennino.<\/span><\/p>\n<p><strong>Itin\u00e9raires<\/strong><\/p>\n<p class=\" translation-block\">Excursion \u00e0 la Croix des Arcanes<br>Excursion avec d\u00e9jeuner au Refuge Spigolino<br>Excursion nocturne avec d\u00eener au Refuge Spigolino<\/p>\t\t\t\t\t\t\t\t<\/div>\n\t\t\t\t<\/div>\n\t\t\t\t\t<\/div>\n\t\t\t\t<\/div>\n\t\t\t\t<\/div>","protected":false},"excerpt":{"rendered":"<p>Sci alpino e di fondo Il comprensorio sciistico della Doganaccia si snoda su circa 15 km di piste di discesa. Il campo scuola si adagia su un dislivello di circa 120 metri ed \u00e8 servito da un tapis-roulant di 100 metri, ideale per gli apprendisti, e dalla seggiovia (Campo Scuola) di 800 metri. Da qui<br \/><a class=\"moretag\" href=\"https:\/\/doga1.etarom.it\/fr\/territoire-9\/\">+ Read More<\/a><\/p>","protected":false},"author":1,"featured_media":3495,"parent":0,"menu_order":0,"comment_status":"closed","ping_status":"closed","template":"PageAttivitaSidebar.php","meta":{"_eb_attr":"","footnotes":""},"class_list":["post-3403","page","type-page","status-publish","has-post-thumbnail","hentry"],"_links":{"self":[{"href":"https:\/\/doga1.etarom.it\/fr\/wp-json\/wp\/v2\/pages\/3403","targetHints":{"allow":["GET"]}}],"collection":[{"href":"https:\/\/doga1.etarom.it\/fr\/wp-json\/wp\/v2\/pages"}],"about":[{"href":"https:\/\/doga1.etarom.it\/fr\/wp-json\/wp\/v2\/types\/page"}],"author":[{"embeddable":true,"href":"https:\/\/doga1.etarom.it\/fr\/wp-json\/wp\/v2\/users\/1"}],"replies":[{"embeddable":true,"href":"https:\/\/doga1.etarom.it\/fr\/wp-json\/wp\/v2\/comments?post=3403"}],"version-history":[{"count":19,"href":"https:\/\/doga1.etarom.it\/fr\/wp-json\/wp\/v2\/pages\/3403\/revisions"}],"predecessor-version":[{"id":3474,"href":"https:\/\/doga1.etarom.it\/fr\/wp-json\/wp\/v2\/pages\/3403\/revisions\/3474"}],"wp:featuredmedia":[{"embeddable":true,"href":"https:\/\/doga1.etarom.it\/fr\/wp-json\/wp\/v2\/media\/3495"}],"wp:attachment":[{"href":"https:\/\/doga1.etarom.it\/fr\/wp-json\/wp\/v2\/media?parent=3403"}],"curies":[{"name":"wp","href":"https:\/\/api.w.org\/{rel}","templated":true}]}}