{"id":3409,"date":"2024-02-08T15:49:51","date_gmt":"2024-02-08T14:49:51","guid":{"rendered":"https:\/\/doga1.etarom.it\/?page_id=3409"},"modified":"2024-03-21T16:37:48","modified_gmt":"2024-03-21T15:37:48","slug":"territoire-10","status":"publish","type":"page","link":"https:\/\/doga1.etarom.it\/fr\/territoire-10\/","title":{"rendered":"Excursions"},"content":{"rendered":"<div data-elementor-type=\"wp-page\" data-elementor-id=\"3409\" class=\"elementor elementor-3409\">\n\t\t\t\t<div class=\"elementor-element elementor-element-a2e9331 e-flex e-con-boxed e-con e-parent\" data-id=\"a2e9331\" data-element_type=\"container\" data-e-type=\"container\">\n\t\t\t\t\t<div class=\"e-con-inner\">\n\t\t\t\t<div class=\"elementor-element elementor-element-a625f96 elementor-widget elementor-widget-text-editor\" data-id=\"a625f96\" data-element_type=\"widget\" data-e-type=\"widget\" data-widget_type=\"text-editor.default\">\n\t\t\t\t<div class=\"elementor-widget-container\">\n\t\t\t\t\t\t\t\t\t<p>La Doganaccia propose une s\u00e9rie d'excursions, \u00e9galement sur demande, en collaboration avec\u00a0Kalimera Tour Operator.<\/p>\t\t\t\t\t\t\t\t<\/div>\n\t\t\t\t<\/div>\n\t\t\t\t\t<\/div>\n\t\t\t\t<\/div>\n\t\t<div class=\"elementor-element elementor-element-20b9fc7 e-flex e-con-boxed e-con e-parent\" data-id=\"20b9fc7\" data-element_type=\"container\" data-e-type=\"container\">\n\t\t\t\t\t<div class=\"e-con-inner\">\n\t\t\t\t<div class=\"elementor-element elementor-element-64216aa elementor-widget elementor-widget-heading\" data-id=\"64216aa\" data-element_type=\"widget\" data-e-type=\"widget\" data-widget_type=\"heading.default\">\n\t\t\t\t<div class=\"elementor-widget-container\">\n\t\t\t\t\t<h4 class=\"elementor-heading-title elementor-size-default\">Lac Scaffaiolo<\/h4>\t\t\t\t<\/div>\n\t\t\t\t<\/div>\n\t\t\t\t\t<\/div>\n\t\t\t\t<\/div>\n\t\t<div class=\"elementor-element elementor-element-d36ff88 e-flex e-con-boxed e-con e-parent\" data-id=\"d36ff88\" data-element_type=\"container\" data-e-type=\"container\">\n\t\t\t\t\t<div class=\"e-con-inner\">\n\t\t\t\t<div class=\"elementor-element elementor-element-72b9a73 elementor-widget elementor-widget-text-editor\" data-id=\"72b9a73\" data-element_type=\"widget\" data-e-type=\"widget\" data-widget_type=\"text-editor.default\">\n\t\t\t\t<div class=\"elementor-widget-container\">\n\t\t\t\t\t\t\t\t\t<p>Excursion pour assister au spectacle du soleil se couchant sur le lac. D\u00eener au Rifugio il Duca degli Abruzzi, le plus ancien refuge de la r\u00e9gion. Revenez avec des lampes frontales. Possibilit\u00e9 d'excursions au coucher du soleil et de nuit.<\/p>\n<p class=\" translation-block\"><strong>D\u00e9nivel\u00e9 :<\/strong> +\/- 200 m<br><strong>Difficult\u00e9 :<\/strong> facile<br><strong>Equipement :<\/strong> chaussures de randonn\u00e9e, v\u00eatements adapt\u00e9s \u00e0 la saison, au moins 1 litre d'eau, lampe frontale<\/p>\t\t\t\t\t\t\t\t<\/div>\n\t\t\t\t<\/div>\n\t\t\t\t\t<\/div>\n\t\t\t\t<\/div>\n\t\t<div class=\"elementor-element elementor-element-202a296 e-flex e-con-boxed e-con e-parent\" data-id=\"202a296\" data-element_type=\"container\" data-e-type=\"container\">\n\t\t\t\t\t<div class=\"e-con-inner\">\n\t\t\t\t<div class=\"elementor-element elementor-element-2dc020d elementor-widget elementor-widget-heading\" data-id=\"2dc020d\" data-element_type=\"widget\" data-e-type=\"widget\" data-widget_type=\"heading.default\">\n\t\t\t\t<div class=\"elementor-widget-container\">\n\t\t\t\t\t<h4 class=\"elementor-heading-title elementor-size-default\">La Croix Arcanique<\/h4>\t\t\t\t<\/div>\n\t\t\t\t<\/div>\n\t\t\t\t\t<\/div>\n\t\t\t\t<\/div>\n\t\t<div class=\"elementor-element elementor-element-e1698d6 e-flex e-con-boxed e-con e-parent\" data-id=\"e1698d6\" data-element_type=\"container\" data-e-type=\"container\">\n\t\t\t\t\t<div class=\"e-con-inner\">\n\t\t\t\t<div class=\"elementor-element elementor-element-7809073 elementor-widget elementor-widget-text-editor\" data-id=\"7809073\" data-element_type=\"widget\" data-e-type=\"widget\" data-widget_type=\"text-editor.default\">\n\t\t\t\t<div class=\"elementor-widget-container\">\n\t\t\t\t\t\t\t\t\t<p class=\" translation-block\">Excursion de Doganaccia au col <strong>Croce Arcana<\/strong>, le col des Apennins toscans, situ\u00e9 entre les provinces de Pistoia et Mod\u00e8ne. <span style=\"text-align: var(--text-align)\">Possibilit\u00e9 d'excursion au coucher du soleil.<\/span><\/p>\n<p class=\" translation-block\"><strong>D\u00e9nivel\u00e9 :<\/strong> +\/- 100 m<br><strong>Difficult\u00e9 :<\/strong> facile<br><strong>Equipement :<\/strong> chaussures de randonn\u00e9e, v\u00eatements adapt\u00e9s \u00e0 la saison, au moins 1 litre d'eau, lampe frontale<\/p>\t\t\t\t\t\t\t\t<\/div>\n\t\t\t\t<\/div>\n\t\t\t\t\t<\/div>\n\t\t\t\t<\/div>\n\t\t<div class=\"elementor-element elementor-element-e6ea626 e-flex e-con-boxed e-con e-parent\" data-id=\"e6ea626\" data-element_type=\"container\" data-e-type=\"container\">\n\t\t\t\t\t<div class=\"e-con-inner\">\n\t\t\t\t<div class=\"elementor-element elementor-element-9971c38 elementor-widget elementor-widget-heading\" data-id=\"9971c38\" data-element_type=\"widget\" data-e-type=\"widget\" data-widget_type=\"heading.default\">\n\t\t\t\t<div class=\"elementor-widget-container\">\n\t\t\t\t\t<h4 class=\"elementor-heading-title elementor-size-default\">Vers la Capanno Tassoni<\/h4>\t\t\t\t<\/div>\n\t\t\t\t<\/div>\n\t\t\t\t\t<\/div>\n\t\t\t\t<\/div>\n\t\t<div class=\"elementor-element elementor-element-0c20036 e-flex e-con-boxed e-con e-parent\" data-id=\"0c20036\" data-element_type=\"container\" data-e-type=\"container\">\n\t\t\t\t\t<div class=\"e-con-inner\">\n\t\t\t\t<div class=\"elementor-element elementor-element-713fc53 elementor-widget elementor-widget-text-editor\" data-id=\"713fc53\" data-element_type=\"widget\" data-e-type=\"widget\" data-widget_type=\"text-editor.default\">\n\t\t\t\t<div class=\"elementor-widget-container\">\n\t\t\t\t\t\t\t\t\t<p>Excursion de difficult\u00e9 moyenne sur l'une des routes les plus fr\u00e9quent\u00e9es depuis le Moyen \u00c2ge par les p\u00e8lerins et les marchands qui traversaient les montagnes de Pistoia. Arr\u00eat au restaurant Lo Spigolino du refuge Capanno Tassoni.<\/p>\n<p><strong>Dislivello:<\/strong> +\/- 380 m<br \/><strong>Difficolt\u00e0:<\/strong> media<br \/><strong>Equipaggiamento:<\/strong> calzature da trekking, abbigliamento adeguato alla stagione, almeno 1 litro d\u2019acqua<\/p>\t\t\t\t\t\t\t\t<\/div>\n\t\t\t\t<\/div>\n\t\t\t\t\t<\/div>\n\t\t\t\t<\/div>\n\t\t<div class=\"elementor-element elementor-element-18f1564 e-flex e-con-boxed e-con e-parent\" data-id=\"18f1564\" data-element_type=\"container\" data-e-type=\"container\">\n\t\t\t\t\t<div class=\"e-con-inner\">\n\t\t\t\t<div class=\"elementor-element elementor-element-a7f8729 elementor-widget elementor-widget-heading\" data-id=\"a7f8729\" data-element_type=\"widget\" data-e-type=\"widget\" data-widget_type=\"heading.default\">\n\t\t\t\t<div class=\"elementor-widget-container\">\n\t\t\t\t\t<h4 class=\"elementor-heading-title elementor-size-default\">Les Balzi dell'Ora<\/h4>\t\t\t\t<\/div>\n\t\t\t\t<\/div>\n\t\t\t\t\t<\/div>\n\t\t\t\t<\/div>\n\t\t<div class=\"elementor-element elementor-element-b93c8ee e-flex e-con-boxed e-con e-parent\" data-id=\"b93c8ee\" data-element_type=\"container\" data-e-type=\"container\">\n\t\t\t\t\t<div class=\"e-con-inner\">\n\t\t\t\t<div class=\"elementor-element elementor-element-252b760 elementor-widget elementor-widget-text-editor\" data-id=\"252b760\" data-element_type=\"widget\" data-e-type=\"widget\" data-widget_type=\"text-editor.default\">\n\t\t\t\t<div class=\"elementor-widget-container\">\n\t\t\t\t\t\t\t\t\t<p>Trekking pour d\u00e9couvrir les conformations rocheuses qui composent une partie de la cr\u00eate du Corno alle Scale et qui donnent \u00e0 la zone l'apparence d'une cr\u00eate en forme.<\/p>\n<p class=\" translation-block\"><strong>D\u00e9nivel\u00e9 :<\/strong> +\/- 380 m<br><strong>Difficult\u00e9 :<\/strong> moyenne<br><strong>Equipement :<\/strong> chaussures de randonn\u00e9e, v\u00eatements adapt\u00e9s \u00e0 la saison, au moins 1 litre d'eau, panier-repas<\/p>\t\t\t\t\t\t\t\t<\/div>\n\t\t\t\t<\/div>\n\t\t\t\t\t<\/div>\n\t\t\t\t<\/div>\n\t\t<div class=\"elementor-element elementor-element-3583124 e-flex e-con-boxed e-con e-parent\" data-id=\"3583124\" data-element_type=\"container\" data-e-type=\"container\">\n\t\t\t\t\t<div class=\"e-con-inner\">\n\t\t\t\t<div class=\"elementor-element elementor-element-61683a2 elementor-widget elementor-widget-heading\" data-id=\"61683a2\" data-element_type=\"widget\" data-e-type=\"widget\" data-widget_type=\"heading.default\">\n\t\t\t\t<div class=\"elementor-widget-container\">\n\t\t\t\t\t<h4 class=\"elementor-heading-title elementor-size-default\">Les Corno alle Scale<\/h4>\t\t\t\t<\/div>\n\t\t\t\t<\/div>\n\t\t\t\t\t<\/div>\n\t\t\t\t<\/div>\n\t\t<div class=\"elementor-element elementor-element-7910cae e-flex e-con-boxed e-con e-parent\" data-id=\"7910cae\" data-element_type=\"container\" data-e-type=\"container\">\n\t\t\t\t\t<div class=\"e-con-inner\">\n\t\t\t\t<div class=\"elementor-element elementor-element-796e9d9 elementor-widget elementor-widget-text-editor\" data-id=\"796e9d9\" data-element_type=\"widget\" data-e-type=\"widget\" data-widget_type=\"text-editor.default\">\n\t\t\t\t<div class=\"elementor-widget-container\">\n\t\t\t\t\t\t\t\t\t<p>Une des excursions les plus fascinantes des montagnes de Pistoia. Du pied du lac Scaffaiolo vous continuerez jusqu'\u00e0 Punta Sofia, le sommet du Corno alle Scale, \u00e0 1 945 m\u00e8tres d'altitude.<\/p>\n<p class=\" translation-block\"><strong>Difficult\u00e9\u00a0:<\/strong> experts<br><strong>\u00c9quipement\u00a0:<\/strong> chaussures de randonn\u00e9e, v\u00eatements adapt\u00e9s \u00e0 la saison, au moins 2 litres d'eau<\/p>\t\t\t\t\t\t\t\t<\/div>\n\t\t\t\t<\/div>\n\t\t\t\t\t<\/div>\n\t\t\t\t<\/div>\n\t\t<div class=\"elementor-element elementor-element-85ed0cc e-flex e-con-boxed e-con e-parent\" data-id=\"85ed0cc\" data-element_type=\"container\" data-e-type=\"container\">\n\t\t\t\t\t<div class=\"e-con-inner\">\n\t\t\t\t<div class=\"elementor-element elementor-element-c169ac7 elementor-widget elementor-widget-heading\" data-id=\"c169ac7\" data-element_type=\"widget\" data-e-type=\"widget\" data-widget_type=\"heading.default\">\n\t\t\t\t<div class=\"elementor-widget-container\">\n\t\t\t\t\t<h4 class=\"elementor-heading-title elementor-size-default\">Mont Cupolino<\/h4>\t\t\t\t<\/div>\n\t\t\t\t<\/div>\n\t\t\t\t\t<\/div>\n\t\t\t\t<\/div>\n\t\t<div class=\"elementor-element elementor-element-7ddc422 e-flex e-con-boxed e-con e-parent\" data-id=\"7ddc422\" data-element_type=\"container\" data-e-type=\"container\">\n\t\t\t\t\t<div class=\"e-con-inner\">\n\t\t\t\t<div class=\"elementor-element elementor-element-f08e410 elementor-widget elementor-widget-text-editor\" data-id=\"f08e410\" data-element_type=\"widget\" data-e-type=\"widget\" data-widget_type=\"text-editor.default\">\n\t\t\t\t<div class=\"elementor-widget-container\">\n\t\t\t\t\t\t\t\t\t<p>Excursion vers le Monte Cupolino, \u00e0 1 852 m\u00e8tres d'altitude, sur la cr\u00eate principale des Apennins toscans-\u00e9miliens. Possibilit\u00e9 de partir de nuit pour profiter du lever du soleil au sommet.<\/p>\n<p><strong>Difficolt\u00e0:<\/strong> facile <br \/><strong>Equipaggiamento:<\/strong> calzature da trekking, abbigliamento adeguato alla stagione, macchina fotografica, torcia frontale, almeno 1 litro d\u2019acqua<\/p>\t\t\t\t\t\t\t\t<\/div>\n\t\t\t\t<\/div>\n\t\t\t\t\t<\/div>\n\t\t\t\t<\/div>\n\t\t<div class=\"elementor-element elementor-element-7970b49 e-flex e-con-boxed e-con e-parent\" data-id=\"7970b49\" data-element_type=\"container\" data-e-type=\"container\">\n\t\t\t\t\t<div class=\"e-con-inner\">\n\t\t\t\t<div class=\"elementor-element elementor-element-3507c9e elementor-widget elementor-widget-heading\" data-id=\"3507c9e\" data-element_type=\"widget\" data-e-type=\"widget\" data-widget_type=\"heading.default\">\n\t\t\t\t<div class=\"elementor-widget-container\">\n\t\t\t\t\t<h4 class=\"elementor-heading-title elementor-size-default\">Le relais de chasse du Valli<\/h4>\t\t\t\t<\/div>\n\t\t\t\t<\/div>\n\t\t\t\t\t<\/div>\n\t\t\t\t<\/div>\n\t\t<div class=\"elementor-element elementor-element-1ba0b84 e-flex e-con-boxed e-con e-parent\" data-id=\"1ba0b84\" data-element_type=\"container\" data-e-type=\"container\">\n\t\t\t\t\t<div class=\"e-con-inner\">\n\t\t\t\t<div class=\"elementor-element elementor-element-8535ad2 elementor-widget elementor-widget-text-editor\" data-id=\"8535ad2\" data-element_type=\"widget\" data-e-type=\"widget\" data-widget_type=\"text-editor.default\">\n\t\t\t\t<div class=\"elementor-widget-container\">\n\t\t\t\t\t\t\t\t\t<p>Nel cuore dei boschi per riscoprire l\u2019antico mestiere del carbonaio, un tempo molto comune e di grande importanza sulla Montagna Pistoiese.<\/p>\n<p><strong>Difficolt\u00e0:<\/strong> facile<br \/><strong>Equipaggiamento:<\/strong> calzature da trekking, abbigliamento adeguato alla stagione, almeno 1 litro d\u2019acqua<\/p>\t\t\t\t\t\t\t\t<\/div>\n\t\t\t\t<\/div>\n\t\t\t\t\t<\/div>\n\t\t\t\t<\/div>\n\t\t<div class=\"elementor-element elementor-element-23428a7 e-flex e-con-boxed e-con e-parent\" data-id=\"23428a7\" data-element_type=\"container\" data-e-type=\"container\">\n\t\t\t\t\t<div class=\"e-con-inner\">\n\t\t\t\t<div class=\"elementor-element elementor-element-5b75303 elementor-widget elementor-widget-heading\" data-id=\"5b75303\" data-element_type=\"widget\" data-e-type=\"widget\" data-widget_type=\"heading.default\">\n\t\t\t\t<div class=\"elementor-widget-container\">\n\t\t\t\t\t<h4 class=\"elementor-heading-title elementor-size-default\">Contatti e info<\/h4>\t\t\t\t<\/div>\n\t\t\t\t<\/div>\n\t\t\t\t\t<\/div>\n\t\t\t\t<\/div>\n\t\t<div class=\"elementor-element elementor-element-789ec04 e-flex e-con-boxed e-con e-parent\" data-id=\"789ec04\" data-element_type=\"container\" data-e-type=\"container\">\n\t\t\t\t\t<div class=\"e-con-inner\">\n\t\t\t\t<div class=\"elementor-element elementor-element-5d0183d elementor-widget elementor-widget-text-editor\" data-id=\"5d0183d\" data-element_type=\"widget\" data-e-type=\"widget\" data-widget_type=\"text-editor.default\">\n\t\t\t\t<div class=\"elementor-widget-container\">\n\t\t\t\t\t\t\t\t\t<p>+39 366 391 1660<br><\/p>\t\t\t\t\t\t\t\t<\/div>\n\t\t\t\t<\/div>\n\t\t\t\t\t<\/div>\n\t\t\t\t<\/div>\n\t\t<div class=\"elementor-element elementor-element-af7a017 e-flex e-con-boxed e-con e-parent\" data-id=\"af7a017\" data-element_type=\"container\" data-e-type=\"container\">\n\t\t\t\t\t<div class=\"e-con-inner\">\n\t\t\t\t<div class=\"elementor-element elementor-element-022e4f8 elementor-widget elementor-widget-spacer\" data-id=\"022e4f8\" data-element_type=\"widget\" data-e-type=\"widget\" data-widget_type=\"spacer.default\">\n\t\t\t\t<div class=\"elementor-widget-container\">\n\t\t\t\t\t\t\t<div class=\"elementor-spacer\">\n\t\t\t<div class=\"elementor-spacer-inner\"><\/div>\n\t\t<\/div>\n\t\t\t\t\t\t<\/div>\n\t\t\t\t<\/div>\n\t\t\t\t\t<\/div>\n\t\t\t\t<\/div>\n\t\t\t\t<\/div>","protected":false},"excerpt":{"rendered":"<p>La Doganaccia propone una serie di escursioni, anche su richiesta, in collaborazione con\u00a0Kalimera Tour Operator. Il Lago Scaffaiolo Escursione per assistere allo spettacolo del sole che tramonta sul lago. Cena presso il Rifugio il Duca degli Abruzzi, il pi\u00f9 antico rifugio della zona. Rientro con le torce frontali. Possibilit\u00e0 di escursione al tramonto e in<br \/><a class=\"moretag\" href=\"https:\/\/doga1.etarom.it\/fr\/territoire-10\/\">+ Read More<\/a><\/p>","protected":false},"author":1,"featured_media":3498,"parent":0,"menu_order":0,"comment_status":"closed","ping_status":"closed","template":"PageAttivitaSidebar.php","meta":{"_eb_attr":"","footnotes":""},"class_list":["post-3409","page","type-page","status-publish","has-post-thumbnail","hentry"],"_links":{"self":[{"href":"https:\/\/doga1.etarom.it\/fr\/wp-json\/wp\/v2\/pages\/3409","targetHints":{"allow":["GET"]}}],"collection":[{"href":"https:\/\/doga1.etarom.it\/fr\/wp-json\/wp\/v2\/pages"}],"about":[{"href":"https:\/\/doga1.etarom.it\/fr\/wp-json\/wp\/v2\/types\/page"}],"author":[{"embeddable":true,"href":"https:\/\/doga1.etarom.it\/fr\/wp-json\/wp\/v2\/users\/1"}],"replies":[{"embeddable":true,"href":"https:\/\/doga1.etarom.it\/fr\/wp-json\/wp\/v2\/comments?post=3409"}],"version-history":[{"count":28,"href":"https:\/\/doga1.etarom.it\/fr\/wp-json\/wp\/v2\/pages\/3409\/revisions"}],"predecessor-version":[{"id":4605,"href":"https:\/\/doga1.etarom.it\/fr\/wp-json\/wp\/v2\/pages\/3409\/revisions\/4605"}],"wp:featuredmedia":[{"embeddable":true,"href":"https:\/\/doga1.etarom.it\/fr\/wp-json\/wp\/v2\/media\/3498"}],"wp:attachment":[{"href":"https:\/\/doga1.etarom.it\/fr\/wp-json\/wp\/v2\/media?parent=3409"}],"curies":[{"name":"wp","href":"https:\/\/api.w.org\/{rel}","templated":true}]}}