{"id":3523,"date":"2024-02-14T17:08:14","date_gmt":"2024-02-14T16:08:14","guid":{"rendered":"https:\/\/doga1.etarom.it\/?page_id=3523"},"modified":"2024-03-01T17:43:13","modified_gmt":"2024-03-01T16:43:13","slug":"attivita","status":"publish","type":"page","link":"https:\/\/doga1.etarom.it\/fr\/attivita\/","title":{"rendered":"Activit\u00e9"},"content":{"rendered":"<div data-elementor-type=\"wp-page\" data-elementor-id=\"3523\" class=\"elementor elementor-3523\">\n\t\t\t\t\t\t<section class=\"elementor-section elementor-top-section elementor-element elementor-element-1ea64bac elementor-section-full_width home-section4 elementor-section-height-default elementor-section-height-default\" data-id=\"1ea64bac\" data-element_type=\"section\" data-e-type=\"section\">\n\t\t\t\t\t\t<div class=\"elementor-container elementor-column-gap-no\">\n\t\t\t\t\t<div class=\"elementor-column elementor-col-100 elementor-top-column elementor-element elementor-element-311b5159\" data-id=\"311b5159\" data-element_type=\"column\" data-e-type=\"column\">\n\t\t\t<div class=\"elementor-widget-wrap elementor-element-populated\">\n\t\t\t\t\t\t<section class=\"elementor-section elementor-inner-section elementor-element elementor-element-5f900203 elementor-section-full_width elementor-section-height-default elementor-section-height-default\" data-id=\"5f900203\" data-element_type=\"section\" data-e-type=\"section\">\n\t\t\t\t\t\t<div class=\"elementor-container elementor-column-gap-default\">\n\t\t\t\t\t<div class=\"elementor-column elementor-col-50 elementor-inner-column elementor-element elementor-element-7eca9ad7\" data-id=\"7eca9ad7\" data-element_type=\"column\" data-e-type=\"column\">\n\t\t\t<div class=\"elementor-widget-wrap\">\n\t\t\t\t\t\t\t<\/div>\n\t\t<\/div>\n\t\t\t\t<div class=\"elementor-column elementor-col-50 elementor-inner-column elementor-element elementor-element-67610512\" data-id=\"67610512\" data-element_type=\"column\" data-e-type=\"column\" data-settings=\"{&quot;background_background&quot;:&quot;classic&quot;}\">\n\t\t\t<div class=\"elementor-widget-wrap elementor-element-populated\">\n\t\t\t\t\t\t<div class=\"elementor-element elementor-element-2ba8d65 elementor-widget elementor-widget-heading\" data-id=\"2ba8d65\" data-element_type=\"widget\" data-e-type=\"widget\" data-widget_type=\"heading.default\">\n\t\t\t\t<div class=\"elementor-widget-container\">\n\t\t\t\t\t<div class=\"elementor-heading-title elementor-size-default\">Activit\u00e9<\/div>\t\t\t\t<\/div>\n\t\t\t\t<\/div>\n\t\t\t\t<div class=\"elementor-element elementor-element-7ecb4977 elementor-widget elementor-widget-heading\" data-id=\"7ecb4977\" data-element_type=\"widget\" data-e-type=\"widget\" data-widget_type=\"heading.default\">\n\t\t\t\t<div class=\"elementor-widget-container\">\n\t\t\t\t\t<div class=\"elementor-heading-title elementor-size-default\">D\u00e9couvrez les montagnes<\/div>\t\t\t\t<\/div>\n\t\t\t\t<\/div>\n\t\t\t\t\t<\/div>\n\t\t<\/div>\n\t\t\t\t\t<\/div>\n\t\t<\/section>\n\t\t\t\t<section class=\"elementor-section elementor-inner-section elementor-element elementor-element-1ce0eb85 elementor-section-full_width elementor-section-height-default elementor-section-height-default\" data-id=\"1ce0eb85\" data-element_type=\"section\" data-e-type=\"section\">\n\t\t\t\t\t\t<div class=\"elementor-container elementor-column-gap-no\">\n\t\t\t\t\t<div class=\"elementor-column elementor-col-50 elementor-inner-column elementor-element elementor-element-2807c9ae\" data-id=\"2807c9ae\" data-element_type=\"column\" data-e-type=\"column\">\n\t\t\t<div class=\"elementor-widget-wrap elementor-element-populated\">\n\t\t\t\t\t\t<section class=\"elementor-section elementor-inner-section elementor-element elementor-element-230593d3 elementor-section-full_width elementor-section-height-default elementor-section-height-default\" data-id=\"230593d3\" data-element_type=\"section\" data-e-type=\"section\">\n\t\t\t\t\t\t<div class=\"elementor-container elementor-column-gap-default\">\n\t\t\t\t\t<div class=\"elementor-column elementor-col-100 elementor-inner-column elementor-element elementor-element-3d91ab5e top-destination\" data-id=\"3d91ab5e\" data-element_type=\"column\" data-e-type=\"column\">\n\t\t\t<div class=\"elementor-widget-wrap elementor-element-populated\">\n\t\t\t\t\t\t<div class=\"elementor-element elementor-element-653c93f0 elementor-widget elementor-widget-image\" data-id=\"653c93f0\" data-element_type=\"widget\" data-e-type=\"widget\" data-widget_type=\"image.default\">\n\t\t\t\t<div class=\"elementor-widget-container\">\n\t\t\t\t\t\t\t\t\t\t\t\t\t\t\t<img fetchpriority=\"high\" decoding=\"async\" width=\"724\" height=\"800\" src=\"https:\/\/doga1.etarom.it\/wp-content\/uploads\/2024\/03\/Doganaccia-panorami-1-Copia.jpg\" class=\"attachment-full size-full wp-image-4158\" alt=\"Doganaccia panorami\" srcset=\"https:\/\/doga1.etarom.it\/wp-content\/uploads\/2024\/03\/Doganaccia-panorami-1-Copia.jpg 724w, https:\/\/doga1.etarom.it\/wp-content\/uploads\/2024\/03\/Doganaccia-panorami-1-Copia-272x300.jpg 272w, https:\/\/doga1.etarom.it\/wp-content\/uploads\/2024\/03\/Doganaccia-panorami-1-Copia-11x12.jpg 11w\" sizes=\"(max-width: 724px) 100vw, 724px\" \/>\t\t\t\t\t\t\t\t\t\t\t\t\t\t\t<\/div>\n\t\t\t\t<\/div>\n\t\t\t\t<div class=\"elementor-element elementor-element-8d69e69 elementor-absolute elementor-widget elementor-widget-image-box\" data-id=\"8d69e69\" data-element_type=\"widget\" data-e-type=\"widget\" data-settings=\"{&quot;_position&quot;:&quot;absolute&quot;}\" data-widget_type=\"image-box.default\">\n\t\t\t\t<div class=\"elementor-widget-container\">\n\t\t\t\t\t<div class=\"elementor-image-box-wrapper\"><div class=\"elementor-image-box-content\"><div class=\"elementor-image-box-title\"><a href=\"\/escursioni\/\">Des vues incontournables<\/a><\/div><p class=\"elementor-image-box-description\">La terrasse sur les Apennins<\/p><\/div><\/div>\t\t\t\t<\/div>\n\t\t\t\t<\/div>\n\t\t\t\t\t<\/div>\n\t\t<\/div>\n\t\t\t\t\t<\/div>\n\t\t<\/section>\n\t\t\t\t\t<\/div>\n\t\t<\/div>\n\t\t\t\t<div class=\"elementor-column elementor-col-50 elementor-inner-column elementor-element elementor-element-3256b413\" data-id=\"3256b413\" data-element_type=\"column\" data-e-type=\"column\">\n\t\t\t<div class=\"elementor-widget-wrap elementor-element-populated\">\n\t\t\t\t\t\t<section class=\"elementor-section elementor-inner-section elementor-element elementor-element-3dc30308 elementor-section-full_width elementor-section-height-default elementor-section-height-default\" data-id=\"3dc30308\" data-element_type=\"section\" data-e-type=\"section\">\n\t\t\t\t\t\t<div class=\"elementor-container elementor-column-gap-no\">\n\t\t\t\t\t<div class=\"elementor-column elementor-col-50 elementor-inner-column elementor-element elementor-element-57b5a6a4 top-destination\" data-id=\"57b5a6a4\" data-element_type=\"column\" data-e-type=\"column\">\n\t\t\t<div class=\"elementor-widget-wrap elementor-element-populated\">\n\t\t\t\t\t\t<div class=\"elementor-element elementor-element-7a9baf4f elementor-widget elementor-widget-image\" data-id=\"7a9baf4f\" data-element_type=\"widget\" data-e-type=\"widget\" data-widget_type=\"image.default\">\n\t\t\t\t<div class=\"elementor-widget-container\">\n\t\t\t\t\t\t\t\t\t\t\t\t\t\t\t<img decoding=\"async\" width=\"370\" height=\"375\" src=\"https:\/\/doga1.etarom.it\/wp-content\/uploads\/2024\/03\/Funivia-Cutigliano-Doganaccia-2.png\" class=\"attachment-full size-full wp-image-4157\" alt=\"Funivia-Cutigliano-Doganaccia-2\" srcset=\"https:\/\/doga1.etarom.it\/wp-content\/uploads\/2024\/03\/Funivia-Cutigliano-Doganaccia-2.png 370w, https:\/\/doga1.etarom.it\/wp-content\/uploads\/2024\/03\/Funivia-Cutigliano-Doganaccia-2-296x300.png 296w, https:\/\/doga1.etarom.it\/wp-content\/uploads\/2024\/03\/Funivia-Cutigliano-Doganaccia-2-12x12.png 12w\" sizes=\"(max-width: 370px) 100vw, 370px\" \/>\t\t\t\t\t\t\t\t\t\t\t\t\t\t\t<\/div>\n\t\t\t\t<\/div>\n\t\t\t\t<div class=\"elementor-element elementor-element-271e345a elementor-absolute elementor-widget elementor-widget-image-box\" data-id=\"271e345a\" data-element_type=\"widget\" data-e-type=\"widget\" data-settings=\"{&quot;_position&quot;:&quot;absolute&quot;}\" data-widget_type=\"image-box.default\">\n\t\t\t\t<div class=\"elementor-widget-container\">\n\t\t\t\t\t<div class=\"elementor-image-box-wrapper\"><div class=\"elementor-image-box-content\"><div class=\"elementor-image-box-title\"><a href=\"\/funivia\/\">T\u00e9l\u00e9ph\u00e9rique<\/a><\/div><p class=\"elementor-image-box-description\">Horaires et ouvertures<\/p><\/div><\/div>\t\t\t\t<\/div>\n\t\t\t\t<\/div>\n\t\t\t\t\t<\/div>\n\t\t<\/div>\n\t\t\t\t<div class=\"elementor-column elementor-col-50 elementor-inner-column elementor-element elementor-element-5a630e3e top-destination\" data-id=\"5a630e3e\" data-element_type=\"column\" data-e-type=\"column\">\n\t\t\t<div class=\"elementor-widget-wrap elementor-element-populated\">\n\t\t\t\t\t\t<div class=\"elementor-element elementor-element-4bf5d644 elementor-widget elementor-widget-image\" data-id=\"4bf5d644\" data-element_type=\"widget\" data-e-type=\"widget\" data-widget_type=\"image.default\">\n\t\t\t\t<div class=\"elementor-widget-container\">\n\t\t\t\t\t\t\t\t\t\t\t\t\t\t\t<img decoding=\"async\" width=\"370\" height=\"375\" src=\"https:\/\/doga1.etarom.it\/wp-content\/uploads\/2024\/03\/Orienteering-Doganaccia-montagna-pistoiese.jpg\" class=\"attachment-full size-full wp-image-4141\" alt=\"Orienteering - Doganaccia - montagna pistoiese\" srcset=\"https:\/\/doga1.etarom.it\/wp-content\/uploads\/2024\/03\/Orienteering-Doganaccia-montagna-pistoiese.jpg 370w, https:\/\/doga1.etarom.it\/wp-content\/uploads\/2024\/03\/Orienteering-Doganaccia-montagna-pistoiese-296x300.jpg 296w, https:\/\/doga1.etarom.it\/wp-content\/uploads\/2024\/03\/Orienteering-Doganaccia-montagna-pistoiese-12x12.jpg 12w\" sizes=\"(max-width: 370px) 100vw, 370px\" \/>\t\t\t\t\t\t\t\t\t\t\t\t\t\t\t<\/div>\n\t\t\t\t<\/div>\n\t\t\t\t<div class=\"elementor-element elementor-element-4c05baca elementor-absolute elementor-widget elementor-widget-image-box\" data-id=\"4c05baca\" data-element_type=\"widget\" data-e-type=\"widget\" data-settings=\"{&quot;_position&quot;:&quot;absolute&quot;}\" data-widget_type=\"image-box.default\">\n\t\t\t\t<div class=\"elementor-widget-container\">\n\t\t\t\t\t<div class=\"elementor-image-box-wrapper\"><div class=\"elementor-image-box-content\"><div class=\"elementor-image-box-title\"><a href=\"\/escursioni\/\">Course d'orientation<\/a><\/div><p class=\"elementor-image-box-description\">Apprendre en s'amusant<\/p><\/div><\/div>\t\t\t\t<\/div>\n\t\t\t\t<\/div>\n\t\t\t\t\t<\/div>\n\t\t<\/div>\n\t\t\t\t\t<\/div>\n\t\t<\/section>\n\t\t\t\t<section class=\"elementor-section elementor-inner-section elementor-element elementor-element-50fdbea8 elementor-section-full_width elementor-section-height-default elementor-section-height-default\" data-id=\"50fdbea8\" data-element_type=\"section\" data-e-type=\"section\">\n\t\t\t\t\t\t<div class=\"elementor-container elementor-column-gap-no\">\n\t\t\t\t\t<div class=\"elementor-column elementor-col-50 elementor-inner-column elementor-element elementor-element-5625d6e5 top-destination\" data-id=\"5625d6e5\" data-element_type=\"column\" data-e-type=\"column\">\n\t\t\t<div class=\"elementor-widget-wrap elementor-element-populated\">\n\t\t\t\t\t\t<div class=\"elementor-element elementor-element-425adcd5 elementor-widget elementor-widget-image\" data-id=\"425adcd5\" data-element_type=\"widget\" data-e-type=\"widget\" data-widget_type=\"image.default\">\n\t\t\t\t<div class=\"elementor-widget-container\">\n\t\t\t\t\t\t\t\t\t\t\t\t\t\t\t<img loading=\"lazy\" decoding=\"async\" width=\"370\" height=\"375\" src=\"https:\/\/doga1.etarom.it\/wp-content\/uploads\/2024\/02\/Bob-su-rotaia_box.jpg\" class=\"attachment-full size-full wp-image-3540\" alt=\"Attivit\u00e0 alla Doganaccia 2000 - Bob su rotaia - immagine\" srcset=\"https:\/\/doga1.etarom.it\/wp-content\/uploads\/2024\/02\/Bob-su-rotaia_box.jpg 370w, https:\/\/doga1.etarom.it\/wp-content\/uploads\/2024\/02\/Bob-su-rotaia_box-296x300.jpg 296w, https:\/\/doga1.etarom.it\/wp-content\/uploads\/2024\/02\/Bob-su-rotaia_box-12x12.jpg 12w\" sizes=\"(max-width: 370px) 100vw, 370px\" \/>\t\t\t\t\t\t\t\t\t\t\t\t\t\t\t<\/div>\n\t\t\t\t<\/div>\n\t\t\t\t<div class=\"elementor-element elementor-element-5c5948dd elementor-absolute elementor-widget elementor-widget-image-box\" data-id=\"5c5948dd\" data-element_type=\"widget\" data-e-type=\"widget\" data-settings=\"{&quot;_position&quot;:&quot;absolute&quot;}\" data-widget_type=\"image-box.default\">\n\t\t\t\t<div class=\"elementor-widget-container\">\n\t\t\t\t\t<div class=\"elementor-image-box-wrapper\"><div class=\"elementor-image-box-content\"><div class=\"elementor-image-box-title\"><a href=\"https:\/\/sktperfectdemo.com\/demos\/adventure\/tours-category\/himalaya\/\">Bobsleigh sur rails<\/a><\/div><p class=\"elementor-image-box-description\">Adr\u00e9naline pour tous<\/p><\/div><\/div>\t\t\t\t<\/div>\n\t\t\t\t<\/div>\n\t\t\t\t\t<\/div>\n\t\t<\/div>\n\t\t\t\t<div class=\"elementor-column elementor-col-50 elementor-inner-column elementor-element elementor-element-49a6a0e9 top-destination\" data-id=\"49a6a0e9\" data-element_type=\"column\" data-e-type=\"column\">\n\t\t\t<div class=\"elementor-widget-wrap elementor-element-populated\">\n\t\t\t\t\t\t<div class=\"elementor-element elementor-element-460ff2bc elementor-widget elementor-widget-image\" data-id=\"460ff2bc\" data-element_type=\"widget\" data-e-type=\"widget\" data-widget_type=\"image.default\">\n\t\t\t\t<div class=\"elementor-widget-container\">\n\t\t\t\t\t\t\t\t\t\t\t\t\t\t\t<img loading=\"lazy\" decoding=\"async\" width=\"370\" height=\"375\" src=\"https:\/\/doga1.etarom.it\/wp-content\/uploads\/2024\/03\/Mtb-e-downhill-1.png\" class=\"attachment-full size-full wp-image-4147\" alt=\"\" srcset=\"https:\/\/doga1.etarom.it\/wp-content\/uploads\/2024\/03\/Mtb-e-downhill-1.png 370w, https:\/\/doga1.etarom.it\/wp-content\/uploads\/2024\/03\/Mtb-e-downhill-1-296x300.png 296w, https:\/\/doga1.etarom.it\/wp-content\/uploads\/2024\/03\/Mtb-e-downhill-1-12x12.png 12w\" sizes=\"(max-width: 370px) 100vw, 370px\" \/>\t\t\t\t\t\t\t\t\t\t\t\t\t\t\t<\/div>\n\t\t\t\t<\/div>\n\t\t\t\t<div class=\"elementor-element elementor-element-6efeff0a elementor-absolute elementor-widget elementor-widget-image-box\" data-id=\"6efeff0a\" data-element_type=\"widget\" data-e-type=\"widget\" data-settings=\"{&quot;_position&quot;:&quot;absolute&quot;}\" data-widget_type=\"image-box.default\">\n\t\t\t\t<div class=\"elementor-widget-container\">\n\t\t\t\t\t<div class=\"elementor-image-box-wrapper\"><div class=\"elementor-image-box-content\"><div class=\"elementor-image-box-title\"><a href=\"https:\/\/sktperfectdemo.com\/demos\/adventure\/tours-category\/france\/\">MTB e downhill<\/a><\/div><p class=\"elementor-image-box-description\">Traqu\u00e9 \u00e0 travers les bois<\/p><\/div><\/div>\t\t\t\t<\/div>\n\t\t\t\t<\/div>\n\t\t\t\t\t<\/div>\n\t\t<\/div>\n\t\t\t\t\t<\/div>\n\t\t<\/section>\n\t\t\t\t\t<\/div>\n\t\t<\/div>\n\t\t\t\t\t<\/div>\n\t\t<\/section>\n\t\t\t\t<section class=\"elementor-section elementor-inner-section elementor-element elementor-element-163c4c35 elementor-section-full_width all-destinationbtn elementor-section-height-default elementor-section-height-default\" data-id=\"163c4c35\" data-element_type=\"section\" data-e-type=\"section\">\n\t\t\t\t\t\t<div class=\"elementor-container elementor-column-gap-no\">\n\t\t\t\t\t<div class=\"elementor-column elementor-col-25 elementor-inner-column elementor-element elementor-element-70771366\" data-id=\"70771366\" data-element_type=\"column\" data-e-type=\"column\">\n\t\t\t<div class=\"elementor-widget-wrap\">\n\t\t\t\t\t\t\t<\/div>\n\t\t<\/div>\n\t\t\t\t<div class=\"elementor-column elementor-col-25 elementor-inner-column elementor-element elementor-element-1fce6704 destination-btn\" data-id=\"1fce6704\" data-element_type=\"column\" data-e-type=\"column\" data-settings=\"{&quot;background_background&quot;:&quot;classic&quot;}\">\n\t\t\t<div class=\"elementor-widget-wrap elementor-element-populated\">\n\t\t\t\t\t\t<div class=\"elementor-element elementor-element-4df48a34 elementor-align-center elementor-widget elementor-widget-button\" data-id=\"4df48a34\" data-element_type=\"widget\" data-e-type=\"widget\" data-widget_type=\"button.default\">\n\t\t\t\t<div class=\"elementor-widget-container\">\n\t\t\t\t\t\t\t\t\t<div class=\"elementor-button-wrapper\">\n\t\t\t\t\t<a class=\"elementor-button elementor-button-link elementor-size-sm\" href=\"https:\/\/sktperfectdemo.com\/demos\/adventure\/destination\/\">\n\t\t\t\t\t\t<span class=\"elementor-button-content-wrapper\">\n\t\t\t\t\t\t\t\t\t<span class=\"elementor-button-text\">Explorer<\/span>\n\t\t\t\t\t<\/span>\n\t\t\t\t\t<\/a>\n\t\t\t\t<\/div>\n\t\t\t\t\t\t\t\t<\/div>\n\t\t\t\t<\/div>\n\t\t\t\t<div class=\"elementor-element elementor-element-5a15783f elementor-align-center elementor-widget elementor-widget-button\" data-id=\"5a15783f\" data-element_type=\"widget\" data-e-type=\"widget\" data-widget_type=\"button.default\">\n\t\t\t\t<div class=\"elementor-widget-container\">\n\t\t\t\t\t\t\t\t\t<div class=\"elementor-button-wrapper\">\n\t\t\t\t\t<a class=\"elementor-button elementor-button-link elementor-size-sm\" href=\"\/attivita\">\n\t\t\t\t\t\t<span class=\"elementor-button-content-wrapper\">\n\t\t\t\t\t\t\t\t\t<span class=\"elementor-button-text\">Exp\u00e9riences<\/span>\n\t\t\t\t\t<\/span>\n\t\t\t\t\t<\/a>\n\t\t\t\t<\/div>\n\t\t\t\t\t\t\t\t<\/div>\n\t\t\t\t<\/div>\n\t\t\t\t\t<\/div>\n\t\t<\/div>\n\t\t\t\t<div class=\"elementor-column elementor-col-25 elementor-inner-column elementor-element elementor-element-38fc87c2\" data-id=\"38fc87c2\" data-element_type=\"column\" data-e-type=\"column\">\n\t\t\t<div class=\"elementor-widget-wrap\">\n\t\t\t\t\t\t\t<\/div>\n\t\t<\/div>\n\t\t\t\t<div class=\"elementor-column elementor-col-25 elementor-inner-column elementor-element elementor-element-1c17378d\" data-id=\"1c17378d\" data-element_type=\"column\" data-e-type=\"column\">\n\t\t\t<div class=\"elementor-widget-wrap\">\n\t\t\t\t\t\t\t<\/div>\n\t\t<\/div>\n\t\t\t\t\t<\/div>\n\t\t<\/section>\n\t\t\t\t\t<\/div>\n\t\t<\/div>\n\t\t\t\t\t<\/div>\n\t\t<\/section>\n\t\t\t\t<\/div>","protected":false},"excerpt":{"rendered":"<p>Attivit\u00e0 Vivi la montagna Panorami imperdibili La terrazza sull&#8217;Appennino Funivia Orari e aperture Orienteering Imparare divertendosi Bob su rotaia Adrenalina per tutti MTB e downhill Tracciati tra i boschi Esplora Esperienze<\/p>","protected":false},"author":1,"featured_media":3745,"parent":0,"menu_order":0,"comment_status":"closed","ping_status":"closed","template":"templates\/page-fullwidth_template.php","meta":{"_eb_attr":"","footnotes":""},"class_list":["post-3523","page","type-page","status-publish","has-post-thumbnail","hentry"],"_links":{"self":[{"href":"https:\/\/doga1.etarom.it\/fr\/wp-json\/wp\/v2\/pages\/3523","targetHints":{"allow":["GET"]}}],"collection":[{"href":"https:\/\/doga1.etarom.it\/fr\/wp-json\/wp\/v2\/pages"}],"about":[{"href":"https:\/\/doga1.etarom.it\/fr\/wp-json\/wp\/v2\/types\/page"}],"author":[{"embeddable":true,"href":"https:\/\/doga1.etarom.it\/fr\/wp-json\/wp\/v2\/users\/1"}],"replies":[{"embeddable":true,"href":"https:\/\/doga1.etarom.it\/fr\/wp-json\/wp\/v2\/comments?post=3523"}],"version-history":[{"count":110,"href":"https:\/\/doga1.etarom.it\/fr\/wp-json\/wp\/v2\/pages\/3523\/revisions"}],"predecessor-version":[{"id":4276,"href":"https:\/\/doga1.etarom.it\/fr\/wp-json\/wp\/v2\/pages\/3523\/revisions\/4276"}],"wp:featuredmedia":[{"embeddable":true,"href":"https:\/\/doga1.etarom.it\/fr\/wp-json\/wp\/v2\/media\/3745"}],"wp:attachment":[{"href":"https:\/\/doga1.etarom.it\/fr\/wp-json\/wp\/v2\/media?parent=3523"}],"curies":[{"name":"wp","href":"https:\/\/api.w.org\/{rel}","templated":true}]}}